{"id":533,"date":"2025-11-18T13:55:47","date_gmt":"2025-11-18T13:55:47","guid":{"rendered":"https:\/\/terraexact.de\/?page_id=533"},"modified":"2025-11-19T08:29:01","modified_gmt":"2025-11-19T08:29:01","slug":"rtk-korrektursignal","status":"publish","type":"page","link":"https:\/\/terraexact.de\/index.php\/rtk-korrektursignal\/","title":{"rendered":"RTK Korrektursignal"},"content":{"rendered":"\n[et_pb_section fb_built=&#8220;1&#8243; admin_label=&#8220;Header&#8220; _builder_version=&#8220;4.27.4&#8243; _module_preset=&#8220;default&#8220; background_color=&#8220;#e5e5e5&#8243; custom_padding=&#8220;0px||0px||true|false&#8220; collapsed=&#8220;on&#8220; global_colors_info=&#8220;{}&#8220;][et_pb_row column_structure=&#8220;1_2,1_2&#8243; use_custom_gutter=&#8220;on&#8220; gutter_width=&#8220;1&#8243; make_equal=&#8220;on&#8220; _builder_version=&#8220;4.27.4&#8243; _module_preset=&#8220;default&#8220; background_position=&#8220;top_center&#8220; width=&#8220;100%&#8220; max_width=&#8220;none&#8220; custom_padding=&#8220;0px||0px||true|false&#8220; global_colors_info=&#8220;{}&#8220;][et_pb_column type=&#8220;1_2&#8243; _builder_version=&#8220;4.27.4&#8243; _module_preset=&#8220;default&#8220; background_color=&#8220;#FFFFFF&#8220; background_image=&#8220;https:\/\/terraexact.de\/wp-content\/uploads\/2025\/11\/topcon_TopnetLive_Agriculture_20210625-0001_A_pho-original-scaled.jpeg&#8220; parallax=&#8220;on&#8220; custom_padding=&#8220;10%|5%|10%|5%|true|true&#8220; global_colors_info=&#8220;{}&#8220;][et_pb_heading title=&#8220;RTK &#8211; Korrektursignal&#8220; _builder_version=&#8220;4.27.4&#8243; _module_preset=&#8220;674ead84-2c3e-46c1-b20f-d757367635cd&#8220; title_text_align=&#8220;center&#8220; title_text_color=&#8220;#FFFFFF&#8220; custom_margin=&#8220;2px||10px||false|false&#8220; global_colors_info=&#8220;{}&#8220;][\/et_pb_heading][et_pb_heading title=&#8220;Topnet Live von Topcon&#8220; _builder_version=&#8220;4.27.4&#8243; _module_preset=&#8220;016531d7-dbeb-4a7b-a364-517d8552a5e8&#8243; title_text_align=&#8220;center&#8220; title_text_color=&#8220;#FFFFFF&#8220; global_colors_info=&#8220;{}&#8220;][\/et_pb_heading][et_pb_image src=&#8220;https:\/\/terraexact.de\/wp-content\/uploads\/2025\/11\/topcon_AGS-2_massey-ferguson_20210917-005_A_pho-original-scaled.jpeg&#8220; title_text=&#8220;topcon_AGS-2_massey-ferguson_20210917-005_A_pho (original)&#8220; align=&#8220;center&#8220; _builder_version=&#8220;4.27.4&#8243; _module_preset=&#8220;default&#8220; width=&#8220;60%&#8220; module_alignment=&#8220;center&#8220; custom_margin=&#8220;||30px||false|false&#8220; animation_style=&#8220;slide&#8220; animation_speed_curve=&#8220;ease&#8220; global_colors_info=&#8220;{}&#8220;][\/et_pb_image][et_pb_button button_url=&#8220;https:\/\/terraexact.de\/?page_id=100&#038;et_fb=1&#038;PageSpeed=off&#8220; button_text=&#8220;Jetzt anfragen&#8220; button_alignment=&#8220;center&#8220; _builder_version=&#8220;4.27.4&#8243; _module_preset=&#8220;42a090f9-a74c-4a0a-875b-62b1818519d6&#8243; global_colors_info=&#8220;{}&#8220;][\/et_pb_button][\/et_pb_column][et_pb_column type=&#8220;1_2&#8243; _builder_version=&#8220;4.27.4&#8243; _module_preset=&#8220;default&#8220; background_image=&#8220;https:\/\/terraexact.de\/wp-content\/uploads\/2025\/11\/topcon_TopnetLive_Earthmoving_20210625-0001_A_pho-original-scaled.jpeg&#8220; parallax=&#8220;on&#8220; global_colors_info=&#8220;{}&#8220;][et_pb_divider show_divider=&#8220;off&#8220; _builder_version=&#8220;4.25.1&#8243; _module_preset=&#8220;default&#8220; height_tablet=&#8220;50vw&#8220; height_phone=&#8220;50vw&#8220; height_last_edited=&#8220;on|phone&#8220; global_colors_info=&#8220;{}&#8220;][\/et_pb_divider][\/et_pb_column][\/et_pb_row][\/et_pb_section][et_pb_section fb_built=&#8220;1&#8243; admin_label=&#8220;About&#8220; _builder_version=&#8220;4.25.1&#8243; _module_preset=&#8220;default&#8220; collapsed=&#8220;on&#8220; global_colors_info=&#8220;{}&#8220;][et_pb_row _builder_version=&#8220;4.27.4&#8243; _module_preset=&#8220;default&#8220; global_colors_info=&#8220;{}&#8220;][et_pb_column type=&#8220;4_4&#8243; _builder_version=&#8220;4.25.1&#8243; _module_preset=&#8220;default&#8220; global_colors_info=&#8220;{}&#8220;][et_pb_heading title=&#8220;Topnet Live: Pr\u00e4zision, die verbindet.&#8220; _builder_version=&#8220;4.27.4&#8243; _module_preset=&#8220;a986f848-2fa1-4cae-bb03-486a5ec1f8f4&#8243; title_text_align=&#8220;left&#8220; title_text_color=&#8220;#000000&#8243; custom_margin=&#8220;||10px||false|false&#8220; global_colors_info=&#8220;{}&#8220;][\/et_pb_heading][et_pb_text _builder_version=&#8220;4.27.4&#8243; _module_preset=&#8220;288fa487-e463-41f1-a16a-df824c82873d&#8220; custom_padding=&#8220;||1px|||&#8220; global_colors_info=&#8220;{}&#8220;]<p data-path-to-node=\"2\"><b>Topnet Live<\/b> ist der professionelle GNSS-Korrekturdienst von Topcon, der Anwendern in Bauwesen, Vermessung und Landwirtschaft die n\u00f6tige RTK-Genauigkeit liefert. Das leistungsstarke Netzwerkkonzept macht aufwendige Basisstationen \u00fcberfl\u00fcssig, erm\u00f6glicht einen sofortigen Arbeitsbeginn und steigert Ihre Produktivit\u00e4t signifikant. Verlassen Sie sich auf die konsistente, fl\u00e4chendeckende Stabilit\u00e4t des Netzwerks, welche eine h\u00f6here Verf\u00fcgbarkeit und Zuverl\u00e4ssigkeit gew\u00e4hrleistet als lokale Einzell\u00f6sungen. Topnet Live ist die smarte Entscheidung f\u00fcr alle, die h\u00f6chste Pr\u00e4zision ohne Kompromisse fordern.<\/p>\n<p data-path-to-node=\"3\">Die globale Skalierbarkeit und Flexibilit\u00e4t sind die weiteren Kernst\u00e4rken des Dienstes. Topnet Live bietet Ihnen die Wahl, Korrekturdaten wahlweise \u00fcber <b>NTRIP<\/b> (Mobilfunk) oder das satellitengest\u00fctzte <b>L-Band<\/b> zu empfangen. Diese Flexibilit\u00e4t sichert Ihnen Zentimeter-Genauigkeit, egal ob bei der pr\u00e4zisen Maschinensteuerung im Bauwesen, der effizienten Erfassung von Geodaten in der Vermessung oder der exakten Spurf\u00fchrung in der Landwirtschaft.<\/p>[\/et_pb_text][\/et_pb_column][\/et_pb_row][et_pb_row column_structure=&#8220;1_4,1_4,1_4,1_4&#8243; _builder_version=&#8220;4.27.4&#8243; _module_preset=&#8220;default&#8220; global_colors_info=&#8220;{}&#8220;][et_pb_column type=&#8220;1_4&#8243; _builder_version=&#8220;4.27.4&#8243; _module_preset=&#8220;default&#8220; global_colors_info=&#8220;{}&#8220;][et_pb_number_counter title=&#8220;Basisstationen in Deutschland&#8220; number=&#8220;216&#8243; _builder_version=&#8220;4.27.4&#8243; _module_preset=&#8220;f704366e-2e30-4fb6-981d-8809930c205d&#8220; number_text_color=&#8220;#699546&#8243; link_option_url=&#8220;#&#8220; locked=&#8220;off&#8220; global_colors_info=&#8220;{%22gcid-53054839-b83d-4ef0-8659-8a010e6148fd%22:%91%22title_text_color%22%93}&#8220; background_color__hover=&#8220;#699546&#8243;][\/et_pb_number_counter][\/et_pb_column][et_pb_column type=&#8220;1_4&#8243; _builder_version=&#8220;4.27.4&#8243; _module_preset=&#8220;default&#8220; global_colors_info=&#8220;{}&#8220;][et_pb_number_counter title=&#8220;Basisstationen Weltweit&#8220; number=&#8220;2794&#8243; _builder_version=&#8220;4.27.4&#8243; _module_preset=&#8220;f704366e-2e30-4fb6-981d-8809930c205d&#8220; number_text_color=&#8220;#699546&#8243; link_option_url=&#8220;#&#8220; locked=&#8220;off&#8220; global_colors_info=&#8220;{%22gcid-53054839-b83d-4ef0-8659-8a010e6148fd%22:%91%22title_text_color%22%93}&#8220; background_color__hover=&#8220;#699546&#8243;][\/et_pb_number_counter][\/et_pb_column][et_pb_column type=&#8220;1_4&#8243; _builder_version=&#8220;4.27.4&#8243; _module_preset=&#8220;default&#8220; global_colors_info=&#8220;{}&#8220;][et_pb_number_counter title=&#8220;nutzer \u00fcber TerraExact&#8220; number=&#8220;242&#8243; _builder_version=&#8220;4.27.4&#8243; _module_preset=&#8220;f704366e-2e30-4fb6-981d-8809930c205d&#8220; number_text_color=&#8220;#699546&#8243; link_option_url=&#8220;#&#8220; locked=&#8220;off&#8220; global_colors_info=&#8220;{%22gcid-53054839-b83d-4ef0-8659-8a010e6148fd%22:%91%22title_text_color%22%93}&#8220; background_color__hover=&#8220;#699546&#8243;][\/et_pb_number_counter][\/et_pb_column][et_pb_column type=&#8220;1_4&#8243; _builder_version=&#8220;4.27.4&#8243; _module_preset=&#8220;default&#8220; global_colors_info=&#8220;{}&#8220;][et_pb_number_counter title=&#8220;verschiedene Abbonementm\u00f6glichkeiten&#8220; number=&#8220;6&#8243; _builder_version=&#8220;4.27.4&#8243; _module_preset=&#8220;f704366e-2e30-4fb6-981d-8809930c205d&#8220; number_text_color=&#8220;#699546&#8243; link_option_url=&#8220;#&#8220; locked=&#8220;off&#8220; global_colors_info=&#8220;{%22gcid-53054839-b83d-4ef0-8659-8a010e6148fd%22:%91%22title_text_color%22%93}&#8220; background_color__hover=&#8220;#699546&#8243;][\/et_pb_number_counter][\/et_pb_column][\/et_pb_row][\/et_pb_section]\n","protected":false},"excerpt":{"rendered":"<p>Topnet Live ist der professionelle GNSS-Korrekturdienst von Topcon, der Anwendern in Bauwesen, Vermessung und Landwirtschaft die n\u00f6tige RTK-Genauigkeit liefert. Das leistungsstarke Netzwerkkonzept macht aufwendige Basisstationen \u00fcberfl\u00fcssig, erm\u00f6glicht einen sofortigen Arbeitsbeginn und steigert Ihre Produktivit\u00e4t signifikant. Verlassen Sie sich auf die konsistente, fl\u00e4chendeckende Stabilit\u00e4t des Netzwerks, welche eine h\u00f6here Verf\u00fcgbarkeit und Zuverl\u00e4ssigkeit gew\u00e4hrleistet als lokale Einzell\u00f6sungen. [&hellip;]<\/p>\n","protected":false},"author":3,"featured_media":0,"parent":0,"menu_order":0,"comment_status":"closed","ping_status":"closed","template":"","meta":{"_et_pb_use_builder":"on","_et_pb_old_content":"","_et_gb_content_width":"","footnotes":""},"class_list":["post-533","page","type-page","status-publish","hentry"],"yoast_head":"<!-- This site is optimized with the Yoast SEO plugin v26.6 - https:\/\/yoast.com\/wordpress\/plugins\/seo\/ -->\n<title>RTK Korrektursignal - Terraexact<\/title>\n<meta name=\"description\" content=\"Erfahre jetzt die Pr\u00e4zision und Best\u00e4ndigkeit von Topcon am eigenen Leib und teste jetzt das Topnetlive Korrektursignal.\" \/>\n<meta name=\"robots\" content=\"index, follow, max-snippet:-1, max-image-preview:large, max-video-preview:-1\" \/>\n<link rel=\"canonical\" href=\"https:\/\/terraexact.de\/index.php\/rtk-korrektursignal\/\" \/>\n<meta property=\"og:locale\" content=\"de_DE\" \/>\n<meta property=\"og:type\" content=\"article\" \/>\n<meta property=\"og:title\" content=\"RTK Korrektursignal - Terraexact\" \/>\n<meta property=\"og:description\" content=\"Erfahre jetzt die Pr\u00e4zision und Best\u00e4ndigkeit von Topcon am eigenen Leib und teste jetzt das Topnetlive Korrektursignal.\" \/>\n<meta property=\"og:url\" content=\"https:\/\/terraexact.de\/index.php\/rtk-korrektursignal\/\" \/>\n<meta property=\"og:site_name\" content=\"Terraexact\" \/>\n<meta property=\"article:modified_time\" content=\"2025-11-19T08:29:01+00:00\" \/>\n<meta name=\"twitter:card\" content=\"summary_large_image\" \/>\n<meta name=\"twitter:label1\" content=\"Gesch\u00e4tzte Lesezeit\" \/>\n\t<meta name=\"twitter:data1\" content=\"2\u00a0Minuten\" \/>\n<script type=\"application\/ld+json\" class=\"yoast-schema-graph\">{\"@context\":\"https:\/\/schema.org\",\"@graph\":[{\"@type\":\"WebPage\",\"@id\":\"https:\/\/terraexact.de\/index.php\/rtk-korrektursignal\/\",\"url\":\"https:\/\/terraexact.de\/index.php\/rtk-korrektursignal\/\",\"name\":\"RTK Korrektursignal - Terraexact\",\"isPartOf\":{\"@id\":\"https:\/\/terraexact.de\/#website\"},\"datePublished\":\"2025-11-18T13:55:47+00:00\",\"dateModified\":\"2025-11-19T08:29:01+00:00\",\"description\":\"Erfahre jetzt die Pr\u00e4zision und Best\u00e4ndigkeit von Topcon am eigenen Leib und teste jetzt das Topnetlive Korrektursignal.\",\"breadcrumb\":{\"@id\":\"https:\/\/terraexact.de\/index.php\/rtk-korrektursignal\/#breadcrumb\"},\"inLanguage\":\"de\",\"potentialAction\":[{\"@type\":\"ReadAction\",\"target\":[\"https:\/\/terraexact.de\/index.php\/rtk-korrektursignal\/\"]}]},{\"@type\":\"BreadcrumbList\",\"@id\":\"https:\/\/terraexact.de\/index.php\/rtk-korrektursignal\/#breadcrumb\",\"itemListElement\":[{\"@type\":\"ListItem\",\"position\":1,\"name\":\"Startseite\",\"item\":\"https:\/\/terraexact.de\/\"},{\"@type\":\"ListItem\",\"position\":2,\"name\":\"RTK Korrektursignal\"}]},{\"@type\":\"WebSite\",\"@id\":\"https:\/\/terraexact.de\/#website\",\"url\":\"https:\/\/terraexact.de\/\",\"name\":\"Terraexact\",\"description\":\"\",\"potentialAction\":[{\"@type\":\"SearchAction\",\"target\":{\"@type\":\"EntryPoint\",\"urlTemplate\":\"https:\/\/terraexact.de\/?s={search_term_string}\"},\"query-input\":{\"@type\":\"PropertyValueSpecification\",\"valueRequired\":true,\"valueName\":\"search_term_string\"}}],\"inLanguage\":\"de\"}]}<\/script>\n<!-- \/ Yoast SEO plugin. -->","yoast_head_json":{"title":"RTK Korrektursignal - Terraexact","description":"Erfahre jetzt die Pr\u00e4zision und Best\u00e4ndigkeit von Topcon am eigenen Leib und teste jetzt das Topnetlive Korrektursignal.","robots":{"index":"index","follow":"follow","max-snippet":"max-snippet:-1","max-image-preview":"max-image-preview:large","max-video-preview":"max-video-preview:-1"},"canonical":"https:\/\/terraexact.de\/index.php\/rtk-korrektursignal\/","og_locale":"de_DE","og_type":"article","og_title":"RTK Korrektursignal - Terraexact","og_description":"Erfahre jetzt die Pr\u00e4zision und Best\u00e4ndigkeit von Topcon am eigenen Leib und teste jetzt das Topnetlive Korrektursignal.","og_url":"https:\/\/terraexact.de\/index.php\/rtk-korrektursignal\/","og_site_name":"Terraexact","article_modified_time":"2025-11-19T08:29:01+00:00","twitter_card":"summary_large_image","twitter_misc":{"Gesch\u00e4tzte Lesezeit":"2\u00a0Minuten"},"schema":{"@context":"https:\/\/schema.org","@graph":[{"@type":"WebPage","@id":"https:\/\/terraexact.de\/index.php\/rtk-korrektursignal\/","url":"https:\/\/terraexact.de\/index.php\/rtk-korrektursignal\/","name":"RTK Korrektursignal - Terraexact","isPartOf":{"@id":"https:\/\/terraexact.de\/#website"},"datePublished":"2025-11-18T13:55:47+00:00","dateModified":"2025-11-19T08:29:01+00:00","description":"Erfahre jetzt die Pr\u00e4zision und Best\u00e4ndigkeit von Topcon am eigenen Leib und teste jetzt das Topnetlive Korrektursignal.","breadcrumb":{"@id":"https:\/\/terraexact.de\/index.php\/rtk-korrektursignal\/#breadcrumb"},"inLanguage":"de","potentialAction":[{"@type":"ReadAction","target":["https:\/\/terraexact.de\/index.php\/rtk-korrektursignal\/"]}]},{"@type":"BreadcrumbList","@id":"https:\/\/terraexact.de\/index.php\/rtk-korrektursignal\/#breadcrumb","itemListElement":[{"@type":"ListItem","position":1,"name":"Startseite","item":"https:\/\/terraexact.de\/"},{"@type":"ListItem","position":2,"name":"RTK Korrektursignal"}]},{"@type":"WebSite","@id":"https:\/\/terraexact.de\/#website","url":"https:\/\/terraexact.de\/","name":"Terraexact","description":"","potentialAction":[{"@type":"SearchAction","target":{"@type":"EntryPoint","urlTemplate":"https:\/\/terraexact.de\/?s={search_term_string}"},"query-input":{"@type":"PropertyValueSpecification","valueRequired":true,"valueName":"search_term_string"}}],"inLanguage":"de"}]}},"_links":{"self":[{"href":"https:\/\/terraexact.de\/index.php\/wp-json\/wp\/v2\/pages\/533","targetHints":{"allow":["GET"]}}],"collection":[{"href":"https:\/\/terraexact.de\/index.php\/wp-json\/wp\/v2\/pages"}],"about":[{"href":"https:\/\/terraexact.de\/index.php\/wp-json\/wp\/v2\/types\/page"}],"author":[{"embeddable":true,"href":"https:\/\/terraexact.de\/index.php\/wp-json\/wp\/v2\/users\/3"}],"replies":[{"embeddable":true,"href":"https:\/\/terraexact.de\/index.php\/wp-json\/wp\/v2\/comments?post=533"}],"version-history":[{"count":5,"href":"https:\/\/terraexact.de\/index.php\/wp-json\/wp\/v2\/pages\/533\/revisions"}],"predecessor-version":[{"id":578,"href":"https:\/\/terraexact.de\/index.php\/wp-json\/wp\/v2\/pages\/533\/revisions\/578"}],"wp:attachment":[{"href":"https:\/\/terraexact.de\/index.php\/wp-json\/wp\/v2\/media?parent=533"}],"curies":[{"name":"wp","href":"https:\/\/api.w.org\/{rel}","templated":true}]}}