{"id":525,"date":"2025-11-07T14:33:46","date_gmt":"2025-11-07T14:33:46","guid":{"rendered":"https:\/\/terraexact.de\/?page_id=525"},"modified":"2025-11-18T15:02:07","modified_gmt":"2025-11-18T15:02:07","slug":"fuer-vorgeruestete-maschinen","status":"publish","type":"page","link":"https:\/\/terraexact.de\/index.php\/fuer-vorgeruestete-maschinen\/","title":{"rendered":"F\u00fcr Vorger\u00fcstete Maschinen"},"content":{"rendered":"\n[et_pb_section fb_built=&#8220;1&#8243; admin_label=&#8220;Header&#8220; _builder_version=&#8220;4.27.4&#8243; _module_preset=&#8220;default&#8220; background_color=&#8220;#e5e5e5&#8243; custom_padding=&#8220;0px||0px||true|false&#8220; collapsed=&#8220;on&#8220; global_colors_info=&#8220;{}&#8220;][et_pb_row column_structure=&#8220;1_2,1_2&#8243; use_custom_gutter=&#8220;on&#8220; gutter_width=&#8220;1&#8243; make_equal=&#8220;on&#8220; _builder_version=&#8220;4.27.4&#8243; _module_preset=&#8220;default&#8220; width=&#8220;100%&#8220; max_width=&#8220;none&#8220; custom_padding=&#8220;0px||0px||true|false&#8220; hover_enabled=&#8220;0&#8243; global_colors_info=&#8220;{}&#8220; sticky_enabled=&#8220;0&#8243;][et_pb_column type=&#8220;1_2&#8243; _builder_version=&#8220;4.27.4&#8243; _module_preset=&#8220;default&#8220; background_color=&#8220;#FFFFFF&#8220; background_image=&#8220;https:\/\/terraexact.de\/wp-content\/uploads\/2025\/11\/XDPlus_CL-10_F_20201015_0005-original-scaled.jpg&#8220; background_blend=&#8220;multiply&#8220; custom_padding=&#8220;10%|5%|10%|5%|true|true&#8220; hover_enabled=&#8220;0&#8243; global_colors_info=&#8220;{}&#8220; title_text=&#8220;XDPlus_CL-10_F_20201015_0005 (original)&#8220; parallax=&#8220;on&#8220; sticky_enabled=&#8220;0&#8243;][et_pb_heading title=&#8220;Automatische Lenkung&#8220; _builder_version=&#8220;4.27.4&#8243; _module_preset=&#8220;674ead84-2c3e-46c1-b20f-d757367635cd&#8220; title_text_align=&#8220;center&#8220; title_text_color=&#8220;#FFFFFF&#8220; custom_margin=&#8220;2px||10px||false|false&#8220; hover_enabled=&#8220;0&#8243; global_colors_info=&#8220;{}&#8220; sticky_enabled=&#8220;0&#8243;][\/et_pb_heading][et_pb_heading title=&#8220;Auch f\u00fcr schlepper mit vorr\u00fcstung&#8220; _builder_version=&#8220;4.27.4&#8243; _module_preset=&#8220;016531d7-dbeb-4a7b-a364-517d8552a5e8&#8243; title_text_align=&#8220;center&#8220; title_text_color=&#8220;#FFFFFF&#8220; hover_enabled=&#8220;0&#8243; global_colors_info=&#8220;{}&#8220; sticky_enabled=&#8220;0&#8243;][\/et_pb_heading][et_pb_image src=&#8220;https:\/\/terraexact.de\/wp-content\/uploads\/2025\/11\/topcon_XDPlusCL-10AGS-2_20201015-0001_A_pho-original-scaled.jpeg&#8220; title_text=&#8220;topcon_XDPlusCL-10AGS-2_20201015-0001_A_pho (original)&#8220; align=&#8220;center&#8220; _builder_version=&#8220;4.27.4&#8243; _module_preset=&#8220;default&#8220; width=&#8220;60%&#8220; module_alignment=&#8220;center&#8220; custom_margin=&#8220;||30px||false|false&#8220; animation_style=&#8220;slide&#8220; animation_speed_curve=&#8220;ease&#8220; hover_enabled=&#8220;0&#8243; global_colors_info=&#8220;{}&#8220; sticky_enabled=&#8220;0&#8243;][\/et_pb_image][et_pb_button button_url=&#8220;https:\/\/terraexact.de\/?page_id=100&#038;et_fb=1&#038;PageSpeed=off&#8220; button_text=&#8220;Jetzt anfragen&#8220; button_alignment=&#8220;center&#8220; _builder_version=&#8220;4.27.4&#8243; _module_preset=&#8220;42a090f9-a74c-4a0a-875b-62b1818519d6&#8243; global_colors_info=&#8220;{}&#8220;][\/et_pb_button][\/et_pb_column][et_pb_column type=&#8220;1_2&#8243; _builder_version=&#8220;4.27.4&#8243; _module_preset=&#8220;default&#8220; background_image=&#8220;https:\/\/terraexact.de\/wp-content\/uploads\/2025\/11\/topcon_AGS-2_massey-ferguson_20210917-007_A_pho-original-scaled.jpeg&#8220; hover_enabled=&#8220;0&#8243; global_colors_info=&#8220;{}&#8220; title_text=&#8220;topcon_AGS-2_massey-ferguson_20210917-007_A_pho (original)&#8220; parallax=&#8220;on&#8220; sticky_enabled=&#8220;0&#8243;][et_pb_divider show_divider=&#8220;off&#8220; _builder_version=&#8220;4.25.1&#8243; _module_preset=&#8220;default&#8220; height_tablet=&#8220;50vw&#8220; height_phone=&#8220;50vw&#8220; height_last_edited=&#8220;on|phone&#8220; global_colors_info=&#8220;{}&#8220;][\/et_pb_divider][\/et_pb_column][\/et_pb_row][\/et_pb_section][et_pb_section fb_built=&#8220;1&#8243; admin_label=&#8220;About&#8220; _builder_version=&#8220;4.25.1&#8243; _module_preset=&#8220;default&#8220; collapsed=&#8220;on&#8220; global_colors_info=&#8220;{}&#8220;][et_pb_row _builder_version=&#8220;4.27.4&#8243; _module_preset=&#8220;default&#8220; hover_enabled=&#8220;0&#8243; global_colors_info=&#8220;{}&#8220; sticky_enabled=&#8220;0&#8243;][et_pb_column type=&#8220;4_4&#8243; _builder_version=&#8220;4.25.1&#8243; _module_preset=&#8220;default&#8220; global_colors_info=&#8220;{}&#8220;][et_pb_heading title=&#8220;Warum Topcon die bessere Wahl ist&#8220; _builder_version=&#8220;4.27.4&#8243; _module_preset=&#8220;a986f848-2fa1-4cae-bb03-486a5ec1f8f4&#8243; custom_margin=&#8220;||10px||false|false&#8220; hover_enabled=&#8220;0&#8243; global_colors_info=&#8220;{}&#8220; sticky_enabled=&#8220;0&#8243;][\/et_pb_heading][et_pb_text _builder_version=&#8220;4.27.4&#8243; _module_preset=&#8220;288fa487-e463-41f1-a16a-df824c82873d&#8220; custom_padding=&#8220;||1px|||&#8220; hover_enabled=&#8220;0&#8243; global_colors_info=&#8220;{}&#8220; sticky_enabled=&#8220;0&#8243;]<h2 data-start=\"131\" data-end=\"169\"><\/h2>\n<p data-start=\"171\" data-end=\"482\"><strong data-start=\"171\" data-end=\"181\">Topcon<\/strong> steht seit \u00fcber 40\u202fJahren f\u00fcr <strong data-start=\"212\" data-end=\"266\">pr\u00e4zise, zuverl\u00e4ssige und wirtschaftliche L\u00f6sungen<\/strong> in der Landwirtschaft. Unsere Technologien decken alle Arbeitsbereiche ab \u2013 von Bodenbearbeitung und Aussaat \u00fcber Pflanzenschutz bis hin zur Ernte \u2013 und sind flexibel auf unterschiedliche Maschinentypen anpassbar.<\/p>\n<h3 data-start=\"484\" data-end=\"519\">Ihre Vorteile auf einen Blick<\/h3>\n<ul data-start=\"520\" data-end=\"1161\">\n<li data-start=\"520\" data-end=\"660\">\n<p data-start=\"522\" data-end=\"660\"><strong data-start=\"522\" data-end=\"547\">Erfahrung &amp; Qualit\u00e4t:<\/strong> Jahrzehntelange Expertise in Pr\u00e4zisionslandwirtschaft garantiert zuverl\u00e4ssige Technik und langlebige Produkte.<\/p>\n<\/li>\n<li data-start=\"661\" data-end=\"797\">\n<p data-start=\"663\" data-end=\"797\"><strong data-start=\"663\" data-end=\"686\">Komplette L\u00f6sungen:<\/strong> Topcon bietet alles aus einer Hand \u2013 Spurf\u00fchrung, GNSS, Displays, Software \u2013 perfekt aufeinander abgestimmt.<\/p>\n<\/li>\n<li data-start=\"798\" data-end=\"920\">\n<p data-start=\"800\" data-end=\"920\"><strong data-start=\"800\" data-end=\"825\">Einfache Integration:<\/strong> Modulare Systeme erm\u00f6glichen den Einstieg auf Ihrem Niveau und lassen sich sp\u00e4ter erweitern.<\/p>\n<\/li>\n<li data-start=\"921\" data-end=\"1052\">\n<p data-start=\"923\" data-end=\"1052\"><strong data-start=\"923\" data-end=\"955\">Kosteneffizienz &amp; Pr\u00e4zision:<\/strong> Weniger \u00dcberlappungen, geringerer Materialverbrauch und h\u00f6here Effizienz sparen Zeit und Geld.<\/p>\n<\/li>\n<li data-start=\"1053\" data-end=\"1161\">\n<p data-start=\"1055\" data-end=\"1161\"><strong data-start=\"1055\" data-end=\"1076\">Globaler Support:<\/strong> Weltweites H\u00e4ndler- und Servicenetz sorgt daf\u00fcr, dass Hilfe schnell verf\u00fcgbar ist.<\/p>\n<\/li>\n<\/ul>\n<h3 data-start=\"1163\" data-end=\"1174\">Fazit<\/h3>\n<p data-start=\"1175\" data-end=\"1342\">Mit Topcon setzen Sie auf <strong data-start=\"1201\" data-end=\"1262\">Innovation, Wirtschaftlichkeit und praxisnahe Technologie<\/strong> \u2013 ideal f\u00fcr Betriebe, die heute effizient arbeiten und morgen wachsen wollen.<\/p>[\/et_pb_text][\/et_pb_column][\/et_pb_row][\/et_pb_section]\n","protected":false},"excerpt":{"rendered":"<p>Topcon steht seit \u00fcber 40\u202fJahren f\u00fcr pr\u00e4zise, zuverl\u00e4ssige und wirtschaftliche L\u00f6sungen in der Landwirtschaft. Unsere Technologien decken alle Arbeitsbereiche ab \u2013 von Bodenbearbeitung und Aussaat \u00fcber Pflanzenschutz bis hin zur Ernte \u2013 und sind flexibel auf unterschiedliche Maschinentypen anpassbar. Ihre Vorteile auf einen Blick Erfahrung &amp; Qualit\u00e4t: Jahrzehntelange Expertise in Pr\u00e4zisionslandwirtschaft garantiert zuverl\u00e4ssige Technik und [&hellip;]<\/p>\n","protected":false},"author":3,"featured_media":0,"parent":0,"menu_order":0,"comment_status":"closed","ping_status":"closed","template":"","meta":{"_et_pb_use_builder":"on","_et_pb_old_content":"","_et_gb_content_width":"","footnotes":""},"class_list":["post-525","page","type-page","status-publish","hentry"],"yoast_head":"<!-- This site is optimized with the Yoast SEO plugin v26.6 - https:\/\/yoast.com\/wordpress\/plugins\/seo\/ -->\n<title>F\u00fcr Vorger\u00fcstete Maschinen - Terraexact<\/title>\n<meta name=\"description\" content=\"Lenksysteme sind mittlerweile nicht mehr wegzudenken. Entscheidend ist der Funktionsumfang und Bedienung der verschiedenen Systeme.\" \/>\n<meta name=\"robots\" content=\"index, follow, max-snippet:-1, max-image-preview:large, max-video-preview:-1\" \/>\n<link rel=\"canonical\" href=\"https:\/\/terraexact.de\/index.php\/fuer-vorgeruestete-maschinen\/\" \/>\n<meta property=\"og:locale\" content=\"de_DE\" \/>\n<meta property=\"og:type\" content=\"article\" \/>\n<meta property=\"og:title\" content=\"F\u00fcr Vorger\u00fcstete Maschinen - Terraexact\" \/>\n<meta property=\"og:description\" content=\"Lenksysteme sind mittlerweile nicht mehr wegzudenken. Entscheidend ist der Funktionsumfang und Bedienung der verschiedenen Systeme.\" \/>\n<meta property=\"og:url\" content=\"https:\/\/terraexact.de\/index.php\/fuer-vorgeruestete-maschinen\/\" \/>\n<meta property=\"og:site_name\" content=\"Terraexact\" \/>\n<meta property=\"article:modified_time\" content=\"2025-11-18T15:02:07+00:00\" \/>\n<meta name=\"twitter:card\" content=\"summary_large_image\" \/>\n<meta name=\"twitter:label1\" content=\"Gesch\u00e4tzte Lesezeit\" \/>\n\t<meta name=\"twitter:data1\" content=\"2\u00a0Minuten\" \/>\n<script type=\"application\/ld+json\" class=\"yoast-schema-graph\">{\"@context\":\"https:\/\/schema.org\",\"@graph\":[{\"@type\":\"WebPage\",\"@id\":\"https:\/\/terraexact.de\/index.php\/fuer-vorgeruestete-maschinen\/\",\"url\":\"https:\/\/terraexact.de\/index.php\/fuer-vorgeruestete-maschinen\/\",\"name\":\"F\u00fcr Vorger\u00fcstete Maschinen - Terraexact\",\"isPartOf\":{\"@id\":\"https:\/\/terraexact.de\/#website\"},\"datePublished\":\"2025-11-07T14:33:46+00:00\",\"dateModified\":\"2025-11-18T15:02:07+00:00\",\"description\":\"Lenksysteme sind mittlerweile nicht mehr wegzudenken. Entscheidend ist der Funktionsumfang und Bedienung der verschiedenen Systeme.\",\"breadcrumb\":{\"@id\":\"https:\/\/terraexact.de\/index.php\/fuer-vorgeruestete-maschinen\/#breadcrumb\"},\"inLanguage\":\"de\",\"potentialAction\":[{\"@type\":\"ReadAction\",\"target\":[\"https:\/\/terraexact.de\/index.php\/fuer-vorgeruestete-maschinen\/\"]}]},{\"@type\":\"BreadcrumbList\",\"@id\":\"https:\/\/terraexact.de\/index.php\/fuer-vorgeruestete-maschinen\/#breadcrumb\",\"itemListElement\":[{\"@type\":\"ListItem\",\"position\":1,\"name\":\"Startseite\",\"item\":\"https:\/\/terraexact.de\/\"},{\"@type\":\"ListItem\",\"position\":2,\"name\":\"F\u00fcr Vorger\u00fcstete Maschinen\"}]},{\"@type\":\"WebSite\",\"@id\":\"https:\/\/terraexact.de\/#website\",\"url\":\"https:\/\/terraexact.de\/\",\"name\":\"Terraexact\",\"description\":\"\",\"potentialAction\":[{\"@type\":\"SearchAction\",\"target\":{\"@type\":\"EntryPoint\",\"urlTemplate\":\"https:\/\/terraexact.de\/?s={search_term_string}\"},\"query-input\":{\"@type\":\"PropertyValueSpecification\",\"valueRequired\":true,\"valueName\":\"search_term_string\"}}],\"inLanguage\":\"de\"}]}<\/script>\n<!-- \/ Yoast SEO plugin. -->","yoast_head_json":{"title":"F\u00fcr Vorger\u00fcstete Maschinen - Terraexact","description":"Lenksysteme sind mittlerweile nicht mehr wegzudenken. Entscheidend ist der Funktionsumfang und Bedienung der verschiedenen Systeme.","robots":{"index":"index","follow":"follow","max-snippet":"max-snippet:-1","max-image-preview":"max-image-preview:large","max-video-preview":"max-video-preview:-1"},"canonical":"https:\/\/terraexact.de\/index.php\/fuer-vorgeruestete-maschinen\/","og_locale":"de_DE","og_type":"article","og_title":"F\u00fcr Vorger\u00fcstete Maschinen - Terraexact","og_description":"Lenksysteme sind mittlerweile nicht mehr wegzudenken. Entscheidend ist der Funktionsumfang und Bedienung der verschiedenen Systeme.","og_url":"https:\/\/terraexact.de\/index.php\/fuer-vorgeruestete-maschinen\/","og_site_name":"Terraexact","article_modified_time":"2025-11-18T15:02:07+00:00","twitter_card":"summary_large_image","twitter_misc":{"Gesch\u00e4tzte Lesezeit":"2\u00a0Minuten"},"schema":{"@context":"https:\/\/schema.org","@graph":[{"@type":"WebPage","@id":"https:\/\/terraexact.de\/index.php\/fuer-vorgeruestete-maschinen\/","url":"https:\/\/terraexact.de\/index.php\/fuer-vorgeruestete-maschinen\/","name":"F\u00fcr Vorger\u00fcstete Maschinen - Terraexact","isPartOf":{"@id":"https:\/\/terraexact.de\/#website"},"datePublished":"2025-11-07T14:33:46+00:00","dateModified":"2025-11-18T15:02:07+00:00","description":"Lenksysteme sind mittlerweile nicht mehr wegzudenken. Entscheidend ist der Funktionsumfang und Bedienung der verschiedenen Systeme.","breadcrumb":{"@id":"https:\/\/terraexact.de\/index.php\/fuer-vorgeruestete-maschinen\/#breadcrumb"},"inLanguage":"de","potentialAction":[{"@type":"ReadAction","target":["https:\/\/terraexact.de\/index.php\/fuer-vorgeruestete-maschinen\/"]}]},{"@type":"BreadcrumbList","@id":"https:\/\/terraexact.de\/index.php\/fuer-vorgeruestete-maschinen\/#breadcrumb","itemListElement":[{"@type":"ListItem","position":1,"name":"Startseite","item":"https:\/\/terraexact.de\/"},{"@type":"ListItem","position":2,"name":"F\u00fcr Vorger\u00fcstete Maschinen"}]},{"@type":"WebSite","@id":"https:\/\/terraexact.de\/#website","url":"https:\/\/terraexact.de\/","name":"Terraexact","description":"","potentialAction":[{"@type":"SearchAction","target":{"@type":"EntryPoint","urlTemplate":"https:\/\/terraexact.de\/?s={search_term_string}"},"query-input":{"@type":"PropertyValueSpecification","valueRequired":true,"valueName":"search_term_string"}}],"inLanguage":"de"}]}},"_links":{"self":[{"href":"https:\/\/terraexact.de\/index.php\/wp-json\/wp\/v2\/pages\/525","targetHints":{"allow":["GET"]}}],"collection":[{"href":"https:\/\/terraexact.de\/index.php\/wp-json\/wp\/v2\/pages"}],"about":[{"href":"https:\/\/terraexact.de\/index.php\/wp-json\/wp\/v2\/types\/page"}],"author":[{"embeddable":true,"href":"https:\/\/terraexact.de\/index.php\/wp-json\/wp\/v2\/users\/3"}],"replies":[{"embeddable":true,"href":"https:\/\/terraexact.de\/index.php\/wp-json\/wp\/v2\/comments?post=525"}],"version-history":[{"count":5,"href":"https:\/\/terraexact.de\/index.php\/wp-json\/wp\/v2\/pages\/525\/revisions"}],"predecessor-version":[{"id":531,"href":"https:\/\/terraexact.de\/index.php\/wp-json\/wp\/v2\/pages\/525\/revisions\/531"}],"wp:attachment":[{"href":"https:\/\/terraexact.de\/index.php\/wp-json\/wp\/v2\/media?parent=525"}],"curies":[{"name":"wp","href":"https:\/\/api.w.org\/{rel}","templated":true}]}}