{"id":427,"date":"2025-11-07T12:56:50","date_gmt":"2025-11-07T12:56:50","guid":{"rendered":"https:\/\/terraexact.de\/?page_id=427"},"modified":"2025-11-18T14:49:46","modified_gmt":"2025-11-18T14:49:46","slug":"automatische-lenkung-mit-lenkradmotor","status":"publish","type":"page","link":"https:\/\/terraexact.de\/index.php\/automatische-lenkung-mit-lenkradmotor\/","title":{"rendered":"Automatische Lenkung mit Lenkradmotor"},"content":{"rendered":"\n[et_pb_section fb_built=&#8220;1&#8243; admin_label=&#8220;Header&#8220; _builder_version=&#8220;4.27.4&#8243; _module_preset=&#8220;default&#8220; background_color=&#8220;#e5e5e5&#8243; custom_padding=&#8220;0px||0px||true|false&#8220; collapsed=&#8220;on&#8220; global_colors_info=&#8220;{}&#8220;][et_pb_row column_structure=&#8220;1_2,1_2&#8243; use_custom_gutter=&#8220;on&#8220; gutter_width=&#8220;1&#8243; make_equal=&#8220;on&#8220; _builder_version=&#8220;4.27.4&#8243; _module_preset=&#8220;default&#8220; width=&#8220;100%&#8220; max_width=&#8220;none&#8220; custom_padding=&#8220;0px||0px||true|false&#8220; hover_enabled=&#8220;0&#8243; global_colors_info=&#8220;{}&#8220; sticky_enabled=&#8220;0&#8243;][et_pb_column type=&#8220;1_2&#8243; _builder_version=&#8220;4.27.4&#8243; _module_preset=&#8220;default&#8220; background_color=&#8220;#FFFFFF&#8220; background_image=&#8220;https:\/\/terraexact.de\/wp-content\/uploads\/2025\/11\/topcon_valuelineseeddrillde05_241216app-original-scaled.jpg&#8220; custom_padding=&#8220;10%|5%|10%|5%|true|true&#8220; hover_enabled=&#8220;0&#8243; global_colors_info=&#8220;{}&#8220; parallax=&#8220;on&#8220; sticky_enabled=&#8220;0&#8243;][et_pb_heading title=&#8220;Topcon ValueLine&#8220; _builder_version=&#8220;4.25.1&#8243; _module_preset=&#8220;674ead84-2c3e-46c1-b20f-d757367635cd&#8220; title_text_align=&#8220;center&#8220; title_text_color=&#8220;#FFFFFF&#8220; custom_margin=&#8220;2px||10px||false|false&#8220; global_colors_info=&#8220;{}&#8220;][\/et_pb_heading][et_pb_heading title=&#8220;Die Preiswerte Variante mit Lenkradmotor&#8220; _builder_version=&#8220;4.27.4&#8243; _module_preset=&#8220;016531d7-dbeb-4a7b-a364-517d8552a5e8&#8243; title_text_align=&#8220;center&#8220; title_text_color=&#8220;#FFFFFF&#8220; global_colors_info=&#8220;{}&#8220;][\/et_pb_heading][et_pb_image src=&#8220;https:\/\/terraexact.de\/wp-content\/uploads\/2025\/11\/topcon_valuelinecultivatorfendt03_241216app-original-scaled.jpg&#8220; title_text=&#8220;topcon_valuelinecultivatorfendt03_241216app (original)&#8220; align=&#8220;center&#8220; _builder_version=&#8220;4.27.4&#8243; _module_preset=&#8220;default&#8220; width=&#8220;60%&#8220; module_alignment=&#8220;center&#8220; custom_margin=&#8220;||30px||false|false&#8220; animation_style=&#8220;slide&#8220; animation_speed_curve=&#8220;ease&#8220; global_colors_info=&#8220;{}&#8220;][\/et_pb_image][et_pb_button button_url=&#8220;https:\/\/terraexact.de\/?page_id=100&#038;et_fb=1&#038;PageSpeed=off&#8220; button_text=&#8220;Jetzt anfragen&#8220; button_alignment=&#8220;center&#8220; _builder_version=&#8220;4.27.4&#8243; _module_preset=&#8220;42a090f9-a74c-4a0a-875b-62b1818519d6&#8243; global_colors_info=&#8220;{}&#8220;][\/et_pb_button][\/et_pb_column][et_pb_column type=&#8220;1_2&#8243; _builder_version=&#8220;4.27.4&#8243; _module_preset=&#8220;default&#8220; background_image=&#8220;https:\/\/terraexact.de\/wp-content\/uploads\/2025\/11\/topcon_valuelineseeddrillde02_241216app-original-scaled.jpg&#8220; hover_enabled=&#8220;0&#8243; global_colors_info=&#8220;{}&#8220; parallax=&#8220;on&#8220; sticky_enabled=&#8220;0&#8243;][et_pb_divider show_divider=&#8220;off&#8220; _builder_version=&#8220;4.25.1&#8243; _module_preset=&#8220;default&#8220; height_tablet=&#8220;50vw&#8220; height_phone=&#8220;50vw&#8220; height_last_edited=&#8220;on|phone&#8220; global_colors_info=&#8220;{}&#8220;][\/et_pb_divider][\/et_pb_column][\/et_pb_row][\/et_pb_section][et_pb_section fb_built=&#8220;1&#8243; admin_label=&#8220;About&#8220; _builder_version=&#8220;4.25.1&#8243; _module_preset=&#8220;default&#8220; collapsed=&#8220;on&#8220; global_colors_info=&#8220;{}&#8220;][et_pb_row column_structure=&#8220;2_3,1_3&#8243; _builder_version=&#8220;4.25.1&#8243; _module_preset=&#8220;default&#8220; global_colors_info=&#8220;{}&#8220;][et_pb_column type=&#8220;2_3&#8243; _builder_version=&#8220;4.25.1&#8243; _module_preset=&#8220;default&#8220; global_colors_info=&#8220;{}&#8220;][et_pb_heading title=&#8220;Egal ob gerade oder Kurve, Hauptsache genau!&#8220; _builder_version=&#8220;4.27.4&#8243; _module_preset=&#8220;a986f848-2fa1-4cae-bb03-486a5ec1f8f4&#8243; custom_margin=&#8220;||10px||false|false&#8220; global_colors_info=&#8220;{}&#8220;][\/et_pb_heading][et_pb_text _builder_version=&#8220;4.27.4&#8243; _module_preset=&#8220;288fa487-e463-41f1-a16a-df824c82873d&#8220; header_4_font_size=&#8220;19px&#8220; custom_padding=&#8220;||1px|||&#8220; global_colors_info=&#8220;{}&#8220;]<p data-start=\"249\" data-end=\"575\">Mit dem <strong data-start=\"257\" data-end=\"289\">Topcon Value Line Lenksystem<\/strong> bietet Topcon eine kosteng\u00fcnstige und dennoch leistungsstarke L\u00f6sung f\u00fcr die automatische Spurf\u00fchrung in der Landwirtschaft. Das System wurde speziell f\u00fcr Landwirte entwickelt, die den Einstieg in die <strong data-start=\"491\" data-end=\"519\">Pr\u00e4zisionslandwirtschaft<\/strong> suchen \u2013 ohne auf moderne Technik verzichten zu m\u00fcssen.<\/p>\n<h3 data-start=\"577\" data-end=\"613\"><strong data-start=\"581\" data-end=\"613\">Einfach. Pr\u00e4zise. Effizient.<\/strong><\/h3>\n<p data-start=\"614\" data-end=\"938\">Das Value Line Lenksystem \u00fcbernimmt die Fahrzeuglenkung automatisch und sorgt so f\u00fcr eine exakte Spurf\u00fchrung auf dem Feld. Dadurch werden \u00dcberlappungen und Fehlstellen minimiert \u2013 Sie sparen Zeit, Betriebsmittel und Kraftstoff. Gleichzeitig entlastet das System den Fahrer und erh\u00f6ht den Arbeitskomfort bei langen Eins\u00e4tzen.<\/p>\n<h3 data-start=\"940\" data-end=\"974\"><strong data-start=\"944\" data-end=\"974\">Technologie, die \u00fcberzeugt<\/strong><\/h3>\n<ul data-start=\"975\" data-end=\"1563\">\n<li data-start=\"975\" data-end=\"1124\">\n<p data-start=\"977\" data-end=\"1124\"><strong data-start=\"977\" data-end=\"1016\">Display XC1 Plus (10\u2033 Touchscreen):<\/strong> \u00dcbersichtliches Terminal mit intuitiver Benutzeroberfl\u00e4che (Horizon Lite OS) f\u00fcr eine einfache Bedienung.<\/p>\n<\/li>\n<li data-start=\"1125\" data-end=\"1265\">\n<p data-start=\"1127\" data-end=\"1265\"><strong data-start=\"1127\" data-end=\"1152\">Elektro-Lenkrad XW-1:<\/strong> Leistungsstarker Elektromotor mit integriertem Lenkwinkelsensor \u2013 kein zus\u00e4tzlicher mechanischer Sensor n\u00f6tig.<\/p>\n<\/li>\n<li data-start=\"1266\" data-end=\"1380\">\n<p data-start=\"1268\" data-end=\"1380\"><strong data-start=\"1268\" data-end=\"1292\">GNSS-Empf\u00e4nger XR-1:<\/strong> Pr\u00e4ziser Mehrfrequenzempf\u00e4nger mit Neigungsausgleich und integriertem Lenkcontroller.<\/p>\n<\/li>\n<li data-start=\"1381\" data-end=\"1563\">\n<p data-start=\"1383\" data-end=\"1563\"><strong data-start=\"1383\" data-end=\"1411\">Korrekturdaten-Optionen:<\/strong> Je nach Anforderung stehen verschiedene GNSS-Korrektursignale zur Verf\u00fcgung \u2013 von einfacher Parallelf\u00fchrung bis hin zu zentimetergenauer Spurhaltung.<\/p>\n<\/li>\n<\/ul>[\/et_pb_text][\/et_pb_column][et_pb_column type=&#8220;1_3&#8243; _builder_version=&#8220;4.25.1&#8243; _module_preset=&#8220;default&#8220; custom_padding=&#8220;30px|30px|30px|30px|true|true&#8220; custom_padding_tablet=&#8220;30px|30px|30px|30px|true|true&#8220; custom_padding_phone=&#8220;20px|20px|20px|20px|true|true&#8220; custom_padding_last_edited=&#8220;on|phone&#8220; border_width_all=&#8220;4px&#8220; border_color_all=&#8220;gcid-2f5b30e8-0b99-49ac-8bde-95b2f7f6fb2c&#8220; global_colors_info=&#8220;{%22gcid-2f5b30e8-0b99-49ac-8bde-95b2f7f6fb2c%22:%91%22border_color_all%22%93}&#8220;][et_pb_image src=&#8220;https:\/\/terraexact.de\/wp-content\/uploads\/2025\/11\/topcon_valuelinecultivatorfendt02_241216app-original-1-scaled.jpg&#8220; title_text=&#8220;topcon_valuelinecultivatorfendt02_241216app (original)&#8220; _builder_version=&#8220;4.27.4&#8243; _module_preset=&#8220;default&#8220; global_colors_info=&#8220;{}&#8220;][\/et_pb_image][\/et_pb_column][\/et_pb_row][\/et_pb_section]\n","protected":false},"excerpt":{"rendered":"<p>Mit dem Topcon Value Line Lenksystem bietet Topcon eine kosteng\u00fcnstige und dennoch leistungsstarke L\u00f6sung f\u00fcr die automatische Spurf\u00fchrung in der Landwirtschaft. Das System wurde speziell f\u00fcr Landwirte entwickelt, die den Einstieg in die Pr\u00e4zisionslandwirtschaft suchen \u2013 ohne auf moderne Technik verzichten zu m\u00fcssen. Einfach. Pr\u00e4zise. Effizient. Das Value Line Lenksystem \u00fcbernimmt die Fahrzeuglenkung automatisch und [&hellip;]<\/p>\n","protected":false},"author":3,"featured_media":0,"parent":0,"menu_order":0,"comment_status":"closed","ping_status":"closed","template":"","meta":{"_et_pb_use_builder":"on","_et_pb_old_content":"","_et_gb_content_width":"","footnotes":""},"class_list":["post-427","page","type-page","status-publish","hentry"],"yoast_head":"<!-- This site is optimized with the Yoast SEO plugin v26.6 - https:\/\/yoast.com\/wordpress\/plugins\/seo\/ -->\n<title>Automatische Lenkung mit Lenkradmotor - Terraexact<\/title>\n<meta name=\"description\" content=\"Du suchst eine einfache, g\u00fcnstige und Hochwertige Alternative f\u00fcr eine automatische Lenkung? Lerne jetzt die Pr\u00e4zision von Topcon kennen\" \/>\n<meta name=\"robots\" content=\"index, follow, max-snippet:-1, max-image-preview:large, max-video-preview:-1\" \/>\n<link rel=\"canonical\" href=\"https:\/\/terraexact.de\/index.php\/automatische-lenkung-mit-lenkradmotor\/\" \/>\n<meta property=\"og:locale\" content=\"de_DE\" \/>\n<meta property=\"og:type\" content=\"article\" \/>\n<meta property=\"og:title\" content=\"Automatische Lenkung mit Lenkradmotor - Terraexact\" \/>\n<meta property=\"og:description\" content=\"Du suchst eine einfache, g\u00fcnstige und Hochwertige Alternative f\u00fcr eine automatische Lenkung? Lerne jetzt die Pr\u00e4zision von Topcon kennen\" \/>\n<meta property=\"og:url\" content=\"https:\/\/terraexact.de\/index.php\/automatische-lenkung-mit-lenkradmotor\/\" \/>\n<meta property=\"og:site_name\" content=\"Terraexact\" \/>\n<meta property=\"article:modified_time\" content=\"2025-11-18T14:49:46+00:00\" \/>\n<meta name=\"twitter:card\" content=\"summary_large_image\" \/>\n<meta name=\"twitter:label1\" content=\"Gesch\u00e4tzte Lesezeit\" \/>\n\t<meta name=\"twitter:data1\" content=\"2\u00a0Minuten\" \/>\n<script type=\"application\/ld+json\" class=\"yoast-schema-graph\">{\"@context\":\"https:\/\/schema.org\",\"@graph\":[{\"@type\":\"WebPage\",\"@id\":\"https:\/\/terraexact.de\/index.php\/automatische-lenkung-mit-lenkradmotor\/\",\"url\":\"https:\/\/terraexact.de\/index.php\/automatische-lenkung-mit-lenkradmotor\/\",\"name\":\"Automatische Lenkung mit Lenkradmotor - Terraexact\",\"isPartOf\":{\"@id\":\"https:\/\/terraexact.de\/#website\"},\"datePublished\":\"2025-11-07T12:56:50+00:00\",\"dateModified\":\"2025-11-18T14:49:46+00:00\",\"description\":\"Du suchst eine einfache, g\u00fcnstige und Hochwertige Alternative f\u00fcr eine automatische Lenkung? Lerne jetzt die Pr\u00e4zision von Topcon kennen\",\"breadcrumb\":{\"@id\":\"https:\/\/terraexact.de\/index.php\/automatische-lenkung-mit-lenkradmotor\/#breadcrumb\"},\"inLanguage\":\"de\",\"potentialAction\":[{\"@type\":\"ReadAction\",\"target\":[\"https:\/\/terraexact.de\/index.php\/automatische-lenkung-mit-lenkradmotor\/\"]}]},{\"@type\":\"BreadcrumbList\",\"@id\":\"https:\/\/terraexact.de\/index.php\/automatische-lenkung-mit-lenkradmotor\/#breadcrumb\",\"itemListElement\":[{\"@type\":\"ListItem\",\"position\":1,\"name\":\"Startseite\",\"item\":\"https:\/\/terraexact.de\/\"},{\"@type\":\"ListItem\",\"position\":2,\"name\":\"Automatische Lenkung mit Lenkradmotor\"}]},{\"@type\":\"WebSite\",\"@id\":\"https:\/\/terraexact.de\/#website\",\"url\":\"https:\/\/terraexact.de\/\",\"name\":\"Terraexact\",\"description\":\"\",\"potentialAction\":[{\"@type\":\"SearchAction\",\"target\":{\"@type\":\"EntryPoint\",\"urlTemplate\":\"https:\/\/terraexact.de\/?s={search_term_string}\"},\"query-input\":{\"@type\":\"PropertyValueSpecification\",\"valueRequired\":true,\"valueName\":\"search_term_string\"}}],\"inLanguage\":\"de\"}]}<\/script>\n<!-- \/ Yoast SEO plugin. -->","yoast_head_json":{"title":"Automatische Lenkung mit Lenkradmotor - Terraexact","description":"Du suchst eine einfache, g\u00fcnstige und Hochwertige Alternative f\u00fcr eine automatische Lenkung? Lerne jetzt die Pr\u00e4zision von Topcon kennen","robots":{"index":"index","follow":"follow","max-snippet":"max-snippet:-1","max-image-preview":"max-image-preview:large","max-video-preview":"max-video-preview:-1"},"canonical":"https:\/\/terraexact.de\/index.php\/automatische-lenkung-mit-lenkradmotor\/","og_locale":"de_DE","og_type":"article","og_title":"Automatische Lenkung mit Lenkradmotor - Terraexact","og_description":"Du suchst eine einfache, g\u00fcnstige und Hochwertige Alternative f\u00fcr eine automatische Lenkung? Lerne jetzt die Pr\u00e4zision von Topcon kennen","og_url":"https:\/\/terraexact.de\/index.php\/automatische-lenkung-mit-lenkradmotor\/","og_site_name":"Terraexact","article_modified_time":"2025-11-18T14:49:46+00:00","twitter_card":"summary_large_image","twitter_misc":{"Gesch\u00e4tzte Lesezeit":"2\u00a0Minuten"},"schema":{"@context":"https:\/\/schema.org","@graph":[{"@type":"WebPage","@id":"https:\/\/terraexact.de\/index.php\/automatische-lenkung-mit-lenkradmotor\/","url":"https:\/\/terraexact.de\/index.php\/automatische-lenkung-mit-lenkradmotor\/","name":"Automatische Lenkung mit Lenkradmotor - Terraexact","isPartOf":{"@id":"https:\/\/terraexact.de\/#website"},"datePublished":"2025-11-07T12:56:50+00:00","dateModified":"2025-11-18T14:49:46+00:00","description":"Du suchst eine einfache, g\u00fcnstige und Hochwertige Alternative f\u00fcr eine automatische Lenkung? Lerne jetzt die Pr\u00e4zision von Topcon kennen","breadcrumb":{"@id":"https:\/\/terraexact.de\/index.php\/automatische-lenkung-mit-lenkradmotor\/#breadcrumb"},"inLanguage":"de","potentialAction":[{"@type":"ReadAction","target":["https:\/\/terraexact.de\/index.php\/automatische-lenkung-mit-lenkradmotor\/"]}]},{"@type":"BreadcrumbList","@id":"https:\/\/terraexact.de\/index.php\/automatische-lenkung-mit-lenkradmotor\/#breadcrumb","itemListElement":[{"@type":"ListItem","position":1,"name":"Startseite","item":"https:\/\/terraexact.de\/"},{"@type":"ListItem","position":2,"name":"Automatische Lenkung mit Lenkradmotor"}]},{"@type":"WebSite","@id":"https:\/\/terraexact.de\/#website","url":"https:\/\/terraexact.de\/","name":"Terraexact","description":"","potentialAction":[{"@type":"SearchAction","target":{"@type":"EntryPoint","urlTemplate":"https:\/\/terraexact.de\/?s={search_term_string}"},"query-input":{"@type":"PropertyValueSpecification","valueRequired":true,"valueName":"search_term_string"}}],"inLanguage":"de"}]}},"_links":{"self":[{"href":"https:\/\/terraexact.de\/index.php\/wp-json\/wp\/v2\/pages\/427","targetHints":{"allow":["GET"]}}],"collection":[{"href":"https:\/\/terraexact.de\/index.php\/wp-json\/wp\/v2\/pages"}],"about":[{"href":"https:\/\/terraexact.de\/index.php\/wp-json\/wp\/v2\/types\/page"}],"author":[{"embeddable":true,"href":"https:\/\/terraexact.de\/index.php\/wp-json\/wp\/v2\/users\/3"}],"replies":[{"embeddable":true,"href":"https:\/\/terraexact.de\/index.php\/wp-json\/wp\/v2\/comments?post=427"}],"version-history":[{"count":5,"href":"https:\/\/terraexact.de\/index.php\/wp-json\/wp\/v2\/pages\/427\/revisions"}],"predecessor-version":[{"id":584,"href":"https:\/\/terraexact.de\/index.php\/wp-json\/wp\/v2\/pages\/427\/revisions\/584"}],"wp:attachment":[{"href":"https:\/\/terraexact.de\/index.php\/wp-json\/wp\/v2\/media?parent=427"}],"curies":[{"name":"wp","href":"https:\/\/api.w.org\/{rel}","templated":true}]}}