{"id":376,"date":"2025-11-07T11:20:21","date_gmt":"2025-11-07T11:20:21","guid":{"rendered":"https:\/\/terraexact.de\/?page_id=376"},"modified":"2025-12-08T16:17:39","modified_gmt":"2025-12-08T16:17:39","slug":"xfarm-3","status":"publish","type":"page","link":"https:\/\/terraexact.de\/index.php\/xfarm-3\/","title":{"rendered":"XFarm"},"content":{"rendered":"<p>[et_pb_section fb_built=&#8220;1&#8243; admin_label=&#8220;Header&#8220; _builder_version=&#8220;4.27.4&#8243; _module_preset=&#8220;default&#8220; background_color=&#8220;#f4f4f4&#8243; custom_padding=&#8220;0px||0px||true|false&#8220; collapsed=&#8220;on&#8220; global_colors_info=&#8220;{}&#8220;][et_pb_row column_structure=&#8220;1_2,1_2&#8243; use_custom_gutter=&#8220;on&#8220; gutter_width=&#8220;1&#8243; make_equal=&#8220;on&#8220; _builder_version=&#8220;4.27.4&#8243; _module_preset=&#8220;default&#8220; width=&#8220;100%&#8220; max_width=&#8220;none&#8220; custom_padding=&#8220;0px||0px||true|false&#8220; global_colors_info=&#8220;{}&#8220;][et_pb_column type=&#8220;1_2&#8243; _builder_version=&#8220;4.27.4&#8243; _module_preset=&#8220;default&#8220; background_color=&#8220;#FFFFFF&#8220; background_image=&#8220;https:\/\/terraexact.de\/wp-content\/uploads\/2025\/11\/64b7daa3fdc4c22a4dc33c3d_Rectangle-254-p-1080.jpg&#8220; parallax=&#8220;on&#8220; custom_padding=&#8220;10%|5%|10%|5%|true|true&#8220; global_colors_info=&#8220;{}&#8220;][et_pb_heading _builder_version=&#8220;4.27.4&#8243; _module_preset=&#8220;674ead84-2c3e-46c1-b20f-d757367635cd&#8220; title_text_align=&#8220;center&#8220; title_text_color=&#8220;#FFFFFF&#8220; background_image=&#8220;https:\/\/terraexact.de\/wp-content\/uploads\/2025\/11\/xfarm-1.png&#8220; background_size=&#8220;contain&#8220; custom_margin=&#8220;2px||10px||false|false&#8220; global_colors_info=&#8220;{}&#8220;][\/et_pb_heading][et_pb_heading title=&#8220;xFarm &#8220; _builder_version=&#8220;4.27.4&#8243; _module_preset=&#8220;default&#8220; title_font=&#8220;DM Sans|700|||||||&#8220; title_text_align=&#8220;center&#8220; title_text_color=&#8220;#FFFFFF&#8220; title_font_size=&#8220;80px&#8220; global_colors_info=&#8220;{}&#8220;][\/et_pb_heading][et_pb_heading title=&#8220;Das Farmmanagementsystem&#8220; _builder_version=&#8220;4.27.4&#8243; _module_preset=&#8220;016531d7-dbeb-4a7b-a364-517d8552a5e8&#8243; title_text_align=&#8220;center&#8220; title_text_color=&#8220;#FFFFFF&#8220; global_colors_info=&#8220;{}&#8220;][\/et_pb_heading][et_pb_image src=&#8220;https:\/\/terraexact.de\/wp-content\/uploads\/2025\/11\/xfarm-1.png&#8220; title_text=&#8220;xFarm&#8220; align=&#8220;center&#8220; _builder_version=&#8220;4.27.4&#8243; _module_preset=&#8220;default&#8220; width=&#8220;60%&#8220; module_alignment=&#8220;center&#8220; custom_margin=&#8220;||30px||false|false&#8220; filter_brightness=&#8220;104%&#8220; animation_style=&#8220;slide&#8220; animation_speed_curve=&#8220;ease&#8220; global_colors_info=&#8220;{}&#8220;][\/et_pb_image][et_pb_button button_url=&#8220;https:\/\/terraexact.de\/?page_id=100&#038;et_fb=1&#038;PageSpeed=off&#8220; button_text=&#8220;Jetzt anfragen&#8220; button_alignment=&#8220;center&#8220; _builder_version=&#8220;4.27.4&#8243; _module_preset=&#8220;42a090f9-a74c-4a0a-875b-62b1818519d6&#8243; global_colors_info=&#8220;{}&#8220;][\/et_pb_button][\/et_pb_column][et_pb_column type=&#8220;1_2&#8243; _builder_version=&#8220;4.27.4&#8243; _module_preset=&#8220;default&#8220; background_image=&#8220;https:\/\/terraexact.de\/wp-content\/uploads\/2025\/11\/XFarm2.jpg&#8220; parallax=&#8220;on&#8220; global_colors_info=&#8220;{}&#8220;][et_pb_divider show_divider=&#8220;off&#8220; _builder_version=&#8220;4.25.1&#8243; _module_preset=&#8220;default&#8220; height_tablet=&#8220;50vw&#8220; height_phone=&#8220;50vw&#8220; height_last_edited=&#8220;on|phone&#8220; global_colors_info=&#8220;{}&#8220;][\/et_pb_divider][\/et_pb_column][\/et_pb_row][et_pb_row _builder_version=&#8220;4.27.4&#8243; _module_preset=&#8220;default&#8220; global_colors_info=&#8220;{}&#8220;][et_pb_column type=&#8220;4_4&#8243; _builder_version=&#8220;4.25.1&#8243; _module_preset=&#8220;default&#8220; global_colors_info=&#8220;{}&#8220;][et_pb_heading title=&#8220;Das Farmmanagementsystem mit Kniff&#8220; _builder_version=&#8220;4.27.4&#8243; _module_preset=&#8220;a986f848-2fa1-4cae-bb03-486a5ec1f8f4&#8243; custom_margin=&#8220;||10px||false|false&#8220; global_colors_info=&#8220;{}&#8220;][\/et_pb_heading][et_pb_text _builder_version=&#8220;4.27.4&#8243; _module_preset=&#8220;288fa487-e463-41f1-a16a-df824c82873d&#8220; custom_padding=&#8220;||1px|||&#8220; global_colors_info=&#8220;{}&#8220;]<\/p>\n<p data-start=\"182\" data-end=\"599\"><strong data-start=\"182\" data-end=\"248\">xFarm \u2013 Die digitale Plattform f\u00fcr intelligente Landwirtschaft<\/strong><br data-start=\"248\" data-end=\"251\" \/>xFarm Technologies bietet mit der xFarm-Plattform eine umfassende, benutzerfreundliche L\u00f6sung zur Digitalisierung landwirtschaftlicher Betriebe. Alle wichtigen Informationen \u2013 von Feld- und Wetterdaten \u00fcber Maschinenaktivit\u00e4ten bis hin zu Ertr\u00e4gen und Nachhaltigkeitskennzahlen \u2013 werden zentral erfasst, ausgewertet und \u00fcbersichtlich dargestellt.<\/p>\n<p data-start=\"601\" data-end=\"931\">Mit xFarm k\u00f6nnen Landwirte ihre t\u00e4glichen Aufgaben effizient planen, dokumentieren und analysieren. Die Plattform unterst\u00fctzt Entscheidungen auf Basis von Echtzeitdaten, reduziert B\u00fcroaufwand und hilft, Ressourcen gezielt einzusetzen. So entsteht ein smarter, datengest\u00fctzter Arbeitsablauf, der Zeit spart und Ertr\u00e4ge optimiert.<\/p>\n<p data-start=\"933\" data-end=\"1257\">Dank offener Schnittstellen und Kompatibilit\u00e4t mit f\u00fchrenden Landtechniksystemen l\u00e4sst sich xFarm problemlos in bestehende Betriebsstrukturen integrieren. Die Plattform w\u00e4chst mit den Anforderungen des Betriebs und bildet die digitale Grundlage f\u00fcr eine moderne, nachhaltige und wirtschaftlich erfolgreiche Landwirtschaft.<\/p>\n<p>[\/et_pb_text][\/et_pb_column][\/et_pb_row][\/et_pb_section][et_pb_section fb_built=&#8220;1&#8243; specialty=&#8220;on&#8220; admin_label=&#8220;Stats&#8220; module_id=&#8220;ueber&#8220; _builder_version=&#8220;4.27.4&#8243; _module_preset=&#8220;default&#8220; background_color=&#8220;#f4f4f4&#8243; inner_width=&#8220;90%&#8220; inner_max_width=&#8220;1500px&#8220; global_colors_info=&#8220;{}&#8220;][et_pb_column type=&#8220;1_3&#8243; _builder_version=&#8220;4.16&#8243; _module_preset=&#8220;default&#8220; custom_padding=&#8220;|||&#8220; global_colors_info=&#8220;{}&#8220; custom_padding__hover=&#8220;|||&#8220;][et_pb_heading title=&#8220;xFarm \u2013 Digitalisierung, die Landwirtschaft wachsen l\u00e4sst&#8220; _builder_version=&#8220;4.27.4&#8243; _module_preset=&#8220;250d1b39-0ee1-4e8c-8fda-1935ef17a5ed&#8220; title_font=&#8220;Arimo|600|||||||&#8220; locked=&#8220;off&#8220; global_colors_info=&#8220;{}&#8220;][\/et_pb_heading][\/et_pb_column][et_pb_column type=&#8220;2_3&#8243; specialty_columns=&#8220;2&#8243; _builder_version=&#8220;4.16&#8243; _module_preset=&#8220;default&#8220; custom_padding=&#8220;|||&#8220; global_colors_info=&#8220;{}&#8220; custom_padding__hover=&#8220;|||&#8220;][et_pb_row_inner custom_padding_last_edited=&#8220;on|phone&#8220; _builder_version=&#8220;4.25.2&#8243; _module_preset=&#8220;default&#8220; custom_padding_tablet=&#8220;0px||0px||true|false&#8220; custom_padding_phone=&#8220;0px||0px||true|false&#8220; global_colors_info=&#8220;{}&#8220;][et_pb_column_inner saved_specialty_column_type=&#8220;2_3&#8243; _builder_version=&#8220;4.25.2&#8243; _module_preset=&#8220;default&#8220; global_colors_info=&#8220;{}&#8220;][et_pb_text _builder_version=&#8220;4.27.4&#8243; _module_preset=&#8220;8a99d6eb-b8f2-48e0-b843-c5c7ea974989&#8243; text_font_size=&#8220;17px&#8220; text_orientation=&#8220;center&#8220; max_width=&#8220;625px&#8220; global_colors_info=&#8220;{}&#8220;]<\/p>\n<p>xFarm Technologies bringt die Landwirtschaft ins digitale Zeitalter \u2013 mit einer Plattform, die Daten, Menschen und Maschinen miteinander verbindet. Was fr\u00fcher Notizblock, Funkger\u00e4t und Bauchgef\u00fchl waren, vereint xFarm heute in einer einzigen App. Intuitiv, pr\u00e4zise und so zuverl\u00e4ssig wie der Sonnenaufgang \u00fcber dem Feld.<\/p>\n<p>[\/et_pb_text][et_pb_heading title=&#8220;Zahlen die f\u00fcr sich sprechen&#8220; _builder_version=&#8220;4.27.4&#8243; _module_preset=&#8220;default&#8220; title_font=&#8220;Arimo|600|||||||&#8220; global_colors_info=&#8220;{}&#8220;][\/et_pb_heading][\/et_pb_column_inner][\/et_pb_row_inner][et_pb_row_inner column_structure=&#8220;1_4,1_4,1_4,1_4&#8243; use_custom_gutter=&#8220;on&#8220; gutter_width=&#8220;1&#8243; make_equal=&#8220;on&#8220; _builder_version=&#8220;4.27.4&#8243; _module_preset=&#8220;default&#8220; custom_padding=&#8220;0px||0px||true|&#8220; global_colors_info=&#8220;{}&#8220;][et_pb_column_inner type=&#8220;1_4&#8243; saved_specialty_column_type=&#8220;2_3&#8243; _builder_version=&#8220;4.27.4&#8243; _module_preset=&#8220;default&#8220; global_colors_info=&#8220;{}&#8220;][et_pb_number_counter title=&#8220;Digitalisierte Hektar&#8220; number=&#8220;14.000.000&#8243; _builder_version=&#8220;4.27.4&#8243; _module_preset=&#8220;f704366e-2e30-4fb6-981d-8809930c205d&#8220; number_text_color=&#8220;#699546&#8243; number_font_size=&#8220;40px&#8220; width=&#8220;100%&#8220; link_option_url=&#8220;#&#8220; locked=&#8220;off&#8220; global_colors_info=&#8220;{%22gcid-53054839-b83d-4ef0-8659-8a010e6148fd%22:%91%22title_text_color%22%93}&#8220; background_color__hover=&#8220;#699546&#8243;][\/et_pb_number_counter][\/et_pb_column_inner][et_pb_column_inner type=&#8220;1_4&#8243; saved_specialty_column_type=&#8220;2_3&#8243; _builder_version=&#8220;4.25.2&#8243; _module_preset=&#8220;default&#8220; global_colors_info=&#8220;{}&#8220;][et_pb_number_counter title=&#8220;Integrierte Betriebe&#8220; number=&#8220;550.000&#8243; _builder_version=&#8220;4.27.4&#8243; _module_preset=&#8220;f704366e-2e30-4fb6-981d-8809930c205d&#8220; number_text_color=&#8220;#699546&#8243; number_font_size=&#8220;40px&#8220; link_option_url=&#8220;#&#8220; global_colors_info=&#8220;{}&#8220; background_color__hover=&#8220;#699546&#8243;][\/et_pb_number_counter][\/et_pb_column_inner][et_pb_column_inner type=&#8220;1_4&#8243; saved_specialty_column_type=&#8220;2_3&#8243; _builder_version=&#8220;4.25.2&#8243; _module_preset=&#8220;default&#8220; global_colors_info=&#8220;{}&#8220;][et_pb_number_counter title=&#8220;verkn\u00fcpfte Maschinen&#8220; number=&#8220;12.000&#8243; _builder_version=&#8220;4.27.4&#8243; _module_preset=&#8220;f704366e-2e30-4fb6-981d-8809930c205d&#8220; number_text_color=&#8220;#699546&#8243; number_font_size=&#8220;40px&#8220; link_option_url=&#8220;#&#8220; locked=&#8220;off&#8220; global_colors_info=&#8220;{%22gcid-53054839-b83d-4ef0-8659-8a010e6148fd%22:%91%22title_text_color%22%93}&#8220; background_color__hover=&#8220;#699546&#8243;][\/et_pb_number_counter][\/et_pb_column_inner][et_pb_column_inner type=&#8220;1_4&#8243; saved_specialty_column_type=&#8220;2_3&#8243; _builder_version=&#8220;4.25.2&#8243; _module_preset=&#8220;default&#8220; global_colors_info=&#8220;{}&#8220;][et_pb_number_counter title=&#8220;Unterst\u00fctze Pflanzenarten&#8220; number=&#8220;500&#8243; _builder_version=&#8220;4.27.4&#8243; _module_preset=&#8220;f704366e-2e30-4fb6-981d-8809930c205d&#8220; number_text_color=&#8220;#699546&#8243; number_font_size=&#8220;40px&#8220; link_option_url=&#8220;#&#8220; locked=&#8220;off&#8220; global_colors_info=&#8220;{%22gcid-53054839-b83d-4ef0-8659-8a010e6148fd%22:%91%22title_text_color%22%93}&#8220; background_color__hover=&#8220;#699546&#8243;][\/et_pb_number_counter][\/et_pb_column_inner][\/et_pb_row_inner][\/et_pb_column][\/et_pb_section]<\/p>\n","protected":false},"excerpt":{"rendered":"<p>xFarm \u2013 Die digitale Plattform f\u00fcr intelligente LandwirtschaftxFarm Technologies bietet mit der xFarm-Plattform eine umfassende, benutzerfreundliche L\u00f6sung zur Digitalisierung landwirtschaftlicher Betriebe. Alle wichtigen Informationen \u2013 von Feld- und Wetterdaten \u00fcber Maschinenaktivit\u00e4ten bis hin zu Ertr\u00e4gen und Nachhaltigkeitskennzahlen \u2013 werden zentral erfasst, ausgewertet und \u00fcbersichtlich dargestellt. Mit xFarm k\u00f6nnen Landwirte ihre t\u00e4glichen Aufgaben effizient planen, dokumentieren [&hellip;]<\/p>\n","protected":false},"author":3,"featured_media":0,"parent":0,"menu_order":0,"comment_status":"closed","ping_status":"closed","template":"","meta":{"_et_pb_use_builder":"on","_et_pb_old_content":"","_et_gb_content_width":"","footnotes":""},"class_list":["post-376","page","type-page","status-publish","hentry"],"yoast_head":"<!-- This site is optimized with the Yoast SEO plugin v26.6 - https:\/\/yoast.com\/wordpress\/plugins\/seo\/ -->\n<title>XFarm - Terraexact<\/title>\n<meta name=\"description\" content=\"Mit dem Farmmanagementsystem von XFarm k\u00f6nnen alle deine Daten vollst\u00e4ndig verkn\u00fcpft werden. Erweiterbar mit diversen Sensoren im Feld.\" \/>\n<meta name=\"robots\" content=\"index, follow, max-snippet:-1, max-image-preview:large, max-video-preview:-1\" \/>\n<link rel=\"canonical\" href=\"https:\/\/terraexact.de\/index.php\/xfarm-3\/\" \/>\n<meta property=\"og:locale\" content=\"de_DE\" \/>\n<meta property=\"og:type\" content=\"article\" \/>\n<meta property=\"og:title\" content=\"XFarm - Terraexact\" \/>\n<meta property=\"og:description\" content=\"Mit dem Farmmanagementsystem von XFarm k\u00f6nnen alle deine Daten vollst\u00e4ndig verkn\u00fcpft werden. Erweiterbar mit diversen Sensoren im Feld.\" \/>\n<meta property=\"og:url\" content=\"https:\/\/terraexact.de\/index.php\/xfarm-3\/\" \/>\n<meta property=\"og:site_name\" content=\"Terraexact\" \/>\n<meta property=\"article:modified_time\" content=\"2025-12-08T16:17:39+00:00\" \/>\n<meta name=\"twitter:card\" content=\"summary_large_image\" \/>\n<meta name=\"twitter:label1\" content=\"Gesch\u00e4tzte Lesezeit\" \/>\n\t<meta name=\"twitter:data1\" content=\"2\u00a0Minuten\" \/>\n<script type=\"application\/ld+json\" class=\"yoast-schema-graph\">{\"@context\":\"https:\/\/schema.org\",\"@graph\":[{\"@type\":\"WebPage\",\"@id\":\"https:\/\/terraexact.de\/index.php\/xfarm-3\/\",\"url\":\"https:\/\/terraexact.de\/index.php\/xfarm-3\/\",\"name\":\"XFarm - Terraexact\",\"isPartOf\":{\"@id\":\"https:\/\/terraexact.de\/#website\"},\"datePublished\":\"2025-11-07T11:20:21+00:00\",\"dateModified\":\"2025-12-08T16:17:39+00:00\",\"description\":\"Mit dem Farmmanagementsystem von XFarm k\u00f6nnen alle deine Daten vollst\u00e4ndig verkn\u00fcpft werden. Erweiterbar mit diversen Sensoren im Feld.\",\"breadcrumb\":{\"@id\":\"https:\/\/terraexact.de\/index.php\/xfarm-3\/#breadcrumb\"},\"inLanguage\":\"de\",\"potentialAction\":[{\"@type\":\"ReadAction\",\"target\":[\"https:\/\/terraexact.de\/index.php\/xfarm-3\/\"]}]},{\"@type\":\"BreadcrumbList\",\"@id\":\"https:\/\/terraexact.de\/index.php\/xfarm-3\/#breadcrumb\",\"itemListElement\":[{\"@type\":\"ListItem\",\"position\":1,\"name\":\"Startseite\",\"item\":\"https:\/\/terraexact.de\/\"},{\"@type\":\"ListItem\",\"position\":2,\"name\":\"XFarm\"}]},{\"@type\":\"WebSite\",\"@id\":\"https:\/\/terraexact.de\/#website\",\"url\":\"https:\/\/terraexact.de\/\",\"name\":\"Terraexact\",\"description\":\"\",\"potentialAction\":[{\"@type\":\"SearchAction\",\"target\":{\"@type\":\"EntryPoint\",\"urlTemplate\":\"https:\/\/terraexact.de\/?s={search_term_string}\"},\"query-input\":{\"@type\":\"PropertyValueSpecification\",\"valueRequired\":true,\"valueName\":\"search_term_string\"}}],\"inLanguage\":\"de\"}]}<\/script>\n<!-- \/ Yoast SEO plugin. -->","yoast_head_json":{"title":"XFarm - Terraexact","description":"Mit dem Farmmanagementsystem von XFarm k\u00f6nnen alle deine Daten vollst\u00e4ndig verkn\u00fcpft werden. Erweiterbar mit diversen Sensoren im Feld.","robots":{"index":"index","follow":"follow","max-snippet":"max-snippet:-1","max-image-preview":"max-image-preview:large","max-video-preview":"max-video-preview:-1"},"canonical":"https:\/\/terraexact.de\/index.php\/xfarm-3\/","og_locale":"de_DE","og_type":"article","og_title":"XFarm - Terraexact","og_description":"Mit dem Farmmanagementsystem von XFarm k\u00f6nnen alle deine Daten vollst\u00e4ndig verkn\u00fcpft werden. Erweiterbar mit diversen Sensoren im Feld.","og_url":"https:\/\/terraexact.de\/index.php\/xfarm-3\/","og_site_name":"Terraexact","article_modified_time":"2025-12-08T16:17:39+00:00","twitter_card":"summary_large_image","twitter_misc":{"Gesch\u00e4tzte Lesezeit":"2\u00a0Minuten"},"schema":{"@context":"https:\/\/schema.org","@graph":[{"@type":"WebPage","@id":"https:\/\/terraexact.de\/index.php\/xfarm-3\/","url":"https:\/\/terraexact.de\/index.php\/xfarm-3\/","name":"XFarm - Terraexact","isPartOf":{"@id":"https:\/\/terraexact.de\/#website"},"datePublished":"2025-11-07T11:20:21+00:00","dateModified":"2025-12-08T16:17:39+00:00","description":"Mit dem Farmmanagementsystem von XFarm k\u00f6nnen alle deine Daten vollst\u00e4ndig verkn\u00fcpft werden. Erweiterbar mit diversen Sensoren im Feld.","breadcrumb":{"@id":"https:\/\/terraexact.de\/index.php\/xfarm-3\/#breadcrumb"},"inLanguage":"de","potentialAction":[{"@type":"ReadAction","target":["https:\/\/terraexact.de\/index.php\/xfarm-3\/"]}]},{"@type":"BreadcrumbList","@id":"https:\/\/terraexact.de\/index.php\/xfarm-3\/#breadcrumb","itemListElement":[{"@type":"ListItem","position":1,"name":"Startseite","item":"https:\/\/terraexact.de\/"},{"@type":"ListItem","position":2,"name":"XFarm"}]},{"@type":"WebSite","@id":"https:\/\/terraexact.de\/#website","url":"https:\/\/terraexact.de\/","name":"Terraexact","description":"","potentialAction":[{"@type":"SearchAction","target":{"@type":"EntryPoint","urlTemplate":"https:\/\/terraexact.de\/?s={search_term_string}"},"query-input":{"@type":"PropertyValueSpecification","valueRequired":true,"valueName":"search_term_string"}}],"inLanguage":"de"}]}},"_links":{"self":[{"href":"https:\/\/terraexact.de\/index.php\/wp-json\/wp\/v2\/pages\/376","targetHints":{"allow":["GET"]}}],"collection":[{"href":"https:\/\/terraexact.de\/index.php\/wp-json\/wp\/v2\/pages"}],"about":[{"href":"https:\/\/terraexact.de\/index.php\/wp-json\/wp\/v2\/types\/page"}],"author":[{"embeddable":true,"href":"https:\/\/terraexact.de\/index.php\/wp-json\/wp\/v2\/users\/3"}],"replies":[{"embeddable":true,"href":"https:\/\/terraexact.de\/index.php\/wp-json\/wp\/v2\/comments?post=376"}],"version-history":[{"count":13,"href":"https:\/\/terraexact.de\/index.php\/wp-json\/wp\/v2\/pages\/376\/revisions"}],"predecessor-version":[{"id":766,"href":"https:\/\/terraexact.de\/index.php\/wp-json\/wp\/v2\/pages\/376\/revisions\/766"}],"wp:attachment":[{"href":"https:\/\/terraexact.de\/index.php\/wp-json\/wp\/v2\/media?parent=376"}],"curies":[{"name":"wp","href":"https:\/\/api.w.org\/{rel}","templated":true}]}}