{"id":330,"date":"2025-11-07T11:18:41","date_gmt":"2025-11-07T11:18:41","guid":{"rendered":"https:\/\/terraexact.de\/?page_id=330"},"modified":"2025-11-18T14:40:59","modified_gmt":"2025-11-18T14:40:59","slug":"ag2mate-autonomie-zum-nachruesten","status":"publish","type":"page","link":"https:\/\/terraexact.de\/index.php\/ag2mate-autonomie-zum-nachruesten\/","title":{"rendered":"Ag2Mate Autonomie zum Nachr\u00fcsten"},"content":{"rendered":"\n[et_pb_section fb_built=&#8220;1&#8243; admin_label=&#8220;Header&#8220; _builder_version=&#8220;4.27.4&#8243; _module_preset=&#8220;default&#8220; background_color=&#8220;#e5e5e5&#8243; custom_padding=&#8220;0px||0px||true|false&#8220; collapsed=&#8220;on&#8220; global_colors_info=&#8220;{}&#8220;][et_pb_row column_structure=&#8220;1_2,1_2&#8243; use_custom_gutter=&#8220;on&#8220; gutter_width=&#8220;1&#8243; make_equal=&#8220;on&#8220; _builder_version=&#8220;4.27.4&#8243; _module_preset=&#8220;default&#8220; background_enable_image=&#8220;off&#8220; width=&#8220;100%&#8220; max_width=&#8220;none&#8220; min_height=&#8220;620px&#8220; custom_padding=&#8220;0px||0px||true|false&#8220; hover_enabled=&#8220;0&#8243; global_colors_info=&#8220;{}&#8220; sticky_enabled=&#8220;0&#8243;][et_pb_column type=&#8220;1_2&#8243; _builder_version=&#8220;4.27.4&#8243; _module_preset=&#8220;default&#8220; background_color=&#8220;#FFFFFF&#8220; background_image=&#8220;https:\/\/terraexact.de\/wp-content\/uploads\/2025\/11\/2-1-scaled.jpg&#8220; custom_padding=&#8220;10%|5%|10%|5%|true|true&#8220; hover_enabled=&#8220;0&#8243; global_colors_info=&#8220;{}&#8220; parallax=&#8220;on&#8220; sticky_enabled=&#8220;0&#8243;][et_pb_heading title=&#8220;Ag2Mate&#8220; _builder_version=&#8220;4.27.4&#8243; _module_preset=&#8220;674ead84-2c3e-46c1-b20f-d757367635cd&#8220; title_text_align=&#8220;center&#8220; title_text_color=&#8220;#FFFFFF&#8220; custom_margin=&#8220;2px||10px||false|false&#8220; global_colors_info=&#8220;{}&#8220;][\/et_pb_heading][et_pb_heading title=&#8220;Autonomie zum Nachr\u00fcsten&#8220; _builder_version=&#8220;4.27.4&#8243; _module_preset=&#8220;016531d7-dbeb-4a7b-a364-517d8552a5e8&#8243; title_text_align=&#8220;center&#8220; title_text_color=&#8220;#FFFFFF&#8220; global_colors_info=&#8220;{}&#8220;][\/et_pb_heading][et_pb_image src=&#8220;https:\/\/terraexact.de\/wp-content\/uploads\/2025\/11\/3-1-scaled.jpg&#8220; title_text=&#8220;3&#8243; _builder_version=&#8220;4.27.4&#8243; _module_preset=&#8220;default&#8220; global_colors_info=&#8220;{}&#8220;][\/et_pb_image][et_pb_button button_url=&#8220;https:\/\/terraexact.de\/?page_id=100&#038;et_fb=1&#038;PageSpeed=off&#8220; button_text=&#8220;Jetzt anfragen&#8220; button_alignment=&#8220;center&#8220; _builder_version=&#8220;4.27.4&#8243; _module_preset=&#8220;42a090f9-a74c-4a0a-875b-62b1818519d6&#8243; button_text_size=&#8220;16px&#8220; global_colors_info=&#8220;{}&#8220;][\/et_pb_button][\/et_pb_column][et_pb_column type=&#8220;1_2&#8243; _builder_version=&#8220;4.27.4&#8243; _module_preset=&#8220;default&#8220; background_image=&#8220;https:\/\/terraexact.de\/wp-content\/uploads\/2025\/11\/1-1-scaled.jpg&#8220; hover_enabled=&#8220;0&#8243; global_colors_info=&#8220;{}&#8220; parallax=&#8220;on&#8220; sticky_enabled=&#8220;0&#8243;][et_pb_divider show_divider=&#8220;off&#8220; _builder_version=&#8220;4.25.1&#8243; _module_preset=&#8220;default&#8220; height_tablet=&#8220;50vw&#8220; height_phone=&#8220;50vw&#8220; height_last_edited=&#8220;on|phone&#8220; global_colors_info=&#8220;{}&#8220;][\/et_pb_divider][\/et_pb_column][\/et_pb_row][\/et_pb_section][et_pb_section fb_built=&#8220;1&#8243; admin_label=&#8220;About&#8220; _builder_version=&#8220;4.25.1&#8243; _module_preset=&#8220;default&#8220; collapsed=&#8220;on&#8220; global_colors_info=&#8220;{}&#8220;][et_pb_row _builder_version=&#8220;4.27.4&#8243; _module_preset=&#8220;default&#8220; global_colors_info=&#8220;{}&#8220;][et_pb_column type=&#8220;4_4&#8243; _builder_version=&#8220;4.25.1&#8243; _module_preset=&#8220;default&#8220; global_colors_info=&#8220;{}&#8220;][et_pb_heading title=&#8220;Die wirklich Autonome Nachr\u00fcstung&#8220; _builder_version=&#8220;4.27.4&#8243; _module_preset=&#8220;a986f848-2fa1-4cae-bb03-486a5ec1f8f4&#8243; custom_margin=&#8220;||10px||false|false&#8220; global_colors_info=&#8220;{}&#8220;][\/et_pb_heading][et_pb_text _builder_version=&#8220;4.27.4&#8243; _module_preset=&#8220;288fa487-e463-41f1-a16a-df824c82873d&#8220; custom_padding=&#8220;||1px|||&#8220; global_colors_info=&#8220;{}&#8220;]<hr data-start=\"86\" data-end=\"89\" \/>\n<p data-start=\"91\" data-end=\"409\"><strong data-start=\"91\" data-end=\"137\">Ag2Mate \u2013 Machen Sie Ihren Traktor autonom<\/strong><br data-start=\"137\" data-end=\"140\" \/>Mit dem Ag2Mate von Thorsen Teknik wird Ihr herk\u00f6mmlicher Traktor zur intelligenten, teil- oder vollautonomen Maschine. Ohne den Kauf neuer Ger\u00e4te k\u00f6nnen Landwirte bestehende Traktoren aufr\u00fcsten und so die Vorteile der modernen, automatisierten Landwirtschaft nutzen.<\/p>\n<p data-start=\"411\" data-end=\"714\">Der Ag2Mate \u00fcbernimmt pr\u00e4zise Fahrfunktionen, optimiert die Maschinensteuerung und sorgt f\u00fcr eine gleichm\u00e4\u00dfige, effiziente Bearbeitung Ihrer Felder. \u00dcber die intuitive Benutzeroberfl\u00e4che behalten Sie jederzeit die volle Kontrolle, w\u00e4hrend das System Ihre Arbeit automatisch \u00fcberwacht und dokumentiert.<\/p>\n<p data-start=\"716\" data-end=\"1028\">Dank der nahtlosen Integration in bestehende Systeme und ISOBUS-Kompatibilit\u00e4t profitieren Sie von einer smarten, vernetzten L\u00f6sung, die Kraftstoff spart, Verschlei\u00df reduziert und die Produktivit\u00e4t deutlich steigert. Mit Ag2Mate bringen Sie Effizienz, Pr\u00e4zision und Zukunftstechnologie direkt in Ihren Betrieb.<\/p>[\/et_pb_text][et_pb_button button_url=&#8220;https:\/\/thorsenteknik.com\/&#8220; button_text=&#8220;Ab zu Thorsen Teknik&#8220; button_alignment=&#8220;center&#8220; _builder_version=&#8220;4.27.4&#8243; _module_preset=&#8220;default&#8220; global_colors_info=&#8220;{}&#8220;][\/et_pb_button][\/et_pb_column][\/et_pb_row][\/et_pb_section]\n","protected":false},"excerpt":{"rendered":"<p>Ag2Mate \u2013 Machen Sie Ihren Traktor autonomMit dem Ag2Mate von Thorsen Teknik wird Ihr herk\u00f6mmlicher Traktor zur intelligenten, teil- oder vollautonomen Maschine. Ohne den Kauf neuer Ger\u00e4te k\u00f6nnen Landwirte bestehende Traktoren aufr\u00fcsten und so die Vorteile der modernen, automatisierten Landwirtschaft nutzen. Der Ag2Mate \u00fcbernimmt pr\u00e4zise Fahrfunktionen, optimiert die Maschinensteuerung und sorgt f\u00fcr eine gleichm\u00e4\u00dfige, effiziente [&hellip;]<\/p>\n","protected":false},"author":3,"featured_media":0,"parent":0,"menu_order":0,"comment_status":"closed","ping_status":"closed","template":"","meta":{"_et_pb_use_builder":"on","_et_pb_old_content":"","_et_gb_content_width":"","footnotes":""},"class_list":["post-330","page","type-page","status-publish","hentry"],"yoast_head":"<!-- This site is optimized with the Yoast SEO plugin v26.6 - https:\/\/yoast.com\/wordpress\/plugins\/seo\/ -->\n<title>Ag2Mate Autonomie zum Nachr\u00fcsten - Terraexact<\/title>\n<meta name=\"description\" content=\"Autonomie zum Nachr\u00fcsten - Ganz einfach und Unkompliziert mit AG2Mate von Thorsen-Teknik aus D\u00e4nemark. Kontaktiere uns f\u00fcr eine Vorf\u00fchrung\" \/>\n<meta name=\"robots\" content=\"index, follow, max-snippet:-1, max-image-preview:large, max-video-preview:-1\" \/>\n<link rel=\"canonical\" href=\"https:\/\/terraexact.de\/index.php\/ag2mate-autonomie-zum-nachruesten\/\" \/>\n<meta property=\"og:locale\" content=\"de_DE\" \/>\n<meta property=\"og:type\" content=\"article\" \/>\n<meta property=\"og:title\" content=\"Ag2Mate Autonomie zum Nachr\u00fcsten - Terraexact\" \/>\n<meta property=\"og:description\" content=\"Autonomie zum Nachr\u00fcsten - Ganz einfach und Unkompliziert mit AG2Mate von Thorsen-Teknik aus D\u00e4nemark. Kontaktiere uns f\u00fcr eine Vorf\u00fchrung\" \/>\n<meta property=\"og:url\" content=\"https:\/\/terraexact.de\/index.php\/ag2mate-autonomie-zum-nachruesten\/\" \/>\n<meta property=\"og:site_name\" content=\"Terraexact\" \/>\n<meta property=\"article:modified_time\" content=\"2025-11-18T14:40:59+00:00\" \/>\n<meta name=\"twitter:card\" content=\"summary_large_image\" \/>\n<meta name=\"twitter:label1\" content=\"Gesch\u00e4tzte Lesezeit\" \/>\n\t<meta name=\"twitter:data1\" content=\"1\u00a0Minute\" \/>\n<script type=\"application\/ld+json\" class=\"yoast-schema-graph\">{\"@context\":\"https:\/\/schema.org\",\"@graph\":[{\"@type\":\"WebPage\",\"@id\":\"https:\/\/terraexact.de\/index.php\/ag2mate-autonomie-zum-nachruesten\/\",\"url\":\"https:\/\/terraexact.de\/index.php\/ag2mate-autonomie-zum-nachruesten\/\",\"name\":\"Ag2Mate Autonomie zum Nachr\u00fcsten - Terraexact\",\"isPartOf\":{\"@id\":\"https:\/\/terraexact.de\/#website\"},\"datePublished\":\"2025-11-07T11:18:41+00:00\",\"dateModified\":\"2025-11-18T14:40:59+00:00\",\"description\":\"Autonomie zum Nachr\u00fcsten - Ganz einfach und Unkompliziert mit AG2Mate von Thorsen-Teknik aus D\u00e4nemark. Kontaktiere uns f\u00fcr eine Vorf\u00fchrung\",\"breadcrumb\":{\"@id\":\"https:\/\/terraexact.de\/index.php\/ag2mate-autonomie-zum-nachruesten\/#breadcrumb\"},\"inLanguage\":\"de\",\"potentialAction\":[{\"@type\":\"ReadAction\",\"target\":[\"https:\/\/terraexact.de\/index.php\/ag2mate-autonomie-zum-nachruesten\/\"]}]},{\"@type\":\"BreadcrumbList\",\"@id\":\"https:\/\/terraexact.de\/index.php\/ag2mate-autonomie-zum-nachruesten\/#breadcrumb\",\"itemListElement\":[{\"@type\":\"ListItem\",\"position\":1,\"name\":\"Startseite\",\"item\":\"https:\/\/terraexact.de\/\"},{\"@type\":\"ListItem\",\"position\":2,\"name\":\"Ag2Mate Autonomie zum Nachr\u00fcsten\"}]},{\"@type\":\"WebSite\",\"@id\":\"https:\/\/terraexact.de\/#website\",\"url\":\"https:\/\/terraexact.de\/\",\"name\":\"Terraexact\",\"description\":\"\",\"potentialAction\":[{\"@type\":\"SearchAction\",\"target\":{\"@type\":\"EntryPoint\",\"urlTemplate\":\"https:\/\/terraexact.de\/?s={search_term_string}\"},\"query-input\":{\"@type\":\"PropertyValueSpecification\",\"valueRequired\":true,\"valueName\":\"search_term_string\"}}],\"inLanguage\":\"de\"}]}<\/script>\n<!-- \/ Yoast SEO plugin. -->","yoast_head_json":{"title":"Ag2Mate Autonomie zum Nachr\u00fcsten - Terraexact","description":"Autonomie zum Nachr\u00fcsten - Ganz einfach und Unkompliziert mit AG2Mate von Thorsen-Teknik aus D\u00e4nemark. Kontaktiere uns f\u00fcr eine Vorf\u00fchrung","robots":{"index":"index","follow":"follow","max-snippet":"max-snippet:-1","max-image-preview":"max-image-preview:large","max-video-preview":"max-video-preview:-1"},"canonical":"https:\/\/terraexact.de\/index.php\/ag2mate-autonomie-zum-nachruesten\/","og_locale":"de_DE","og_type":"article","og_title":"Ag2Mate Autonomie zum Nachr\u00fcsten - Terraexact","og_description":"Autonomie zum Nachr\u00fcsten - Ganz einfach und Unkompliziert mit AG2Mate von Thorsen-Teknik aus D\u00e4nemark. Kontaktiere uns f\u00fcr eine Vorf\u00fchrung","og_url":"https:\/\/terraexact.de\/index.php\/ag2mate-autonomie-zum-nachruesten\/","og_site_name":"Terraexact","article_modified_time":"2025-11-18T14:40:59+00:00","twitter_card":"summary_large_image","twitter_misc":{"Gesch\u00e4tzte Lesezeit":"1\u00a0Minute"},"schema":{"@context":"https:\/\/schema.org","@graph":[{"@type":"WebPage","@id":"https:\/\/terraexact.de\/index.php\/ag2mate-autonomie-zum-nachruesten\/","url":"https:\/\/terraexact.de\/index.php\/ag2mate-autonomie-zum-nachruesten\/","name":"Ag2Mate Autonomie zum Nachr\u00fcsten - Terraexact","isPartOf":{"@id":"https:\/\/terraexact.de\/#website"},"datePublished":"2025-11-07T11:18:41+00:00","dateModified":"2025-11-18T14:40:59+00:00","description":"Autonomie zum Nachr\u00fcsten - Ganz einfach und Unkompliziert mit AG2Mate von Thorsen-Teknik aus D\u00e4nemark. Kontaktiere uns f\u00fcr eine Vorf\u00fchrung","breadcrumb":{"@id":"https:\/\/terraexact.de\/index.php\/ag2mate-autonomie-zum-nachruesten\/#breadcrumb"},"inLanguage":"de","potentialAction":[{"@type":"ReadAction","target":["https:\/\/terraexact.de\/index.php\/ag2mate-autonomie-zum-nachruesten\/"]}]},{"@type":"BreadcrumbList","@id":"https:\/\/terraexact.de\/index.php\/ag2mate-autonomie-zum-nachruesten\/#breadcrumb","itemListElement":[{"@type":"ListItem","position":1,"name":"Startseite","item":"https:\/\/terraexact.de\/"},{"@type":"ListItem","position":2,"name":"Ag2Mate Autonomie zum Nachr\u00fcsten"}]},{"@type":"WebSite","@id":"https:\/\/terraexact.de\/#website","url":"https:\/\/terraexact.de\/","name":"Terraexact","description":"","potentialAction":[{"@type":"SearchAction","target":{"@type":"EntryPoint","urlTemplate":"https:\/\/terraexact.de\/?s={search_term_string}"},"query-input":{"@type":"PropertyValueSpecification","valueRequired":true,"valueName":"search_term_string"}}],"inLanguage":"de"}]}},"_links":{"self":[{"href":"https:\/\/terraexact.de\/index.php\/wp-json\/wp\/v2\/pages\/330","targetHints":{"allow":["GET"]}}],"collection":[{"href":"https:\/\/terraexact.de\/index.php\/wp-json\/wp\/v2\/pages"}],"about":[{"href":"https:\/\/terraexact.de\/index.php\/wp-json\/wp\/v2\/types\/page"}],"author":[{"embeddable":true,"href":"https:\/\/terraexact.de\/index.php\/wp-json\/wp\/v2\/users\/3"}],"replies":[{"embeddable":true,"href":"https:\/\/terraexact.de\/index.php\/wp-json\/wp\/v2\/comments?post=330"}],"version-history":[{"count":5,"href":"https:\/\/terraexact.de\/index.php\/wp-json\/wp\/v2\/pages\/330\/revisions"}],"predecessor-version":[{"id":582,"href":"https:\/\/terraexact.de\/index.php\/wp-json\/wp\/v2\/pages\/330\/revisions\/582"}],"wp:attachment":[{"href":"https:\/\/terraexact.de\/index.php\/wp-json\/wp\/v2\/media?parent=330"}],"curies":[{"name":"wp","href":"https:\/\/api.w.org\/{rel}","templated":true}]}}