{"id":316,"date":"2025-11-06T16:35:42","date_gmt":"2025-11-06T16:35:42","guid":{"rendered":"https:\/\/terraexact.de\/?page_id=316"},"modified":"2025-11-18T14:44:50","modified_gmt":"2025-11-18T14:44:50","slug":"aktive-geraetesteuerung","status":"publish","type":"page","link":"https:\/\/terraexact.de\/index.php\/aktive-geraetesteuerung\/","title":{"rendered":"Aktive Ger\u00e4testeuerung"},"content":{"rendered":"\n[et_pb_section fb_built=&#8220;1&#8243; admin_label=&#8220;Header&#8220; _builder_version=&#8220;4.27.4&#8243; _module_preset=&#8220;default&#8220; background_color=&#8220;#e5e5e5&#8243; custom_padding=&#8220;0px||0px||true|false&#8220; collapsed=&#8220;on&#8220; global_colors_info=&#8220;{}&#8220;][et_pb_row column_structure=&#8220;1_2,1_2&#8243; use_custom_gutter=&#8220;on&#8220; gutter_width=&#8220;1&#8243; make_equal=&#8220;on&#8220; _builder_version=&#8220;4.27.4&#8243; _module_preset=&#8220;default&#8220; width=&#8220;100%&#8220; max_width=&#8220;none&#8220; custom_padding=&#8220;0px||0px||true|false&#8220; hover_enabled=&#8220;0&#8243; global_colors_info=&#8220;{}&#8220; sticky_enabled=&#8220;0&#8243;][et_pb_column type=&#8220;1_2&#8243; _builder_version=&#8220;4.27.4&#8243; _module_preset=&#8220;default&#8220; background_color=&#8220;#FFFFFF&#8220; background_image=&#8220;https:\/\/terraexact.de\/wp-content\/uploads\/2025\/11\/Avr-4.jpg&#8220; custom_padding=&#8220;10%|5%|10%|5%|true|true&#8220; hover_enabled=&#8220;0&#8243; global_colors_info=&#8220;{}&#8220; title_text=&#8220;Avr -4&#8243; sticky_enabled=&#8220;0&#8243; parallax=&#8220;on&#8220;][et_pb_heading title=&#8220;IMP-Steer&#8220; _builder_version=&#8220;4.27.4&#8243; _module_preset=&#8220;674ead84-2c3e-46c1-b20f-d757367635cd&#8220; title_text_align=&#8220;center&#8220; title_text_color=&#8220;#FFFFFF&#8220; custom_margin=&#8220;2px||10px||false|false&#8220; title_text_shadow_style=&#8220;preset5&#8243; global_colors_info=&#8220;{}&#8220;][\/et_pb_heading][et_pb_heading title=&#8220;Wir bringen dein Arbeitsger\u00e4t auf Kurs &#8220; _builder_version=&#8220;4.27.4&#8243; _module_preset=&#8220;016531d7-dbeb-4a7b-a364-517d8552a5e8&#8243; title_text_align=&#8220;center&#8220; title_text_color=&#8220;#FFFFFF&#8220; title_text_shadow_style=&#8220;preset5&#8243; global_colors_info=&#8220;{}&#8220;][\/et_pb_heading][et_pb_image src=&#8220;https:\/\/terraexact.de\/wp-content\/uploads\/2025\/11\/Design-ohne-Titel-2025-11-06T165932.816.png&#8220; title_text=&#8220;Design ohne Titel &#8211; 2025-11-06T165932.816&#8243; align=&#8220;center&#8220; _builder_version=&#8220;4.27.4&#8243; _module_preset=&#8220;default&#8220; width=&#8220;60%&#8220; module_alignment=&#8220;center&#8220; custom_margin=&#8220;||30px||false|false&#8220; animation_style=&#8220;slide&#8220; animation_speed_curve=&#8220;ease&#8220; global_colors_info=&#8220;{}&#8220;][\/et_pb_image][et_pb_button button_url=&#8220;https:\/\/terraexact.de\/?page_id=100&#038;et_fb=1&#038;PageSpeed=off&#8220; button_text=&#8220;Jetzt anfragen&#8220; button_alignment=&#8220;center&#8220; _builder_version=&#8220;4.27.4&#8243; _module_preset=&#8220;42a090f9-a74c-4a0a-875b-62b1818519d6&#8243; global_colors_info=&#8220;{}&#8220;][\/et_pb_button][\/et_pb_column][et_pb_column type=&#8220;1_2&#8243; _builder_version=&#8220;4.27.4&#8243; _module_preset=&#8220;default&#8220; background_image=&#8220;https:\/\/terraexact.de\/wp-content\/uploads\/2025\/11\/DJI_20240703110227_0209_D-10.jpg&#8220; hover_enabled=&#8220;0&#8243; global_colors_info=&#8220;{}&#8220; title_text=&#8220;default&#8220; sticky_enabled=&#8220;0&#8243; parallax=&#8220;on&#8220;][et_pb_divider show_divider=&#8220;off&#8220; _builder_version=&#8220;4.25.1&#8243; _module_preset=&#8220;default&#8220; height_tablet=&#8220;50vw&#8220; height_phone=&#8220;50vw&#8220; height_last_edited=&#8220;on|phone&#8220; global_colors_info=&#8220;{}&#8220;][\/et_pb_divider][\/et_pb_column][\/et_pb_row][\/et_pb_section][et_pb_section fb_built=&#8220;1&#8243; admin_label=&#8220;About&#8220; _builder_version=&#8220;4.27.4&#8243; _module_preset=&#8220;default&#8220; collapsed=&#8220;on&#8220; global_colors_info=&#8220;{}&#8220;][et_pb_row _builder_version=&#8220;4.27.4&#8243; _module_preset=&#8220;default&#8220; global_colors_info=&#8220;{}&#8220;][et_pb_column type=&#8220;4_4&#8243; _builder_version=&#8220;4.25.1&#8243; _module_preset=&#8220;default&#8220; global_colors_info=&#8220;{}&#8220;][et_pb_heading title=&#8220;IMP-Steer Aktive Ger\u00e4testeuerung&#8220; _builder_version=&#8220;4.25.1&#8243; _module_preset=&#8220;a986f848-2fa1-4cae-bb03-486a5ec1f8f4&#8243; custom_margin=&#8220;||10px||false|false&#8220; global_colors_info=&#8220;{}&#8220;][\/et_pb_heading][et_pb_text _builder_version=&#8220;4.25.1&#8243; _module_preset=&#8220;288fa487-e463-41f1-a16a-df824c82873d&#8220; custom_padding=&#8220;||1px|||&#8220; global_colors_info=&#8220;{}&#8220;]<p data-start=\"79\" data-end=\"409\"><strong data-start=\"79\" data-end=\"129\">Pr\u00e4zision auch unter schwierigsten Bedingungen<\/strong><br data-start=\"129\" data-end=\"132\" \/>Unter verschiedensten Einsatzbedingungen kann es passieren, dass dein Anbauger\u00e4t vom Kurs abweicht und sich hinter dem Traktor verzieht \u2013 egal ob <strong data-start=\"278\" data-end=\"292\">S\u00e4maschine<\/strong>, <strong data-start=\"294\" data-end=\"310\">Scheibenegge<\/strong> oder andere Ger\u00e4te. Besonders bei wechselnden Bodenverh\u00e4ltnissen macht sich das schnell bemerkbar.<\/p>\n<p data-start=\"411\" data-end=\"681\">Unser <strong data-start=\"417\" data-end=\"437\">IMP-Steer-System<\/strong> erkennt diese Abweichungen dank modernster <strong data-start=\"481\" data-end=\"512\">Topcon-Empf\u00e4ngertechnologie<\/strong> in Echtzeit und steuert automatisch gegen. So bleibt deine Maschine zuverl\u00e4ssig auf Kurs \u2013 f\u00fcr saubere Arbeitsergebnisse, maximale Pr\u00e4zision und weniger Stress im Feld.<\/p>[\/et_pb_text][\/et_pb_column][\/et_pb_row][\/et_pb_section]\n","protected":false},"excerpt":{"rendered":"<p>Pr\u00e4zision auch unter schwierigsten BedingungenUnter verschiedensten Einsatzbedingungen kann es passieren, dass dein Anbauger\u00e4t vom Kurs abweicht und sich hinter dem Traktor verzieht \u2013 egal ob S\u00e4maschine, Scheibenegge oder andere Ger\u00e4te. Besonders bei wechselnden Bodenverh\u00e4ltnissen macht sich das schnell bemerkbar. Unser IMP-Steer-System erkennt diese Abweichungen dank modernster Topcon-Empf\u00e4ngertechnologie in Echtzeit und steuert automatisch gegen. So bleibt [&hellip;]<\/p>\n","protected":false},"author":1,"featured_media":0,"parent":0,"menu_order":0,"comment_status":"closed","ping_status":"closed","template":"","meta":{"_et_pb_use_builder":"on","_et_pb_old_content":"","_et_gb_content_width":"","footnotes":""},"class_list":["post-316","page","type-page","status-publish","hentry"],"yoast_head":"<!-- This site is optimized with the Yoast SEO plugin v26.6 - https:\/\/yoast.com\/wordpress\/plugins\/seo\/ -->\n<title>Aktive Ger\u00e4testeuerung - Terraexact<\/title>\n<meta name=\"description\" content=\"Bereiten dir H\u00e4nge und Unebenheiten sorgen? Dann bleib mit der IMP-Steer Steuerung immer passend in der Spur und entspanne dich.\" \/>\n<meta name=\"robots\" content=\"index, follow, max-snippet:-1, max-image-preview:large, max-video-preview:-1\" \/>\n<link rel=\"canonical\" href=\"https:\/\/terraexact.de\/index.php\/aktive-geraetesteuerung\/\" \/>\n<meta property=\"og:locale\" content=\"de_DE\" \/>\n<meta property=\"og:type\" content=\"article\" \/>\n<meta property=\"og:title\" content=\"Aktive Ger\u00e4testeuerung - Terraexact\" \/>\n<meta property=\"og:description\" content=\"Bereiten dir H\u00e4nge und Unebenheiten sorgen? Dann bleib mit der IMP-Steer Steuerung immer passend in der Spur und entspanne dich.\" \/>\n<meta property=\"og:url\" content=\"https:\/\/terraexact.de\/index.php\/aktive-geraetesteuerung\/\" \/>\n<meta property=\"og:site_name\" content=\"Terraexact\" \/>\n<meta property=\"article:modified_time\" content=\"2025-11-18T14:44:50+00:00\" \/>\n<meta name=\"twitter:card\" content=\"summary_large_image\" \/>\n<meta name=\"twitter:label1\" content=\"Gesch\u00e4tzte Lesezeit\" \/>\n\t<meta name=\"twitter:data1\" content=\"1\u00a0Minute\" \/>\n<script type=\"application\/ld+json\" class=\"yoast-schema-graph\">{\"@context\":\"https:\/\/schema.org\",\"@graph\":[{\"@type\":\"WebPage\",\"@id\":\"https:\/\/terraexact.de\/index.php\/aktive-geraetesteuerung\/\",\"url\":\"https:\/\/terraexact.de\/index.php\/aktive-geraetesteuerung\/\",\"name\":\"Aktive Ger\u00e4testeuerung - Terraexact\",\"isPartOf\":{\"@id\":\"https:\/\/terraexact.de\/#website\"},\"datePublished\":\"2025-11-06T16:35:42+00:00\",\"dateModified\":\"2025-11-18T14:44:50+00:00\",\"description\":\"Bereiten dir H\u00e4nge und Unebenheiten sorgen? Dann bleib mit der IMP-Steer Steuerung immer passend in der Spur und entspanne dich.\",\"breadcrumb\":{\"@id\":\"https:\/\/terraexact.de\/index.php\/aktive-geraetesteuerung\/#breadcrumb\"},\"inLanguage\":\"de\",\"potentialAction\":[{\"@type\":\"ReadAction\",\"target\":[\"https:\/\/terraexact.de\/index.php\/aktive-geraetesteuerung\/\"]}]},{\"@type\":\"BreadcrumbList\",\"@id\":\"https:\/\/terraexact.de\/index.php\/aktive-geraetesteuerung\/#breadcrumb\",\"itemListElement\":[{\"@type\":\"ListItem\",\"position\":1,\"name\":\"Startseite\",\"item\":\"https:\/\/terraexact.de\/\"},{\"@type\":\"ListItem\",\"position\":2,\"name\":\"Aktive Ger\u00e4testeuerung\"}]},{\"@type\":\"WebSite\",\"@id\":\"https:\/\/terraexact.de\/#website\",\"url\":\"https:\/\/terraexact.de\/\",\"name\":\"Terraexact\",\"description\":\"\",\"potentialAction\":[{\"@type\":\"SearchAction\",\"target\":{\"@type\":\"EntryPoint\",\"urlTemplate\":\"https:\/\/terraexact.de\/?s={search_term_string}\"},\"query-input\":{\"@type\":\"PropertyValueSpecification\",\"valueRequired\":true,\"valueName\":\"search_term_string\"}}],\"inLanguage\":\"de\"}]}<\/script>\n<!-- \/ Yoast SEO plugin. -->","yoast_head_json":{"title":"Aktive Ger\u00e4testeuerung - Terraexact","description":"Bereiten dir H\u00e4nge und Unebenheiten sorgen? Dann bleib mit der IMP-Steer Steuerung immer passend in der Spur und entspanne dich.","robots":{"index":"index","follow":"follow","max-snippet":"max-snippet:-1","max-image-preview":"max-image-preview:large","max-video-preview":"max-video-preview:-1"},"canonical":"https:\/\/terraexact.de\/index.php\/aktive-geraetesteuerung\/","og_locale":"de_DE","og_type":"article","og_title":"Aktive Ger\u00e4testeuerung - Terraexact","og_description":"Bereiten dir H\u00e4nge und Unebenheiten sorgen? Dann bleib mit der IMP-Steer Steuerung immer passend in der Spur und entspanne dich.","og_url":"https:\/\/terraexact.de\/index.php\/aktive-geraetesteuerung\/","og_site_name":"Terraexact","article_modified_time":"2025-11-18T14:44:50+00:00","twitter_card":"summary_large_image","twitter_misc":{"Gesch\u00e4tzte Lesezeit":"1\u00a0Minute"},"schema":{"@context":"https:\/\/schema.org","@graph":[{"@type":"WebPage","@id":"https:\/\/terraexact.de\/index.php\/aktive-geraetesteuerung\/","url":"https:\/\/terraexact.de\/index.php\/aktive-geraetesteuerung\/","name":"Aktive Ger\u00e4testeuerung - Terraexact","isPartOf":{"@id":"https:\/\/terraexact.de\/#website"},"datePublished":"2025-11-06T16:35:42+00:00","dateModified":"2025-11-18T14:44:50+00:00","description":"Bereiten dir H\u00e4nge und Unebenheiten sorgen? Dann bleib mit der IMP-Steer Steuerung immer passend in der Spur und entspanne dich.","breadcrumb":{"@id":"https:\/\/terraexact.de\/index.php\/aktive-geraetesteuerung\/#breadcrumb"},"inLanguage":"de","potentialAction":[{"@type":"ReadAction","target":["https:\/\/terraexact.de\/index.php\/aktive-geraetesteuerung\/"]}]},{"@type":"BreadcrumbList","@id":"https:\/\/terraexact.de\/index.php\/aktive-geraetesteuerung\/#breadcrumb","itemListElement":[{"@type":"ListItem","position":1,"name":"Startseite","item":"https:\/\/terraexact.de\/"},{"@type":"ListItem","position":2,"name":"Aktive Ger\u00e4testeuerung"}]},{"@type":"WebSite","@id":"https:\/\/terraexact.de\/#website","url":"https:\/\/terraexact.de\/","name":"Terraexact","description":"","potentialAction":[{"@type":"SearchAction","target":{"@type":"EntryPoint","urlTemplate":"https:\/\/terraexact.de\/?s={search_term_string}"},"query-input":{"@type":"PropertyValueSpecification","valueRequired":true,"valueName":"search_term_string"}}],"inLanguage":"de"}]}},"_links":{"self":[{"href":"https:\/\/terraexact.de\/index.php\/wp-json\/wp\/v2\/pages\/316","targetHints":{"allow":["GET"]}}],"collection":[{"href":"https:\/\/terraexact.de\/index.php\/wp-json\/wp\/v2\/pages"}],"about":[{"href":"https:\/\/terraexact.de\/index.php\/wp-json\/wp\/v2\/types\/page"}],"author":[{"embeddable":true,"href":"https:\/\/terraexact.de\/index.php\/wp-json\/wp\/v2\/users\/1"}],"replies":[{"embeddable":true,"href":"https:\/\/terraexact.de\/index.php\/wp-json\/wp\/v2\/comments?post=316"}],"version-history":[{"count":8,"href":"https:\/\/terraexact.de\/index.php\/wp-json\/wp\/v2\/pages\/316\/revisions"}],"predecessor-version":[{"id":583,"href":"https:\/\/terraexact.de\/index.php\/wp-json\/wp\/v2\/pages\/316\/revisions\/583"}],"wp:attachment":[{"href":"https:\/\/terraexact.de\/index.php\/wp-json\/wp\/v2\/media?parent=316"}],"curies":[{"name":"wp","href":"https:\/\/api.w.org\/{rel}","templated":true}]}}