{"id":312,"date":"2025-11-07T11:20:38","date_gmt":"2025-11-07T11:20:38","guid":{"rendered":"https:\/\/terraexact.de\/?page_id=312"},"modified":"2025-11-19T08:55:59","modified_gmt":"2025-11-19T08:55:59","slug":"topcon-cropspec-2","status":"publish","type":"page","link":"https:\/\/terraexact.de\/index.php\/topcon-cropspec-2\/","title":{"rendered":"Topcon CropSpec"},"content":{"rendered":"<p>[et_pb_section fb_built=&#8220;1&#8243; admin_label=&#8220;Header&#8220; _builder_version=&#8220;4.27.4&#8243; _module_preset=&#8220;default&#8220; background_color=&#8220;#e5e5e5&#8243; custom_padding=&#8220;0px||0px||true|false&#8220; collapsed=&#8220;on&#8220; global_colors_info=&#8220;{}&#8220;][et_pb_row column_structure=&#8220;1_2,1_2&#8243; use_custom_gutter=&#8220;on&#8220; gutter_width=&#8220;1&#8243; make_equal=&#8220;on&#8220; _builder_version=&#8220;4.27.4&#8243; _module_preset=&#8220;default&#8220; width=&#8220;100%&#8220; max_width=&#8220;none&#8220; custom_padding=&#8220;0px||0px||true|false&#8220; hover_enabled=&#8220;0&#8243; global_colors_info=&#8220;{}&#8220; sticky_enabled=&#8220;0&#8243;][et_pb_column type=&#8220;1_2&#8243; _builder_version=&#8220;4.27.4&#8243; _module_preset=&#8220;default&#8220; background_color=&#8220;#FFFFFF&#8220; background_image=&#8220;https:\/\/terraexact.de\/wp-content\/uploads\/2025\/11\/IMG_6725-1-scaled.jpg&#8220; background_blend=&#8220;multiply&#8220; custom_padding=&#8220;10%|5%|10%|5%|true|true&#8220; hover_enabled=&#8220;0&#8243; global_colors_info=&#8220;{}&#8220; sticky_enabled=&#8220;0&#8243;][et_pb_heading title=&#8220;Topcon CropSpec&#8220; _builder_version=&#8220;4.27.4&#8243; _module_preset=&#8220;674ead84-2c3e-46c1-b20f-d757367635cd&#8220; title_text_align=&#8220;center&#8220; title_text_color=&#8220;#FFFFFF&#8220; custom_margin=&#8220;2px||10px||false|false&#8220; global_colors_info=&#8220;{}&#8220;][\/et_pb_heading][et_pb_heading title=&#8220;Bestandsmonitoring w\u00e4hrend der Fahrt&#8220; _builder_version=&#8220;4.27.4&#8243; _module_preset=&#8220;016531d7-dbeb-4a7b-a364-517d8552a5e8&#8243; title_text_align=&#8220;center&#8220; title_text_color=&#8220;#FFFFFF&#8220; global_colors_info=&#8220;{}&#8220;][\/et_pb_heading][et_pb_image src=&#8220;https:\/\/terraexact.de\/wp-content\/uploads\/2025\/11\/IMG_6714-scaled.jpg&#8220; title_text=&#8220;IMG_6714&#8243; align=&#8220;center&#8220; _builder_version=&#8220;4.27.4&#8243; _module_preset=&#8220;default&#8220; width=&#8220;60%&#8220; module_alignment=&#8220;center&#8220; custom_margin=&#8220;||30px||false|false&#8220; animation_style=&#8220;slide&#8220; animation_speed_curve=&#8220;ease&#8220; global_colors_info=&#8220;{}&#8220;][\/et_pb_image][et_pb_button button_url=&#8220;https:\/\/terraexact.de\/?page_id=100&#038;et_fb=1&#038;PageSpeed=off&#8220; button_text=&#8220;Jetzt anfragen&#8220; button_alignment=&#8220;center&#8220; _builder_version=&#8220;4.27.4&#8243; _module_preset=&#8220;42a090f9-a74c-4a0a-875b-62b1818519d6&#8243; global_colors_info=&#8220;{}&#8220;][\/et_pb_button][\/et_pb_column][et_pb_column type=&#8220;1_2&#8243; _builder_version=&#8220;4.27.4&#8243; _module_preset=&#8220;default&#8220; background_image=&#8220;https:\/\/terraexact.de\/wp-content\/uploads\/2025\/11\/IMG_7578-scaled.jpg&#8220; hover_enabled=&#8220;0&#8243; global_colors_info=&#8220;{}&#8220; sticky_enabled=&#8220;0&#8243;][et_pb_divider show_divider=&#8220;off&#8220; _builder_version=&#8220;4.25.1&#8243; _module_preset=&#8220;default&#8220; height_tablet=&#8220;50vw&#8220; height_phone=&#8220;50vw&#8220; height_last_edited=&#8220;on|phone&#8220; global_colors_info=&#8220;{}&#8220;][\/et_pb_divider][\/et_pb_column][\/et_pb_row][\/et_pb_section][et_pb_section fb_built=&#8220;1&#8243; admin_label=&#8220;About&#8220; _builder_version=&#8220;4.27.4&#8243; _module_preset=&#8220;default&#8220; background_color=&#8220;#f4f4f4&#8243; collapsed=&#8220;on&#8220; global_colors_info=&#8220;{}&#8220;][et_pb_row column_structure=&#8220;2_3,1_3&#8243; _builder_version=&#8220;4.25.1&#8243; _module_preset=&#8220;default&#8220; global_colors_info=&#8220;{}&#8220;][et_pb_column type=&#8220;2_3&#8243; _builder_version=&#8220;4.25.1&#8243; _module_preset=&#8220;default&#8220; global_colors_info=&#8220;{}&#8220;][et_pb_heading title=&#8220;Applikationskarte mal Live&#8220; _builder_version=&#8220;4.27.4&#8243; _module_preset=&#8220;a986f848-2fa1-4cae-bb03-486a5ec1f8f4&#8243; custom_margin=&#8220;||10px||false|false&#8220; global_colors_info=&#8220;{}&#8220;][\/et_pb_heading][et_pb_text _builder_version=&#8220;4.27.4&#8243; _module_preset=&#8220;288fa487-e463-41f1-a16a-df824c82873d&#8220; custom_padding=&#8220;||1px|||&#8220; global_colors_info=&#8220;{}&#8220;]<\/p>\n<p data-start=\"172\" data-end=\"620\"><strong data-start=\"172\" data-end=\"211\">Pr\u00e4zise Pflanzenanalyse in Echtzeit<\/strong><br data-start=\"211\" data-end=\"214\" \/>Die CropSpec Sensoren von Topcon erfassen w\u00e4hrend der Feldarbeit den Chlorophyllgehalt und die Vitalit\u00e4t der Pflanzen pr\u00e4zise und ber\u00fchrungslos. Durch die optische Messung der Lichtreflexion an den Bl\u00e4ttern liefern die Sensoren zuverl\u00e4ssige Informationen \u00fcber den aktuellen Pflanzenzustand. So erh\u00e4lt der Landwirt ein genaues Bild der N\u00e4hrstoffversorgung und des Wachstums auf jedem Teilst\u00fcck des Feldes.<\/p>\n<p data-start=\"622\" data-end=\"1021\"><strong data-start=\"622\" data-end=\"660\">Automatische Anpassung der D\u00fcngung<\/strong><br data-start=\"660\" data-end=\"663\" \/>Auf Grundlage der ermittelten Werte k\u00f6nnen D\u00fcngemengen automatisch und variabel angepasst werden. Das erm\u00f6glicht eine gezielte N\u00e4hrstoffversorgung der Pflanzen \u2013 dort, wo sie wirklich ben\u00f6tigt wird. Dadurch werden \u00dcber- und Unterd\u00fcngung vermieden, was nicht nur die Ertr\u00e4ge stabilisiert, sondern auch Betriebsmittel spart und die Umweltbelastung reduziert.<\/p>\n<p data-start=\"1023\" data-end=\"1486\"><strong data-start=\"1023\" data-end=\"1067\">Vernetzte Technologie f\u00fcr mehr Effizienz<\/strong><br data-start=\"1067\" data-end=\"1070\" \/>CropSpec Sensoren lassen sich nahtlos in die Steuerungssysteme und digitalen L\u00f6sungen von Topcon integrieren, wie etwa die Topcon Agricultural Platform (TAP). Alle erfassten Daten k\u00f6nnen gespeichert, analysiert und f\u00fcr zuk\u00fcnftige Entscheidungen genutzt werden. So entsteht ein vollst\u00e4ndig vernetzter Arbeitsprozess, der Effizienz, Nachhaltigkeit und Wirtschaftlichkeit in der Pflanzenproduktion gezielt verbessert.<\/p>\n<p>[\/et_pb_text][et_pb_image src=&#8220;https:\/\/terraexact.de\/wp-content\/uploads\/2025\/11\/IMG_7633-4-scaled.jpg&#8220; title_text=&#8220;IMG_7633-4&#8243; _builder_version=&#8220;4.27.4&#8243; _module_preset=&#8220;default&#8220; width=&#8220;50%&#8220; min_height=&#8220;103px&#8220; height=&#8220;316px&#8220; global_colors_info=&#8220;{}&#8220;][\/et_pb_image][et_pb_heading _builder_version=&#8220;4.27.4&#8243; _module_preset=&#8220;default&#8220; global_colors_info=&#8220;{}&#8220;][\/et_pb_heading][\/et_pb_column][et_pb_column type=&#8220;1_3&#8243; _builder_version=&#8220;4.25.1&#8243; _module_preset=&#8220;default&#8220; custom_padding=&#8220;30px|30px|30px|30px|true|true&#8220; custom_padding_tablet=&#8220;30px|30px|30px|30px|true|true&#8220; custom_padding_phone=&#8220;20px|20px|20px|20px|true|true&#8220; custom_padding_last_edited=&#8220;on|phone&#8220; border_width_all=&#8220;4px&#8220; border_color_all=&#8220;gcid-2f5b30e8-0b99-49ac-8bde-95b2f7f6fb2c&#8220; global_colors_info=&#8220;{%22gcid-2f5b30e8-0b99-49ac-8bde-95b2f7f6fb2c%22:%91%22border_color_all%22%93}&#8220;][et_pb_image src=&#8220;https:\/\/terraexact.de\/wp-content\/uploads\/2025\/11\/IMG_7626.jpg&#8220; title_text=&#8220;IMG_7626&#8243; show_bottom_space=&#8220;off&#8220; align=&#8220;center&#8220; _builder_version=&#8220;4.27.4&#8243; _module_preset=&#8220;default&#8220; width=&#8220;100%&#8220; module_alignment=&#8220;center&#8220; custom_margin=&#8220;|2px||||&#8220; custom_padding=&#8220;|0px||||&#8220; animation_style=&#8220;slide&#8220; animation_delay=&#8220;650ms&#8220; global_colors_info=&#8220;{}&#8220;][\/et_pb_image][et_pb_text _builder_version=&#8220;4.27.4&#8243; _module_preset=&#8220;default&#8220; global_colors_info=&#8220;{}&#8220;]<\/p>\n<p style=\"text-align: center;\"><span style=\"font-size: small;\"><strong data-start=\"69\" data-end=\"110\">Maik Br\u00fcgging aus Nordrhein-Westfalen<\/strong> setzt bereits seit 2022 auf die <strong data-start=\"143\" data-end=\"184\">Bestandssensorik des CropSpec-Systems<\/strong>. <\/span><\/p>\n<p style=\"text-align: center;\"><span style=\"font-size: small;\">Er hat seinen Maschinenpark so aufger\u00fcstet, dass er die D\u00fcngung von <strong data-start=\"254\" data-end=\"285\">Gr\u00fcnland, Getreide und Mais<\/strong> optimal steuern kann. Jede D\u00fcngung wird dabei <strong data-start=\"332\" data-end=\"386\">spezifisch auf den aktuellen Zustand des Bestandes<\/strong> angepasst \u2013 f\u00fcr pr\u00e4zise Aufwandmengen, maximale Effizienz und gesunde Ertr\u00e4ge.<\/span><\/p>\n<p>[\/et_pb_text][\/et_pb_column][\/et_pb_row][\/et_pb_section]<\/p>\n","protected":false},"excerpt":{"rendered":"<p>Pr\u00e4zise Pflanzenanalyse in EchtzeitDie CropSpec Sensoren von Topcon erfassen w\u00e4hrend der Feldarbeit den Chlorophyllgehalt und die Vitalit\u00e4t der Pflanzen pr\u00e4zise und ber\u00fchrungslos. Durch die optische Messung der Lichtreflexion an den Bl\u00e4ttern liefern die Sensoren zuverl\u00e4ssige Informationen \u00fcber den aktuellen Pflanzenzustand. So erh\u00e4lt der Landwirt ein genaues Bild der N\u00e4hrstoffversorgung und des Wachstums auf jedem Teilst\u00fcck [&hellip;]<\/p>\n","protected":false},"author":3,"featured_media":0,"parent":0,"menu_order":0,"comment_status":"closed","ping_status":"closed","template":"","meta":{"_et_pb_use_builder":"on","_et_pb_old_content":"","_et_gb_content_width":"","footnotes":""},"class_list":["post-312","page","type-page","status-publish","hentry"],"yoast_head":"<!-- This site is optimized with the Yoast SEO plugin v26.6 - https:\/\/yoast.com\/wordpress\/plugins\/seo\/ -->\n<title>CropSpec - Terraexact<\/title>\n<meta name=\"description\" content=\"CropSpec ist ein in Echtzeit arbeitendes Tool, um Pflanzen immer Bedarfsgerecht zu d\u00fcngen. Der Sensor ist in allen Gr\u00fcnen Kulturen einsetzbar\" \/>\n<meta name=\"robots\" content=\"index, follow, max-snippet:-1, max-image-preview:large, max-video-preview:-1\" \/>\n<link rel=\"canonical\" href=\"https:\/\/terraexact.de\/index.php\/topcon-cropspec-2\/\" \/>\n<meta property=\"og:locale\" content=\"de_DE\" \/>\n<meta property=\"og:type\" content=\"article\" \/>\n<meta property=\"og:title\" content=\"CropSpec - Terraexact\" \/>\n<meta property=\"og:description\" content=\"CropSpec ist ein in Echtzeit arbeitendes Tool, um Pflanzen immer Bedarfsgerecht zu d\u00fcngen. Der Sensor ist in allen Gr\u00fcnen Kulturen einsetzbar\" \/>\n<meta property=\"og:url\" content=\"https:\/\/terraexact.de\/index.php\/topcon-cropspec-2\/\" \/>\n<meta property=\"og:site_name\" content=\"Terraexact\" \/>\n<meta property=\"article:modified_time\" content=\"2025-11-19T08:55:59+00:00\" \/>\n<meta name=\"twitter:card\" content=\"summary_large_image\" \/>\n<meta name=\"twitter:label1\" content=\"Gesch\u00e4tzte Lesezeit\" \/>\n\t<meta name=\"twitter:data1\" content=\"2\u00a0Minuten\" \/>\n<script type=\"application\/ld+json\" class=\"yoast-schema-graph\">{\"@context\":\"https:\/\/schema.org\",\"@graph\":[{\"@type\":\"WebPage\",\"@id\":\"https:\/\/terraexact.de\/index.php\/topcon-cropspec-2\/\",\"url\":\"https:\/\/terraexact.de\/index.php\/topcon-cropspec-2\/\",\"name\":\"CropSpec - Terraexact\",\"isPartOf\":{\"@id\":\"https:\/\/terraexact.de\/#website\"},\"datePublished\":\"2025-11-07T11:20:38+00:00\",\"dateModified\":\"2025-11-19T08:55:59+00:00\",\"description\":\"CropSpec ist ein in Echtzeit arbeitendes Tool, um Pflanzen immer Bedarfsgerecht zu d\u00fcngen. Der Sensor ist in allen Gr\u00fcnen Kulturen einsetzbar\",\"breadcrumb\":{\"@id\":\"https:\/\/terraexact.de\/index.php\/topcon-cropspec-2\/#breadcrumb\"},\"inLanguage\":\"de\",\"potentialAction\":[{\"@type\":\"ReadAction\",\"target\":[\"https:\/\/terraexact.de\/index.php\/topcon-cropspec-2\/\"]}]},{\"@type\":\"BreadcrumbList\",\"@id\":\"https:\/\/terraexact.de\/index.php\/topcon-cropspec-2\/#breadcrumb\",\"itemListElement\":[{\"@type\":\"ListItem\",\"position\":1,\"name\":\"Startseite\",\"item\":\"https:\/\/terraexact.de\/\"},{\"@type\":\"ListItem\",\"position\":2,\"name\":\"Topcon CropSpec\"}]},{\"@type\":\"WebSite\",\"@id\":\"https:\/\/terraexact.de\/#website\",\"url\":\"https:\/\/terraexact.de\/\",\"name\":\"Terraexact\",\"description\":\"\",\"potentialAction\":[{\"@type\":\"SearchAction\",\"target\":{\"@type\":\"EntryPoint\",\"urlTemplate\":\"https:\/\/terraexact.de\/?s={search_term_string}\"},\"query-input\":{\"@type\":\"PropertyValueSpecification\",\"valueRequired\":true,\"valueName\":\"search_term_string\"}}],\"inLanguage\":\"de\"}]}<\/script>\n<!-- \/ Yoast SEO plugin. -->","yoast_head_json":{"title":"CropSpec - Terraexact","description":"CropSpec ist ein in Echtzeit arbeitendes Tool, um Pflanzen immer Bedarfsgerecht zu d\u00fcngen. Der Sensor ist in allen Gr\u00fcnen Kulturen einsetzbar","robots":{"index":"index","follow":"follow","max-snippet":"max-snippet:-1","max-image-preview":"max-image-preview:large","max-video-preview":"max-video-preview:-1"},"canonical":"https:\/\/terraexact.de\/index.php\/topcon-cropspec-2\/","og_locale":"de_DE","og_type":"article","og_title":"CropSpec - Terraexact","og_description":"CropSpec ist ein in Echtzeit arbeitendes Tool, um Pflanzen immer Bedarfsgerecht zu d\u00fcngen. Der Sensor ist in allen Gr\u00fcnen Kulturen einsetzbar","og_url":"https:\/\/terraexact.de\/index.php\/topcon-cropspec-2\/","og_site_name":"Terraexact","article_modified_time":"2025-11-19T08:55:59+00:00","twitter_card":"summary_large_image","twitter_misc":{"Gesch\u00e4tzte Lesezeit":"2\u00a0Minuten"},"schema":{"@context":"https:\/\/schema.org","@graph":[{"@type":"WebPage","@id":"https:\/\/terraexact.de\/index.php\/topcon-cropspec-2\/","url":"https:\/\/terraexact.de\/index.php\/topcon-cropspec-2\/","name":"CropSpec - Terraexact","isPartOf":{"@id":"https:\/\/terraexact.de\/#website"},"datePublished":"2025-11-07T11:20:38+00:00","dateModified":"2025-11-19T08:55:59+00:00","description":"CropSpec ist ein in Echtzeit arbeitendes Tool, um Pflanzen immer Bedarfsgerecht zu d\u00fcngen. Der Sensor ist in allen Gr\u00fcnen Kulturen einsetzbar","breadcrumb":{"@id":"https:\/\/terraexact.de\/index.php\/topcon-cropspec-2\/#breadcrumb"},"inLanguage":"de","potentialAction":[{"@type":"ReadAction","target":["https:\/\/terraexact.de\/index.php\/topcon-cropspec-2\/"]}]},{"@type":"BreadcrumbList","@id":"https:\/\/terraexact.de\/index.php\/topcon-cropspec-2\/#breadcrumb","itemListElement":[{"@type":"ListItem","position":1,"name":"Startseite","item":"https:\/\/terraexact.de\/"},{"@type":"ListItem","position":2,"name":"Topcon CropSpec"}]},{"@type":"WebSite","@id":"https:\/\/terraexact.de\/#website","url":"https:\/\/terraexact.de\/","name":"Terraexact","description":"","potentialAction":[{"@type":"SearchAction","target":{"@type":"EntryPoint","urlTemplate":"https:\/\/terraexact.de\/?s={search_term_string}"},"query-input":{"@type":"PropertyValueSpecification","valueRequired":true,"valueName":"search_term_string"}}],"inLanguage":"de"}]}},"_links":{"self":[{"href":"https:\/\/terraexact.de\/index.php\/wp-json\/wp\/v2\/pages\/312","targetHints":{"allow":["GET"]}}],"collection":[{"href":"https:\/\/terraexact.de\/index.php\/wp-json\/wp\/v2\/pages"}],"about":[{"href":"https:\/\/terraexact.de\/index.php\/wp-json\/wp\/v2\/types\/page"}],"author":[{"embeddable":true,"href":"https:\/\/terraexact.de\/index.php\/wp-json\/wp\/v2\/users\/3"}],"replies":[{"embeddable":true,"href":"https:\/\/terraexact.de\/index.php\/wp-json\/wp\/v2\/comments?post=312"}],"version-history":[{"count":13,"href":"https:\/\/terraexact.de\/index.php\/wp-json\/wp\/v2\/pages\/312\/revisions"}],"predecessor-version":[{"id":509,"href":"https:\/\/terraexact.de\/index.php\/wp-json\/wp\/v2\/pages\/312\/revisions\/509"}],"wp:attachment":[{"href":"https:\/\/terraexact.de\/index.php\/wp-json\/wp\/v2\/media?parent=312"}],"curies":[{"name":"wp","href":"https:\/\/api.w.org\/{rel}","templated":true}]}}