{"id":158,"date":"2025-11-07T11:20:06","date_gmt":"2025-11-07T11:20:06","guid":{"rendered":"https:\/\/terraexact.de\/?page_id=158"},"modified":"2025-11-19T08:32:33","modified_gmt":"2025-11-19T08:32:33","slug":"tap","status":"publish","type":"page","link":"https:\/\/terraexact.de\/index.php\/tap\/","title":{"rendered":"TAP"},"content":{"rendered":"\n[et_pb_section fb_built=&#8220;1&#8243; admin_label=&#8220;About&#8220; _builder_version=&#8220;4.25.2&#8243; _module_preset=&#8220;default&#8220; background_color=&#8220;gcid-b6c4f12c-f25d-4f61-9fb1-6e96404634cd&#8220; global_colors_info=&#8220;{%22gcid-b6c4f12c-f25d-4f61-9fb1-6e96404634cd%22:%91%22background_color%22%93}&#8220; theme_builder_area=&#8220;post_content&#8220;][et_pb_row column_structure=&#8220;1_2,1_2&#8243; _builder_version=&#8220;4.25.2&#8243; _module_preset=&#8220;590494f5-273d-4918-8fad-f747462cc74b&#8220; global_colors_info=&#8220;{}&#8220; theme_builder_area=&#8220;post_content&#8220;][et_pb_column type=&#8220;1_2&#8243; _builder_version=&#8220;4.25.2&#8243; _module_preset=&#8220;default&#8220; global_colors_info=&#8220;{}&#8220; theme_builder_area=&#8220;post_content&#8220;][et_pb_heading title=&#8220;TAP &#8211; AGRICULTURE PLATFORM&#8220; _builder_version=&#8220;4.27.4&#8243; _module_preset=&#8220;c39fa6b3-0a06-495e-a6fc-8b4461c83e25&#8243; custom_margin=&#8220;||-4px|||&#8220; hover_enabled=&#8220;0&#8243; global_colors_info=&#8220;{}&#8220; theme_builder_area=&#8220;post_content&#8220; title_font_size=&#8220;45px&#8220; sticky_enabled=&#8220;0&#8243;][\/et_pb_heading][et_pb_accordion _builder_version=&#8220;4.27.4&#8243; _module_preset=&#8220;37c20ab7-4c3c-4b8c-bf74-8057c8bdbac0&#8243; hover_enabled=&#8220;0&#8243; global_colors_info=&#8220;{%22gcid-53054839-b83d-4ef0-8659-8a010e6148fd%22:%91%22toggle_text_color%22,%22open_toggle_text_color%22%93}&#8220; theme_builder_area=&#8220;post_content&#8220; sticky_enabled=&#8220;0&#8243;][et_pb_accordion_item title=&#8220;Daten vom Feld und Maschine einfach verarbeitet\u00a0&#8220; _builder_version=&#8220;4.27.4&#8243; _module_preset=&#8220;4996f833-c7a8-4b86-bab0-f06a9b705285&#8243; hover_enabled=&#8220;0&#8243; global_colors_info=&#8220;{}&#8220; theme_builder_area=&#8220;post_content&#8220; open=&#8220;off&#8220; sticky_enabled=&#8220;0&#8243;]<p>Die Topcon Agricultural Platform (TAP) ist eine zentrale Plattform zur digitalen Steuerung und Optimierung landwirtschaftlicher Prozesse. Sie vernetzt Maschinen, Felder und Betriebsdaten, erm\u00f6glicht eine einfache Planung, \u00dcberwachung und Auswertung und unterst\u00fctzt Landwirte bei Entscheidungen in Echtzeit. Mit TAP werden Effizienz, Transparenz und Produktivit\u00e4t im Betrieb gesteigert \u2013 alles an einem Ort steuerbar.<\/p>[\/et_pb_accordion_item][et_pb_accordion_item title=&#8220;TAP &#8211; Feed&#8220; open=&#8220;off&#8220; _builder_version=&#8220;4.27.4&#8243; _module_preset=&#8220;4996f833-c7a8-4b86-bab0-f06a9b705285&#8243; hover_enabled=&#8220;0&#8243; global_colors_info=&#8220;{}&#8220; theme_builder_area=&#8220;post_content&#8220; sticky_enabled=&#8220;0&#8243;]<p>Tap Feed unterst\u00fctzt Landwirte dabei, die F\u00fctterung ihrer Tiere effizient zu steuern. Mit Tap Feed k\u00f6nnen Rationen einfach angepasst, F\u00fctterungszeiten \u00fcberwacht und Futtermengen pr\u00e4zise gesteuert werden. Die Funktion erm\u00f6glicht eine Optimierung des Futtereinsatzes, verbessert die Tiergesundheit und erleichtert die t\u00e4gliche Arbeit im Stall \u2013 alles direkt \u00fcber die Plattform steuerbar.<\/p>[\/et_pb_accordion_item][et_pb_accordion_item title=&#8220;TAP &#8211; Fields&#8220; _builder_version=&#8220;4.27.4&#8243; _module_preset=&#8220;4996f833-c7a8-4b86-bab0-f06a9b705285&#8243; hover_enabled=&#8220;0&#8243; global_colors_info=&#8220;{}&#8220; theme_builder_area=&#8220;post_content&#8220; open=&#8220;off&#8220; sticky_enabled=&#8220;0&#8243;]<p>Tap Fields hilft Landwirten, ihre Felder effizient zu verwalten. Mit Tap Fields k\u00f6nnen Feldgrenzen, Arbeitsauftr\u00e4ge und Maschinendaten einfach erfasst und \u00fcberwacht werden. Die Funktion unterst\u00fctzt bei der Planung, Dokumentation und Analyse landwirtschaftlicher Arbeiten \u2013 alles direkt \u00fcber die Plattform steuerbar.<\/p>[\/et_pb_accordion_item][et_pb_accordion_item title=&#8220;TAP &#8211; Fleet&#8220; _builder_version=&#8220;4.27.4&#8243; _module_preset=&#8220;4996f833-c7a8-4b86-bab0-f06a9b705285&#8243; hover_enabled=&#8220;0&#8243; global_colors_info=&#8220;{}&#8220; theme_builder_area=&#8220;post_content&#8220; open=&#8220;off&#8220; sticky_enabled=&#8220;0&#8243;]<p>Tap Fleet unterst\u00fctzt Landwirte dabei, ihre Maschinenflotte effizient zu verwalten. Mit Tap Fleet k\u00f6nnen Fahrzeugstandorte, Einsatzzeiten und Betriebszust\u00e4nde in Echtzeit \u00fcberwacht werden. Die Funktion erleichtert die Planung, Koordination und Wartung der Maschinen \u2013 alles direkt \u00fcber die Plattform steuerbar.<\/p>[\/et_pb_accordion_item][et_pb_accordion_item title=&#8220;TAP &#8211; Backoffice&#8220; _builder_version=&#8220;4.27.4&#8243; _module_preset=&#8220;4996f833-c7a8-4b86-bab0-f06a9b705285&#8243; hover_enabled=&#8220;0&#8243; global_colors_info=&#8220;{}&#8220; theme_builder_area=&#8220;post_content&#8220; open=&#8220;on&#8220; sticky_enabled=&#8220;0&#8243;]<p>Tap Backoffice erm\u00f6glicht Landwirten eine zentrale Verwaltung und Analyse aller Betriebsdaten. Mit Tap Backoffice k\u00f6nnen Dokumentationen, Berichte und Auswertungen einfach erstellt und verwaltet werden. Die Funktion unterst\u00fctzt die Planung, Optimierung und Nachverfolgung landwirtschaftlicher Prozesse \u2013 alles bequem \u00fcber die Plattform steuerbar.<\/p>[\/et_pb_accordion_item][\/et_pb_accordion][\/et_pb_column][et_pb_column type=&#8220;1_2&#8243; _builder_version=&#8220;4.25.2&#8243; _module_preset=&#8220;default&#8220; global_colors_info=&#8220;{}&#8220; theme_builder_area=&#8220;post_content&#8220;][et_pb_image src=&#8220;https:\/\/terraexact.de\/wp-content\/uploads\/2025\/11\/63ca18_a44bcb8a02ca44848e3feb1732cd0fbbmv2.avif&#8220; title_text=&#8220;63ca18_a44bcb8a02ca44848e3feb1732cd0fbb~mv2&#8243; _builder_version=&#8220;4.27.4&#8243; _module_preset=&#8220;default&#8220; hover_enabled=&#8220;0&#8243; global_colors_info=&#8220;{}&#8220; theme_builder_area=&#8220;post_content&#8220; sticky_enabled=&#8220;0&#8243;][\/et_pb_image][\/et_pb_column][\/et_pb_row][\/et_pb_section]\n","protected":false},"excerpt":{"rendered":"<p>Die Topcon Agricultural Platform (TAP) ist eine zentrale Plattform zur digitalen Steuerung und Optimierung landwirtschaftlicher Prozesse. Sie vernetzt Maschinen, Felder und Betriebsdaten, erm\u00f6glicht eine einfache Planung, \u00dcberwachung und Auswertung und unterst\u00fctzt Landwirte bei Entscheidungen in Echtzeit. Mit TAP werden Effizienz, Transparenz und Produktivit\u00e4t im Betrieb gesteigert \u2013 alles an einem Ort steuerbar.Tap Feed unterst\u00fctzt Landwirte [&hellip;]<\/p>\n","protected":false},"author":3,"featured_media":0,"parent":0,"menu_order":0,"comment_status":"closed","ping_status":"closed","template":"","meta":{"_et_pb_use_builder":"on","_et_pb_old_content":"","_et_gb_content_width":"","footnotes":""},"class_list":["post-158","page","type-page","status-publish","hentry"],"yoast_head":"<!-- This site is optimized with the Yoast SEO plugin v26.6 - https:\/\/yoast.com\/wordpress\/plugins\/seo\/ -->\n<title>TAP - Topcon Agriculture Platform<\/title>\n<meta name=\"description\" content=\"Mit der Topcon Softwarel\u00f6sung k\u00f6nnen viele Daten \u00fcber eine Plattform verkn\u00fcpft und genutzt werden um Betriebliche Prozesse zu Optimieren.\" \/>\n<meta name=\"robots\" content=\"index, follow, max-snippet:-1, max-image-preview:large, max-video-preview:-1\" \/>\n<link rel=\"canonical\" href=\"https:\/\/terraexact.de\/index.php\/tap\/\" \/>\n<meta property=\"og:locale\" content=\"de_DE\" \/>\n<meta property=\"og:type\" content=\"article\" \/>\n<meta property=\"og:title\" content=\"TAP - Topcon Agriculture Platform\" \/>\n<meta property=\"og:description\" content=\"Mit der Topcon Softwarel\u00f6sung k\u00f6nnen viele Daten \u00fcber eine Plattform verkn\u00fcpft und genutzt werden um Betriebliche Prozesse zu Optimieren.\" \/>\n<meta property=\"og:url\" content=\"https:\/\/terraexact.de\/index.php\/tap\/\" \/>\n<meta property=\"og:site_name\" content=\"Terraexact\" \/>\n<meta property=\"article:modified_time\" content=\"2025-11-19T08:32:33+00:00\" \/>\n<meta name=\"twitter:card\" content=\"summary_large_image\" \/>\n<meta name=\"twitter:label1\" content=\"Gesch\u00e4tzte Lesezeit\" \/>\n\t<meta name=\"twitter:data1\" content=\"2\u00a0Minuten\" \/>\n<script type=\"application\/ld+json\" class=\"yoast-schema-graph\">{\"@context\":\"https:\/\/schema.org\",\"@graph\":[{\"@type\":\"WebPage\",\"@id\":\"https:\/\/terraexact.de\/index.php\/tap\/\",\"url\":\"https:\/\/terraexact.de\/index.php\/tap\/\",\"name\":\"TAP - Topcon Agriculture Platform\",\"isPartOf\":{\"@id\":\"https:\/\/terraexact.de\/#website\"},\"datePublished\":\"2025-11-07T11:20:06+00:00\",\"dateModified\":\"2025-11-19T08:32:33+00:00\",\"description\":\"Mit der Topcon Softwarel\u00f6sung k\u00f6nnen viele Daten \u00fcber eine Plattform verkn\u00fcpft und genutzt werden um Betriebliche Prozesse zu Optimieren.\",\"breadcrumb\":{\"@id\":\"https:\/\/terraexact.de\/index.php\/tap\/#breadcrumb\"},\"inLanguage\":\"de\",\"potentialAction\":[{\"@type\":\"ReadAction\",\"target\":[\"https:\/\/terraexact.de\/index.php\/tap\/\"]}]},{\"@type\":\"BreadcrumbList\",\"@id\":\"https:\/\/terraexact.de\/index.php\/tap\/#breadcrumb\",\"itemListElement\":[{\"@type\":\"ListItem\",\"position\":1,\"name\":\"Startseite\",\"item\":\"https:\/\/terraexact.de\/\"},{\"@type\":\"ListItem\",\"position\":2,\"name\":\"TAP\"}]},{\"@type\":\"WebSite\",\"@id\":\"https:\/\/terraexact.de\/#website\",\"url\":\"https:\/\/terraexact.de\/\",\"name\":\"Terraexact\",\"description\":\"\",\"potentialAction\":[{\"@type\":\"SearchAction\",\"target\":{\"@type\":\"EntryPoint\",\"urlTemplate\":\"https:\/\/terraexact.de\/?s={search_term_string}\"},\"query-input\":{\"@type\":\"PropertyValueSpecification\",\"valueRequired\":true,\"valueName\":\"search_term_string\"}}],\"inLanguage\":\"de\"}]}<\/script>\n<!-- \/ Yoast SEO plugin. -->","yoast_head_json":{"title":"TAP - Topcon Agriculture Platform","description":"Mit der Topcon Softwarel\u00f6sung k\u00f6nnen viele Daten \u00fcber eine Plattform verkn\u00fcpft und genutzt werden um Betriebliche Prozesse zu Optimieren.","robots":{"index":"index","follow":"follow","max-snippet":"max-snippet:-1","max-image-preview":"max-image-preview:large","max-video-preview":"max-video-preview:-1"},"canonical":"https:\/\/terraexact.de\/index.php\/tap\/","og_locale":"de_DE","og_type":"article","og_title":"TAP - Topcon Agriculture Platform","og_description":"Mit der Topcon Softwarel\u00f6sung k\u00f6nnen viele Daten \u00fcber eine Plattform verkn\u00fcpft und genutzt werden um Betriebliche Prozesse zu Optimieren.","og_url":"https:\/\/terraexact.de\/index.php\/tap\/","og_site_name":"Terraexact","article_modified_time":"2025-11-19T08:32:33+00:00","twitter_card":"summary_large_image","twitter_misc":{"Gesch\u00e4tzte Lesezeit":"2\u00a0Minuten"},"schema":{"@context":"https:\/\/schema.org","@graph":[{"@type":"WebPage","@id":"https:\/\/terraexact.de\/index.php\/tap\/","url":"https:\/\/terraexact.de\/index.php\/tap\/","name":"TAP - Topcon Agriculture Platform","isPartOf":{"@id":"https:\/\/terraexact.de\/#website"},"datePublished":"2025-11-07T11:20:06+00:00","dateModified":"2025-11-19T08:32:33+00:00","description":"Mit der Topcon Softwarel\u00f6sung k\u00f6nnen viele Daten \u00fcber eine Plattform verkn\u00fcpft und genutzt werden um Betriebliche Prozesse zu Optimieren.","breadcrumb":{"@id":"https:\/\/terraexact.de\/index.php\/tap\/#breadcrumb"},"inLanguage":"de","potentialAction":[{"@type":"ReadAction","target":["https:\/\/terraexact.de\/index.php\/tap\/"]}]},{"@type":"BreadcrumbList","@id":"https:\/\/terraexact.de\/index.php\/tap\/#breadcrumb","itemListElement":[{"@type":"ListItem","position":1,"name":"Startseite","item":"https:\/\/terraexact.de\/"},{"@type":"ListItem","position":2,"name":"TAP"}]},{"@type":"WebSite","@id":"https:\/\/terraexact.de\/#website","url":"https:\/\/terraexact.de\/","name":"Terraexact","description":"","potentialAction":[{"@type":"SearchAction","target":{"@type":"EntryPoint","urlTemplate":"https:\/\/terraexact.de\/?s={search_term_string}"},"query-input":{"@type":"PropertyValueSpecification","valueRequired":true,"valueName":"search_term_string"}}],"inLanguage":"de"}]}},"_links":{"self":[{"href":"https:\/\/terraexact.de\/index.php\/wp-json\/wp\/v2\/pages\/158","targetHints":{"allow":["GET"]}}],"collection":[{"href":"https:\/\/terraexact.de\/index.php\/wp-json\/wp\/v2\/pages"}],"about":[{"href":"https:\/\/terraexact.de\/index.php\/wp-json\/wp\/v2\/types\/page"}],"author":[{"embeddable":true,"href":"https:\/\/terraexact.de\/index.php\/wp-json\/wp\/v2\/users\/3"}],"replies":[{"embeddable":true,"href":"https:\/\/terraexact.de\/index.php\/wp-json\/wp\/v2\/comments?post=158"}],"version-history":[{"count":3,"href":"https:\/\/terraexact.de\/index.php\/wp-json\/wp\/v2\/pages\/158\/revisions"}],"predecessor-version":[{"id":165,"href":"https:\/\/terraexact.de\/index.php\/wp-json\/wp\/v2\/pages\/158\/revisions\/165"}],"wp:attachment":[{"href":"https:\/\/terraexact.de\/index.php\/wp-json\/wp\/v2\/media?parent=158"}],"curies":[{"name":"wp","href":"https:\/\/api.w.org\/{rel}","templated":true}]}}