{"id":143,"date":"2025-11-07T11:20:20","date_gmt":"2025-11-07T11:20:20","guid":{"rendered":"https:\/\/terraexact.de\/?page_id=143"},"modified":"2026-04-16T12:48:00","modified_gmt":"2026-04-16T12:48:00","slug":"wer-sind-wir","status":"publish","type":"page","link":"https:\/\/terraexact.de\/index.php\/wer-sind-wir\/","title":{"rendered":"Wer sind wir"},"content":{"rendered":"<p>[et_pb_section fb_built=&#8220;1&#8243; _builder_version=&#8220;4.27.4&#8243; _module_preset=&#8220;default&#8220; background_color=&#8220;#f4f4f4&#8243; global_colors_info=&#8220;{}&#8220;][et_pb_row _builder_version=&#8220;4.27.4&#8243; _module_preset=&#8220;default&#8220; global_colors_info=&#8220;{}&#8220;][et_pb_column type=&#8220;4_4&#8243; _builder_version=&#8220;4.27.4&#8243; _module_preset=&#8220;default&#8220; global_colors_info=&#8220;{}&#8220;][et_pb_heading title=&#8220;Willkommen bei TerraExact&#8220; _builder_version=&#8220;4.27.4&#8243; _module_preset=&#8220;default&#8220; title_font=&#8220;Arimo|600|||||||&#8220; title_text_align=&#8220;center&#8220; title_font_size=&#8220;45px&#8220; global_colors_info=&#8220;{}&#8220;][\/et_pb_heading][\/et_pb_column][\/et_pb_row][et_pb_row _builder_version=&#8220;4.27.4&#8243; _module_preset=&#8220;default&#8220; global_colors_info=&#8220;{}&#8220;][et_pb_column type=&#8220;4_4&#8243; _builder_version=&#8220;4.27.4&#8243; _module_preset=&#8220;default&#8220; global_colors_info=&#8220;{}&#8220;][et_pb_text _builder_version=&#8220;4.27.4&#8243; _module_preset=&#8220;default&#8220; text_font=&#8220;DM Sans|700|||||||&#8220; text_font_size=&#8220;25px&#8220; text_orientation=&#8220;center&#8220; global_colors_info=&#8220;{}&#8220;]<\/p>\n<p>Terraexact steht f\u00fcr modernste Technologien, praxisnahe L\u00f6sungen und echte Partnerschaft im Precision und Smart Farming. Als Gro\u00dfh\u00e4ndler b\u00fcndeln wir innovative Systeme, intelligente Datenl\u00f6sungen und zuverl\u00e4ssige Technik, um landwirtschaftliche Betriebe fit f\u00fcr die Zukunft zu machen.<br data-start=\"552\" data-end=\"555\" \/>Unser Ziel: Euch dabei zu unterst\u00fctzen, Effizienz zu steigern, Ressourcen zu schonen und Ertr\u00e4ge nachhaltig zu sichern \u2013 exakt, digital und praxisorientiert.<\/p>\n<p>[\/et_pb_text][\/et_pb_column][\/et_pb_row][\/et_pb_section][et_pb_section fb_built=&#8220;1&#8243; specialty=&#8220;on&#8220; _builder_version=&#8220;4.27.4&#8243; _module_preset=&#8220;default&#8220; background_color=&#8220;#f4f4f4&#8243; global_colors_info=&#8220;{}&#8220;][et_pb_column type=&#8220;1_2&#8243; _builder_version=&#8220;4.16&#8243; custom_padding=&#8220;|||&#8220; global_colors_info=&#8220;{}&#8220; custom_padding__hover=&#8220;|||&#8220;][et_pb_image src=&#8220;https:\/\/terraexact.de\/wp-content\/uploads\/2025\/11\/Design-ohne-Titel-2025-11-07T144809.409.png&#8220; title_text=&#8220;Design ohne Titel &#8211; 2025-11-07T144809.409&#8243; force_fullwidth=&#8220;on&#8220; _builder_version=&#8220;4.27.4&#8243; _module_preset=&#8220;default&#8220; animation_style=&#8220;fade&#8220; global_colors_info=&#8220;{}&#8220;][\/et_pb_image][\/et_pb_column][et_pb_column type=&#8220;1_2&#8243; specialty_columns=&#8220;2&#8243; _builder_version=&#8220;4.16&#8243; custom_padding=&#8220;|||&#8220; global_colors_info=&#8220;{}&#8220; custom_padding__hover=&#8220;|||&#8220;][et_pb_row_inner _builder_version=&#8220;4.27.4&#8243; _module_preset=&#8220;default&#8220; global_colors_info=&#8220;{}&#8220;][et_pb_column_inner saved_specialty_column_type=&#8220;1_2&#8243; _builder_version=&#8220;4.27.4&#8243; _module_preset=&#8220;default&#8220; global_colors_info=&#8220;{}&#8220;][et_pb_heading title=&#8220;Wer ist TerraExact \u00dcberhaupt?&#8220; _builder_version=&#8220;4.27.4&#8243; _module_preset=&#8220;default&#8220; title_font=&#8220;Arimo|600|||||||&#8220; title_text_align=&#8220;center&#8220; title_font_size=&#8220;35px&#8220; global_colors_info=&#8220;{}&#8220;][\/et_pb_heading][\/et_pb_column_inner][\/et_pb_row_inner][et_pb_row_inner _builder_version=&#8220;4.27.4&#8243; _module_preset=&#8220;default&#8220; global_colors_info=&#8220;{}&#8220;][et_pb_column_inner saved_specialty_column_type=&#8220;1_2&#8243; _builder_version=&#8220;4.27.4&#8243; _module_preset=&#8220;default&#8220; global_colors_info=&#8220;{}&#8220;][et_pb_text _builder_version=&#8220;4.27.4&#8243; _module_preset=&#8220;default&#8220; text_font=&#8220;DM Sans|500|||||||&#8220; text_font_size=&#8220;20px&#8220; global_colors_info=&#8220;{}&#8220;]<\/p>\n<p data-start=\"171\" data-end=\"408\">TerraExact bietet herstellerunabh\u00e4ngige, innovative L\u00f6sungen f\u00fcr die digitale Landwirtschaft. Unser Team bringt \u00fcber 15 Jahre Erfahrung im Zusammenspiel mit Precision-Farming-Produkten mit und kennt die Anforderungen professioneller Landwirte genau.<\/p>\n<p data-start=\"410\" data-end=\"692\">Die Landwirtschaft befindet sich im Wandel: Bew\u00e4hrte Methoden werden neu gedacht, w\u00e4hrend zahlreiche Anbieter mit g\u00fcnstigen L\u00f6sungen auf den Markt dr\u00e4ngen.<\/p>\n<p data-start=\"410\" data-end=\"692\">Unsere Kunden erwarten transparente, zukunftsorientierte und qualitativ hochwertige Produkte \u2013 genau das liefert TerraExact.<\/p>\n<p data-start=\"694\" data-end=\"898\">Statt vieler Einzelbausteine bieten wir durchdachte, ganzheitliche L\u00f6sungen, die Handel und Kunden gleicherma\u00dfen \u00fcberzeugen. Daf\u00fcr hat die\u00a0 \u00a0 \u00a0 \u00a0 \u00a0 \u00a0 \u00a0 \u00a0 \u00a0 \u00a0 \u00a0 D. Lankhorst &amp; Co. GmbH den Betriebszweig TerraExact gegr\u00fcndet.<\/p>\n<p>[\/et_pb_text][\/et_pb_column_inner][\/et_pb_row_inner][\/et_pb_column][\/et_pb_section][et_pb_section fb_built=&#8220;1&#8243; admin_label=&#8220;Features&#8220; _builder_version=&#8220;4.27.4&#8243; _module_preset=&#8220;default&#8220; background_color=&#8220;gcid-b6c4f12c-f25d-4f61-9fb1-6e96404634cd&#8220; global_colors_info=&#8220;{%22gcid-b6c4f12c-f25d-4f61-9fb1-6e96404634cd%22:%91%22background_color%22%93}&#8220;][et_pb_row _builder_version=&#8220;4.27.4&#8243; _module_preset=&#8220;default&#8220; global_colors_info=&#8220;{}&#8220;][et_pb_column type=&#8220;4_4&#8243; _builder_version=&#8220;4.27.4&#8243; _module_preset=&#8220;default&#8220; background_enable_image=&#8220;off&#8220; global_colors_info=&#8220;{}&#8220;][et_pb_team_member name=&#8220;Henrik Spekkers&#8220; image_url=&#8220;https:\/\/terraexact.de\/wp-content\/uploads\/2025\/11\/Spekkers.png&#8220; _builder_version=&#8220;4.27.4&#8243; _module_preset=&#8220;default&#8220; header_font_size=&#8220;35px&#8220; body_font=&#8220;Arimo||||||||&#8220; body_font_size=&#8220;20px&#8220; body_line_height=&#8220;0.3em&#8220; global_colors_info=&#8220;{}&#8220;]<\/p>\n<p>&nbsp;<\/p>\n<p>Verkaufsberater<\/p>\n<p>Serviceberater<\/p>\n<p>[\/et_pb_team_member][et_pb_text _builder_version=&#8220;4.27.4&#8243; _module_preset=&#8220;default&#8220; text_font_size=&#8220;17px&#8220; text_line_height=&#8220;0.3em&#8220; global_colors_info=&#8220;{}&#8220;]<\/p>\n<p><a href=\"mailto:jahn.olthuis@terraexact.de\" style=\"font-size: 17px;\">henrik.spekkers@terraexact.de<\/a><\/p>\n<p>05903 7030912<\/p>\n<p>0174 6895540<\/p>\n<p>[\/et_pb_text][\/et_pb_column][\/et_pb_row][et_pb_row _builder_version=&#8220;4.27.4&#8243; _module_preset=&#8220;default&#8220; global_colors_info=&#8220;{}&#8220;][et_pb_column type=&#8220;4_4&#8243; _builder_version=&#8220;4.27.4&#8243; _module_preset=&#8220;default&#8220; global_colors_info=&#8220;{}&#8220;][et_pb_team_member name=&#8220;Philipp Oostergetelo&#8220; image_url=&#8220;https:\/\/terraexact.de\/wp-content\/uploads\/2025\/11\/Oostergetelo.png&#8220; _builder_version=&#8220;4.27.4&#8243; _module_preset=&#8220;default&#8220; header_font_size=&#8220;35px&#8220; body_font=&#8220;Arimo||||||||&#8220; body_font_size=&#8220;20px&#8220; body_line_height=&#8220;0.3em&#8220; global_colors_info=&#8220;{}&#8220;]<\/p>\n<p>&nbsp;<\/p>\n<p>Serviceberater<\/p>\n<p>[\/et_pb_team_member][et_pb_text _builder_version=&#8220;4.27.4&#8243; _module_preset=&#8220;default&#8220; text_font_size=&#8220;17px&#8220; text_line_height=&#8220;0.3em&#8220; global_colors_info=&#8220;{}&#8220;]<\/p>\n<p><a href=\"mailto:jahn.olthuis@terraexact.de\">philipp.oostergetelo@lankhorst.de<\/a><\/p>\n<p>05903 7030913<\/p>\n<p>0162 2323091<\/p>\n<p>[\/et_pb_text][\/et_pb_column][\/et_pb_row][et_pb_row _builder_version=&#8220;4.27.4&#8243; _module_preset=&#8220;default&#8220; global_colors_info=&#8220;{}&#8220;][et_pb_column type=&#8220;4_4&#8243; _builder_version=&#8220;4.27.4&#8243; _module_preset=&#8220;default&#8220; global_colors_info=&#8220;{}&#8220;][et_pb_team_member name=&#8220;Zentrale Rufnummer&#8220; image_url=&#8220;https:\/\/terraexact.de\/wp-content\/uploads\/2025\/11\/Design-ohne-Titel-2025-11-07T144809.409.png&#8220; _builder_version=&#8220;4.27.4&#8243; _module_preset=&#8220;default&#8220; header_font_size=&#8220;35px&#8220; body_font=&#8220;Arimo||||||||&#8220; body_font_size=&#8220;20px&#8220; body_line_height=&#8220;0.3em&#8220; global_colors_info=&#8220;{}&#8220;]<\/p>\n<p>&nbsp;<\/p>\n<p>Hotline 05903 703090<\/p>\n<p>[\/et_pb_team_member][et_pb_text _builder_version=&#8220;4.27.4&#8243; _module_preset=&#8220;default&#8220; text_font_size=&#8220;17px&#8220; text_line_height=&#8220;0.3em&#8220; global_colors_info=&#8220;{}&#8220;]<\/p>\n<p><a href=\"mailto:jahn.olthuis@terraexact.de\">info@terraexact.de<\/a><\/p>\n<p>&nbsp;<\/p>\n<p>[\/et_pb_text][\/et_pb_column][\/et_pb_row][et_pb_row _builder_version=&#8220;4.25.2&#8243; _module_preset=&#8220;590494f5-273d-4918-8fad-f747462cc74b&#8220; global_colors_info=&#8220;{}&#8220;][et_pb_column type=&#8220;4_4&#8243; _builder_version=&#8220;4.25.2&#8243; _module_preset=&#8220;default&#8220; global_colors_info=&#8220;{}&#8220;][et_pb_heading title=&#8220;UNSER VERSPRECHEN:&#8220; _builder_version=&#8220;4.27.4&#8243; _module_preset=&#8220;c39fa6b3-0a06-495e-a6fc-8b4461c83e25&#8243; global_colors_info=&#8220;{}&#8220;][\/et_pb_heading][\/et_pb_column][\/et_pb_row][et_pb_row column_structure=&#8220;1_3,1_3,1_3&#8243; _builder_version=&#8220;4.27.4&#8243; _module_preset=&#8220;590494f5-273d-4918-8fad-f747462cc74b&#8220; global_colors_info=&#8220;{}&#8220;][et_pb_column type=&#8220;1_3&#8243; _builder_version=&#8220;4.25.2&#8243; _module_preset=&#8220;default&#8220; global_colors_info=&#8220;{}&#8220;][et_pb_blurb title=&#8220;TECHNIK DIE FUNKTIONIERT&#8220; use_icon=&#8220;on&#8220; font_icon=&#8220;&#xf7c4;||fa||900&#8243; image_icon_background_color=&#8220;#699546&#8243; _builder_version=&#8220;4.27.4&#8243; _module_preset=&#8220;d35926bf-fc4c-45f0-b472-9a84fe7bca89&#8243; header_font=&#8220;Arimo|600|||||||&#8220; body_font_size=&#8220;17px&#8220; custom_margin=&#8220;||20px||false|false&#8220; global_colors_info=&#8220;{%22gcid-2ebbc52c-9ee6-4712-a077-fcaec9b98540%22:%91%22body_quote_border_color%22,%22body_quote_text_color%22,%22link_text_color%22,%22quote_text_color%22,%22quote_border_color%22,%22body_link_text_color%22,%22body_quote_border_color%22,%22body_quote_text_color%22,%22link_text_color%22,%22quote_text_color%22,%22quote_border_color%22,%22body_link_text_color%22,%22body_quote_border_color%22,%22body_quote_text_color%22,%22link_text_color%22,%22quote_text_color%22,%22quote_border_color%22,%22body_link_text_color%22,%22body_quote_border_color%22,%22body_quote_text_color%22,%22link_text_color%22,%22quote_text_color%22,%22quote_border_color%22,%22body_link_text_color%22,%22body_quote_border_color%22,%22body_quote_border_color%22,%22body_quote_text_color%22,%22link_text_color%22,%22quote_text_color%22,%22quote_border_color%22%93}&#8220; image_icon_background_color__hover_enabled=&#8220;on|hover&#8220; image_icon_background_color__hover=&#8220;#2E2E2E&#8220;]<\/p>\n<p>Wir liefern L\u00f6sungen, die auf dem Feld bestehen. Von smarter Sensorik bis zu pr\u00e4ziser Steuerung \u2013 bei uns z\u00e4hlt, was in der Praxis zuverl\u00e4ssig l\u00e4uft.<\/p>\n<p>[\/et_pb_blurb][\/et_pb_column][et_pb_column type=&#8220;1_3&#8243; _builder_version=&#8220;4.25.2&#8243; _module_preset=&#8220;default&#8220; global_colors_info=&#8220;{}&#8220;][et_pb_blurb title=&#8220;WISSEN AUS ERFAHRUNG&#8220; use_icon=&#8220;on&#8220; font_icon=&#8220;&#xf722;||fa||900&#8243; image_icon_background_color=&#8220;#699546&#8243; _builder_version=&#8220;4.27.4&#8243; _module_preset=&#8220;d35926bf-fc4c-45f0-b472-9a84fe7bca89&#8243; header_font=&#8220;Arimo|700|||||||&#8220; body_font_size=&#8220;17px&#8220; custom_margin=&#8220;||20px||false|false&#8220; locked=&#8220;off&#8220; global_colors_info=&#8220;{%22gcid-2ebbc52c-9ee6-4712-a077-fcaec9b98540%22:%91%22body_quote_border_color%22,%22body_quote_text_color%22,%22link_text_color%22,%22quote_text_color%22,%22quote_border_color%22,%22body_link_text_color%22,%22body_quote_border_color%22,%22body_quote_text_color%22,%22link_text_color%22,%22quote_text_color%22,%22quote_border_color%22,%22body_link_text_color%22,%22body_quote_border_color%22,%22body_quote_text_color%22,%22link_text_color%22,%22quote_text_color%22,%22quote_border_color%22,%22body_link_text_color%22,%22body_quote_border_color%22,%22body_quote_text_color%22,%22link_text_color%22,%22quote_text_color%22,%22quote_border_color%22,%22body_link_text_color%22,%22body_quote_border_color%22,%22body_quote_border_color%22,%22body_quote_text_color%22,%22link_text_color%22,%22quote_text_color%22,%22quote_border_color%22,%22body_quote_border_color%22,%22body_quote_text_color%22,%22link_text_color%22,%22quote_text_color%22,%22quote_border_color%22,%22body_link_text_color%22,%22body_quote_border_color%22%93}&#8220; image_icon_background_color__hover_enabled=&#8220;on|hover&#8220; image_icon_background_color__hover=&#8220;#2E2E2E&#8220;]<\/p>\n<p>Wir kommen aus der Landwirtschaft und wissen, worauf es ankommt. Dieses Know-how flie\u00dft in jedes Produkt, jede Empfehlung und jeden Support.<\/p>\n<p>[\/et_pb_blurb][\/et_pb_column][et_pb_column type=&#8220;1_3&#8243; _builder_version=&#8220;4.25.2&#8243; _module_preset=&#8220;default&#8220; global_colors_info=&#8220;{}&#8220;][et_pb_blurb title=&#8220;GEMEINSAM BESSER WERDEN&#8220; use_icon=&#8220;on&#8220; font_icon=&#8220;&#xf2b5;||fa||900&#8243; image_icon_background_color=&#8220;#699546&#8243; _builder_version=&#8220;4.27.4&#8243; _module_preset=&#8220;d35926bf-fc4c-45f0-b472-9a84fe7bca89&#8243; header_font=&#8220;Arimo|700|||||||&#8220; body_font_size=&#8220;17px&#8220; custom_margin=&#8220;||20px||false|false&#8220; locked=&#8220;off&#8220; global_colors_info=&#8220;{%22gcid-2ebbc52c-9ee6-4712-a077-fcaec9b98540%22:%91%22body_quote_border_color%22,%22body_quote_text_color%22,%22link_text_color%22,%22quote_text_color%22,%22quote_border_color%22,%22body_link_text_color%22,%22body_quote_border_color%22,%22body_quote_text_color%22,%22link_text_color%22,%22quote_text_color%22,%22quote_border_color%22,%22body_link_text_color%22,%22body_quote_border_color%22,%22body_quote_border_color%22,%22body_quote_text_color%22,%22link_text_color%22,%22quote_text_color%22,%22quote_border_color%22,%22body_quote_border_color%22,%22body_quote_text_color%22,%22link_text_color%22,%22quote_text_color%22,%22quote_border_color%22,%22body_link_text_color%22,%22body_quote_border_color%22%93}&#8220; image_icon_background_color__hover_enabled=&#8220;on|hover&#8220; image_icon_background_color__hover=&#8220;#2E2E2E&#8220;]<\/p>\n<p>Wir sehen uns als Partner \u2013 nicht als Verk\u00e4ufer.\u00a0 \u00a0 Unser Ziel: Euch mit\u00a0 Tools, Daten und Ideen dabei zu\u00a0 unterst\u00fctzen, Landwirtschaft effizienter zu machen.<\/p>\n<p>[\/et_pb_blurb][\/et_pb_column][\/et_pb_row][\/et_pb_section]<\/p>\n","protected":false},"excerpt":{"rendered":"<p>Terraexact steht f\u00fcr modernste Technologien, praxisnahe L\u00f6sungen und echte Partnerschaft im Precision und Smart Farming. Als Gro\u00dfh\u00e4ndler b\u00fcndeln wir innovative Systeme, intelligente Datenl\u00f6sungen und zuverl\u00e4ssige Technik, um landwirtschaftliche Betriebe fit f\u00fcr die Zukunft zu machen.Unser Ziel: Euch dabei zu unterst\u00fctzen, Effizienz zu steigern, Ressourcen zu schonen und Ertr\u00e4ge nachhaltig zu sichern \u2013 exakt, digital und [&hellip;]<\/p>\n","protected":false},"author":3,"featured_media":0,"parent":0,"menu_order":0,"comment_status":"closed","ping_status":"closed","template":"","meta":{"_et_pb_use_builder":"on","_et_pb_old_content":"","_et_gb_content_width":"","footnotes":""},"class_list":["post-143","page","type-page","status-publish","hentry"],"yoast_head":"<!-- This site is optimized with the Yoast SEO plugin v26.6 - https:\/\/yoast.com\/wordpress\/plugins\/seo\/ -->\n<title>Wer sind wir - Terraexact<\/title>\n<meta name=\"description\" content=\"TerraExact ist aus einer Abteilung der D. Lankhorst &amp; Co GmbH entstanden und hat \u00fcber 15 Jahre Erfahrung im Bereich der Precision Farming\" \/>\n<meta name=\"robots\" content=\"index, follow, max-snippet:-1, max-image-preview:large, max-video-preview:-1\" \/>\n<link rel=\"canonical\" href=\"https:\/\/terraexact.de\/index.php\/wer-sind-wir\/\" \/>\n<meta property=\"og:locale\" content=\"de_DE\" \/>\n<meta property=\"og:type\" content=\"article\" \/>\n<meta property=\"og:title\" content=\"Wer sind wir - Terraexact\" \/>\n<meta property=\"og:description\" content=\"TerraExact ist aus einer Abteilung der D. Lankhorst &amp; Co GmbH entstanden und hat \u00fcber 15 Jahre Erfahrung im Bereich der Precision Farming\" \/>\n<meta property=\"og:url\" content=\"https:\/\/terraexact.de\/index.php\/wer-sind-wir\/\" \/>\n<meta property=\"og:site_name\" content=\"Terraexact\" \/>\n<meta property=\"article:modified_time\" content=\"2026-04-16T12:48:00+00:00\" \/>\n<meta name=\"twitter:card\" content=\"summary_large_image\" \/>\n<meta name=\"twitter:label1\" content=\"Gesch\u00e4tzte Lesezeit\" \/>\n\t<meta name=\"twitter:data1\" content=\"2\u00a0Minuten\" \/>\n<script type=\"application\/ld+json\" class=\"yoast-schema-graph\">{\"@context\":\"https:\/\/schema.org\",\"@graph\":[{\"@type\":\"WebPage\",\"@id\":\"https:\/\/terraexact.de\/index.php\/wer-sind-wir\/\",\"url\":\"https:\/\/terraexact.de\/index.php\/wer-sind-wir\/\",\"name\":\"Wer sind wir - Terraexact\",\"isPartOf\":{\"@id\":\"https:\/\/terraexact.de\/#website\"},\"datePublished\":\"2025-11-07T11:20:20+00:00\",\"dateModified\":\"2026-04-16T12:48:00+00:00\",\"description\":\"TerraExact ist aus einer Abteilung der D. Lankhorst & Co GmbH entstanden und hat \u00fcber 15 Jahre Erfahrung im Bereich der Precision Farming\",\"breadcrumb\":{\"@id\":\"https:\/\/terraexact.de\/index.php\/wer-sind-wir\/#breadcrumb\"},\"inLanguage\":\"de\",\"potentialAction\":[{\"@type\":\"ReadAction\",\"target\":[\"https:\/\/terraexact.de\/index.php\/wer-sind-wir\/\"]}]},{\"@type\":\"BreadcrumbList\",\"@id\":\"https:\/\/terraexact.de\/index.php\/wer-sind-wir\/#breadcrumb\",\"itemListElement\":[{\"@type\":\"ListItem\",\"position\":1,\"name\":\"Startseite\",\"item\":\"https:\/\/terraexact.de\/\"},{\"@type\":\"ListItem\",\"position\":2,\"name\":\"Wer sind wir\"}]},{\"@type\":\"WebSite\",\"@id\":\"https:\/\/terraexact.de\/#website\",\"url\":\"https:\/\/terraexact.de\/\",\"name\":\"Terraexact\",\"description\":\"\",\"potentialAction\":[{\"@type\":\"SearchAction\",\"target\":{\"@type\":\"EntryPoint\",\"urlTemplate\":\"https:\/\/terraexact.de\/?s={search_term_string}\"},\"query-input\":{\"@type\":\"PropertyValueSpecification\",\"valueRequired\":true,\"valueName\":\"search_term_string\"}}],\"inLanguage\":\"de\"}]}<\/script>\n<!-- \/ Yoast SEO plugin. -->","yoast_head_json":{"title":"Wer sind wir - Terraexact","description":"TerraExact ist aus einer Abteilung der D. Lankhorst & Co GmbH entstanden und hat \u00fcber 15 Jahre Erfahrung im Bereich der Precision Farming","robots":{"index":"index","follow":"follow","max-snippet":"max-snippet:-1","max-image-preview":"max-image-preview:large","max-video-preview":"max-video-preview:-1"},"canonical":"https:\/\/terraexact.de\/index.php\/wer-sind-wir\/","og_locale":"de_DE","og_type":"article","og_title":"Wer sind wir - Terraexact","og_description":"TerraExact ist aus einer Abteilung der D. Lankhorst & Co GmbH entstanden und hat \u00fcber 15 Jahre Erfahrung im Bereich der Precision Farming","og_url":"https:\/\/terraexact.de\/index.php\/wer-sind-wir\/","og_site_name":"Terraexact","article_modified_time":"2026-04-16T12:48:00+00:00","twitter_card":"summary_large_image","twitter_misc":{"Gesch\u00e4tzte Lesezeit":"2\u00a0Minuten"},"schema":{"@context":"https:\/\/schema.org","@graph":[{"@type":"WebPage","@id":"https:\/\/terraexact.de\/index.php\/wer-sind-wir\/","url":"https:\/\/terraexact.de\/index.php\/wer-sind-wir\/","name":"Wer sind wir - Terraexact","isPartOf":{"@id":"https:\/\/terraexact.de\/#website"},"datePublished":"2025-11-07T11:20:20+00:00","dateModified":"2026-04-16T12:48:00+00:00","description":"TerraExact ist aus einer Abteilung der D. Lankhorst & Co GmbH entstanden und hat \u00fcber 15 Jahre Erfahrung im Bereich der Precision Farming","breadcrumb":{"@id":"https:\/\/terraexact.de\/index.php\/wer-sind-wir\/#breadcrumb"},"inLanguage":"de","potentialAction":[{"@type":"ReadAction","target":["https:\/\/terraexact.de\/index.php\/wer-sind-wir\/"]}]},{"@type":"BreadcrumbList","@id":"https:\/\/terraexact.de\/index.php\/wer-sind-wir\/#breadcrumb","itemListElement":[{"@type":"ListItem","position":1,"name":"Startseite","item":"https:\/\/terraexact.de\/"},{"@type":"ListItem","position":2,"name":"Wer sind wir"}]},{"@type":"WebSite","@id":"https:\/\/terraexact.de\/#website","url":"https:\/\/terraexact.de\/","name":"Terraexact","description":"","potentialAction":[{"@type":"SearchAction","target":{"@type":"EntryPoint","urlTemplate":"https:\/\/terraexact.de\/?s={search_term_string}"},"query-input":{"@type":"PropertyValueSpecification","valueRequired":true,"valueName":"search_term_string"}}],"inLanguage":"de"}]}},"_links":{"self":[{"href":"https:\/\/terraexact.de\/index.php\/wp-json\/wp\/v2\/pages\/143","targetHints":{"allow":["GET"]}}],"collection":[{"href":"https:\/\/terraexact.de\/index.php\/wp-json\/wp\/v2\/pages"}],"about":[{"href":"https:\/\/terraexact.de\/index.php\/wp-json\/wp\/v2\/types\/page"}],"author":[{"embeddable":true,"href":"https:\/\/terraexact.de\/index.php\/wp-json\/wp\/v2\/users\/3"}],"replies":[{"embeddable":true,"href":"https:\/\/terraexact.de\/index.php\/wp-json\/wp\/v2\/comments?post=143"}],"version-history":[{"count":8,"href":"https:\/\/terraexact.de\/index.php\/wp-json\/wp\/v2\/pages\/143\/revisions"}],"predecessor-version":[{"id":777,"href":"https:\/\/terraexact.de\/index.php\/wp-json\/wp\/v2\/pages\/143\/revisions\/777"}],"wp:attachment":[{"href":"https:\/\/terraexact.de\/index.php\/wp-json\/wp\/v2\/media?parent=143"}],"curies":[{"name":"wp","href":"https:\/\/api.w.org\/{rel}","templated":true}]}}