{"id":100,"date":"2025-11-07T11:19:46","date_gmt":"2025-11-07T11:19:46","guid":{"rendered":"https:\/\/terraexact.de\/?page_id=100"},"modified":"2025-12-17T09:15:18","modified_gmt":"2025-12-17T09:15:18","slug":"kontaktangaben","status":"publish","type":"page","link":"https:\/\/terraexact.de\/index.php\/kontaktangaben\/","title":{"rendered":"Kontaktangaben"},"content":{"rendered":"<p>[et_pb_section fb_built=&#8220;1&#8243; custom_padding_last_edited=&#8220;on|phone&#8220; admin_label=&#8220;Header&#8220; module_id=&#8220;home&#8220; _builder_version=&#8220;4.27.4&#8243; _module_preset=&#8220;07f3c96a-1369-4b11-ac5a-b978b0f0c2fd&#8220; background_enable_color=&#8220;off&#8220; background_color_gradient_stops=&#8220;#2e2e2e 0%|rgba(0,0,0,0.3) 50%&#8220; background_image=&#8220;https:\/\/terraexact.de\/wp-content\/uploads\/2025\/11\/pexels-tomfisk-15951081-3-scaled.jpg&#8220; custom_padding=&#8220;11vw||0px||false|false&#8220; custom_padding_tablet=&#8220;20vw||0px||false|false&#8220; custom_padding_phone=&#8220;20vw||0px||false|false&#8220; global_colors_info=&#8220;{}&#8220;][et_pb_row _builder_version=&#8220;4.25.2&#8243; _module_preset=&#8220;590494f5-273d-4918-8fad-f747462cc74b&#8220; global_colors_info=&#8220;{}&#8220;][et_pb_column type=&#8220;4_4&#8243; _builder_version=&#8220;4.25.2&#8243; _module_preset=&#8220;default&#8220; global_colors_info=&#8220;{}&#8220;][et_pb_heading title=&#8220;MODERNSTE LANDWIRTSCHAFT&#8220; _builder_version=&#8220;4.27.4&#8243; _module_preset=&#8220;234943d4-4faa-4c9e-aa2b-a9aaef225627&#8243; title_text_color=&#8220;#FFFFFF&#8220; max_width=&#8220;1080px&#8220; global_colors_info=&#8220;{}&#8220;][\/et_pb_heading][et_pb_heading title=&#8220;BRING DEINEN BETRIEB AUF DAS N\u00c4CHSTE LEVEL &#8211; MIT UNSEREN L\u00d6SUNGEN F\u00dcR TRAKTOR, FELD UND B\u00dcRO&#8220; _builder_version=&#8220;4.27.4&#8243; _module_preset=&#8220;8fd6bf82-bf15-49d4-afdb-6cec23c6b397&#8243; title_text_color=&#8220;#FFFFFF&#8220; title_font_size=&#8220;20px&#8220; global_colors_info=&#8220;{}&#8220;][\/et_pb_heading][\/et_pb_column][\/et_pb_row][\/et_pb_section][et_pb_section fb_built=&#8220;1&#8243; _builder_version=&#8220;4.27.4&#8243; _module_preset=&#8220;default&#8220; background_color=&#8220;#f4f4f4&#8243; min_height=&#8220;320px&#8220; custom_margin=&#8220;||165px|||&#8220; custom_padding=&#8220;||18px|||&#8220; hover_enabled=&#8220;0&#8243; global_colors_info=&#8220;{}&#8220; sticky_enabled=&#8220;0&#8243;][et_pb_row _builder_version=&#8220;4.27.4&#8243; _module_preset=&#8220;default&#8220; global_colors_info=&#8220;{}&#8220;][et_pb_column type=&#8220;4_4&#8243; _builder_version=&#8220;4.27.4&#8243; _module_preset=&#8220;default&#8220; global_colors_info=&#8220;{}&#8220;][et_pb_image src=&#8220;https:\/\/terraexact.de\/wp-content\/uploads\/2025\/11\/Design-ohne-Titel-2025-11-07T144809.409.png&#8220; title_text=&#8220;Design ohne Titel &#8211; 2025-11-07T144809.409&#8243; align=&#8220;center&#8220; _builder_version=&#8220;4.27.4&#8243; _module_preset=&#8220;default&#8220; width=&#8220;60%&#8220; max_width=&#8220;100%&#8220; hover_transition_speed_curve=&#8220;ease-in&#8220; global_colors_info=&#8220;{}&#8220;][\/et_pb_image][\/et_pb_column][\/et_pb_row][\/et_pb_section][et_pb_section fb_built=&#8220;1&#8243; _builder_version=&#8220;4.27.4&#8243; _module_preset=&#8220;default&#8220; hover_enabled=&#8220;0&#8243; global_colors_info=&#8220;{}&#8220; sticky_enabled=&#8220;0&#8243; custom_margin=&#8220;-168px|||||&#8220; background_color=&#8220;#f4f4f4&#8243; custom_padding=&#8220;43px|||||&#8220;][et_pb_row _builder_version=&#8220;4.27.4&#8243; _module_preset=&#8220;default&#8220; global_colors_info=&#8220;{}&#8220;][et_pb_column type=&#8220;4_4&#8243; _builder_version=&#8220;4.27.4&#8243; _module_preset=&#8220;default&#8220; global_colors_info=&#8220;{}&#8220;][et_pb_heading title=&#8220;Kontaktformular&#8220; _builder_version=&#8220;4.27.4&#8243; _module_preset=&#8220;default&#8220; title_font=&#8220;Arimo|600|||||||&#8220; title_text_align=&#8220;center&#8220; title_font_size=&#8220;50px&#8220; global_colors_info=&#8220;{}&#8220;][\/et_pb_heading][\/et_pb_column][\/et_pb_row][et_pb_row _builder_version=&#8220;4.27.4&#8243; _module_preset=&#8220;default&#8220; global_colors_info=&#8220;{}&#8220;][et_pb_column type=&#8220;4_4&#8243; _builder_version=&#8220;4.27.4&#8243; _module_preset=&#8220;default&#8220; global_colors_info=&#8220;{}&#8220;][et_pb_text _builder_version=&#8220;4.27.4&#8243; _module_preset=&#8220;default&#8220; text_font=&#8220;DM Sans|500|||||||&#8220; text_font_size=&#8220;25px&#8220; text_orientation=&#8220;center&#8220; global_colors_info=&#8220;{}&#8220;]<\/p>\n<p>Demn\u00e4chst kannst du uns deine Kontaktdaten in einem Formular mitteilen. Aktuell sind wir nur unter <a href=\"mailto:info@terraexact.de\">info@terraexact.de<\/a> und den bekannten Telefonnummern zu erreichen.<\/p>\n<p>[\/et_pb_text][wpforms_selector form_id=&#8220;620&#8243; disabled_on=&#8220;on|on|on&#8220; _builder_version=&#8220;4.27.4&#8243; _module_preset=&#8220;default&#8220; disabled=&#8220;on&#8220; global_colors_info=&#8220;{}&#8220;][\/wpforms_selector][et_pb_button button_url=&#8220;https:\/\/terraexact.de\/index.php\/wer-sind-wir\/&#8220; button_text=&#8220;Zu den Telefonnummern&#8220; button_alignment=&#8220;center&#8220; _builder_version=&#8220;4.27.4&#8243; _module_preset=&#8220;default&#8220; custom_button=&#8220;on&#8220; button_text_size=&#8220;25px&#8220; button_text_color=&#8220;#699546&#8243; button_bg_enable_image=&#8220;off&#8220; button_border_width=&#8220;3px&#8220; button_border_color=&#8220;#699546&#8243; button_font=&#8220;DM Sans||||||||&#8220; button_rel=&#8220;off|off|off|off|off&#8220; global_colors_info=&#8220;{}&#8220;][\/et_pb_button][\/et_pb_column][\/et_pb_row][\/et_pb_section]<\/p>\n","protected":false},"excerpt":{"rendered":"<p>Demn\u00e4chst kannst du uns deine Kontaktdaten in einem Formular mitteilen. Aktuell sind wir nur unter info@terraexact.de und den bekannten Telefonnummern zu erreichen.<\/p>\n","protected":false},"author":3,"featured_media":0,"parent":0,"menu_order":0,"comment_status":"closed","ping_status":"closed","template":"","meta":{"_et_pb_use_builder":"on","_et_pb_old_content":"","_et_gb_content_width":"","footnotes":""},"class_list":["post-100","page","type-page","status-publish","hentry"],"yoast_head":"<!-- This site is optimized with the Yoast SEO plugin v26.6 - https:\/\/yoast.com\/wordpress\/plugins\/seo\/ -->\n<title>Kontaktangaben - Terraexact<\/title>\n<meta name=\"description\" content=\"Unser Team auf einen Blick. Lerne alle auf einen Blick kennen und nehme mit uns Kontakt auf. Unsere Telefonnummer: 05903 703090\" \/>\n<meta name=\"robots\" content=\"index, follow, max-snippet:-1, max-image-preview:large, max-video-preview:-1\" \/>\n<link rel=\"canonical\" href=\"https:\/\/terraexact.de\/index.php\/kontaktangaben\/\" \/>\n<meta property=\"og:locale\" content=\"de_DE\" \/>\n<meta property=\"og:type\" content=\"article\" \/>\n<meta property=\"og:title\" content=\"Kontaktangaben - Terraexact\" \/>\n<meta property=\"og:description\" content=\"Unser Team auf einen Blick. Lerne alle auf einen Blick kennen und nehme mit uns Kontakt auf. Unsere Telefonnummer: 05903 703090\" \/>\n<meta property=\"og:url\" content=\"https:\/\/terraexact.de\/index.php\/kontaktangaben\/\" \/>\n<meta property=\"og:site_name\" content=\"Terraexact\" \/>\n<meta property=\"article:modified_time\" content=\"2025-12-17T09:15:18+00:00\" \/>\n<meta name=\"twitter:card\" content=\"summary_large_image\" \/>\n<meta name=\"twitter:label1\" content=\"Gesch\u00e4tzte Lesezeit\" \/>\n\t<meta name=\"twitter:data1\" content=\"2\u00a0Minuten\" \/>\n<script type=\"application\/ld+json\" class=\"yoast-schema-graph\">{\"@context\":\"https:\/\/schema.org\",\"@graph\":[{\"@type\":\"WebPage\",\"@id\":\"https:\/\/terraexact.de\/index.php\/kontaktangaben\/\",\"url\":\"https:\/\/terraexact.de\/index.php\/kontaktangaben\/\",\"name\":\"Kontaktangaben - Terraexact\",\"isPartOf\":{\"@id\":\"https:\/\/terraexact.de\/#website\"},\"datePublished\":\"2025-11-07T11:19:46+00:00\",\"dateModified\":\"2025-12-17T09:15:18+00:00\",\"description\":\"Unser Team auf einen Blick. Lerne alle auf einen Blick kennen und nehme mit uns Kontakt auf. Unsere Telefonnummer: 05903 703090\",\"breadcrumb\":{\"@id\":\"https:\/\/terraexact.de\/index.php\/kontaktangaben\/#breadcrumb\"},\"inLanguage\":\"de\",\"potentialAction\":[{\"@type\":\"ReadAction\",\"target\":[\"https:\/\/terraexact.de\/index.php\/kontaktangaben\/\"]}]},{\"@type\":\"BreadcrumbList\",\"@id\":\"https:\/\/terraexact.de\/index.php\/kontaktangaben\/#breadcrumb\",\"itemListElement\":[{\"@type\":\"ListItem\",\"position\":1,\"name\":\"Startseite\",\"item\":\"https:\/\/terraexact.de\/\"},{\"@type\":\"ListItem\",\"position\":2,\"name\":\"Kontaktangaben\"}]},{\"@type\":\"WebSite\",\"@id\":\"https:\/\/terraexact.de\/#website\",\"url\":\"https:\/\/terraexact.de\/\",\"name\":\"Terraexact\",\"description\":\"\",\"potentialAction\":[{\"@type\":\"SearchAction\",\"target\":{\"@type\":\"EntryPoint\",\"urlTemplate\":\"https:\/\/terraexact.de\/?s={search_term_string}\"},\"query-input\":{\"@type\":\"PropertyValueSpecification\",\"valueRequired\":true,\"valueName\":\"search_term_string\"}}],\"inLanguage\":\"de\"}]}<\/script>\n<!-- \/ Yoast SEO plugin. -->","yoast_head_json":{"title":"Kontaktangaben - Terraexact","description":"Unser Team auf einen Blick. Lerne alle auf einen Blick kennen und nehme mit uns Kontakt auf. Unsere Telefonnummer: 05903 703090","robots":{"index":"index","follow":"follow","max-snippet":"max-snippet:-1","max-image-preview":"max-image-preview:large","max-video-preview":"max-video-preview:-1"},"canonical":"https:\/\/terraexact.de\/index.php\/kontaktangaben\/","og_locale":"de_DE","og_type":"article","og_title":"Kontaktangaben - Terraexact","og_description":"Unser Team auf einen Blick. Lerne alle auf einen Blick kennen und nehme mit uns Kontakt auf. Unsere Telefonnummer: 05903 703090","og_url":"https:\/\/terraexact.de\/index.php\/kontaktangaben\/","og_site_name":"Terraexact","article_modified_time":"2025-12-17T09:15:18+00:00","twitter_card":"summary_large_image","twitter_misc":{"Gesch\u00e4tzte Lesezeit":"2\u00a0Minuten"},"schema":{"@context":"https:\/\/schema.org","@graph":[{"@type":"WebPage","@id":"https:\/\/terraexact.de\/index.php\/kontaktangaben\/","url":"https:\/\/terraexact.de\/index.php\/kontaktangaben\/","name":"Kontaktangaben - Terraexact","isPartOf":{"@id":"https:\/\/terraexact.de\/#website"},"datePublished":"2025-11-07T11:19:46+00:00","dateModified":"2025-12-17T09:15:18+00:00","description":"Unser Team auf einen Blick. Lerne alle auf einen Blick kennen und nehme mit uns Kontakt auf. Unsere Telefonnummer: 05903 703090","breadcrumb":{"@id":"https:\/\/terraexact.de\/index.php\/kontaktangaben\/#breadcrumb"},"inLanguage":"de","potentialAction":[{"@type":"ReadAction","target":["https:\/\/terraexact.de\/index.php\/kontaktangaben\/"]}]},{"@type":"BreadcrumbList","@id":"https:\/\/terraexact.de\/index.php\/kontaktangaben\/#breadcrumb","itemListElement":[{"@type":"ListItem","position":1,"name":"Startseite","item":"https:\/\/terraexact.de\/"},{"@type":"ListItem","position":2,"name":"Kontaktangaben"}]},{"@type":"WebSite","@id":"https:\/\/terraexact.de\/#website","url":"https:\/\/terraexact.de\/","name":"Terraexact","description":"","potentialAction":[{"@type":"SearchAction","target":{"@type":"EntryPoint","urlTemplate":"https:\/\/terraexact.de\/?s={search_term_string}"},"query-input":{"@type":"PropertyValueSpecification","valueRequired":true,"valueName":"search_term_string"}}],"inLanguage":"de"}]}},"_links":{"self":[{"href":"https:\/\/terraexact.de\/index.php\/wp-json\/wp\/v2\/pages\/100","targetHints":{"allow":["GET"]}}],"collection":[{"href":"https:\/\/terraexact.de\/index.php\/wp-json\/wp\/v2\/pages"}],"about":[{"href":"https:\/\/terraexact.de\/index.php\/wp-json\/wp\/v2\/types\/page"}],"author":[{"embeddable":true,"href":"https:\/\/terraexact.de\/index.php\/wp-json\/wp\/v2\/users\/3"}],"replies":[{"embeddable":true,"href":"https:\/\/terraexact.de\/index.php\/wp-json\/wp\/v2\/comments?post=100"}],"version-history":[{"count":29,"href":"https:\/\/terraexact.de\/index.php\/wp-json\/wp\/v2\/pages\/100\/revisions"}],"predecessor-version":[{"id":775,"href":"https:\/\/terraexact.de\/index.php\/wp-json\/wp\/v2\/pages\/100\/revisions\/775"}],"wp:attachment":[{"href":"https:\/\/terraexact.de\/index.php\/wp-json\/wp\/v2\/media?parent=100"}],"curies":[{"name":"wp","href":"https:\/\/api.w.org\/{rel}","templated":true}]}}